{"id":78834,"date":"2023-06-14T09:12:42","date_gmt":"2023-06-14T08:12:42","guid":{"rendered":"https:\/\/whisky.ad\/product\/littlemill-1992-vintage\/"},"modified":"2023-06-14T09:12:42","modified_gmt":"2023-06-14T08:12:42","slug":"littlemill-1992-vintage","status":"publish","type":"product","link":"https:\/\/whisky.ad\/es\/producto\/littlemill-1992-vintage\/","title":{"rendered":"Littlemill 1992 Vintage"},"content":{"rendered":"","protected":false},"excerpt":{"rendered":"<p>Presentamos el Littlemill 1992 Vintage, un lanzamiento especial elaborado por el experto maestro mezclador Michael Henry. Para rendir homenaje al aut\u00e9ntico car\u00e1cter de la destiler\u00eda Littlemill original, se eligieron cuidadosamente tres barricas de 1992. Estas barricas capturan la esencia del legado de la destiler\u00eda: un esp\u00edritu delicado y floral que evoca el m\u00e9todo de triple destilaci\u00f3n adoptado durante la \u00e9poca de Duncan Thomas. Esta edici\u00f3n limitada consta de 300 botellas exquisitamente grabadas, cada una de ellas numerada individualmente para conmemorar su exclusividad.   <\/p>\n","protected":false},"featured_media":76766,"comment_status":"open","ping_status":"closed","template":"","meta":{"_acf_changed":false},"product_brand":[],"product_cat":[339,354],"product_tag":[],"class_list":{"0":"post-78834","1":"product","2":"type-product","3":"status-publish","4":"has-post-thumbnail","6":"product_cat-raro-y-coleccionable","7":"product_cat-whisky-by-brand","9":"first","10":"instock","11":"taxable","12":"shipping-taxable","13":"product-type-simple"},"acf":[],"aioseo_notices":[],"jetpack_sharing_enabled":true,"_links":{"self":[{"href":"https:\/\/whisky.ad\/es\/wp-json\/wp\/v2\/product\/78834","targetHints":{"allow":["GET"]}}],"collection":[{"href":"https:\/\/whisky.ad\/es\/wp-json\/wp\/v2\/product"}],"about":[{"href":"https:\/\/whisky.ad\/es\/wp-json\/wp\/v2\/types\/product"}],"replies":[{"embeddable":true,"href":"https:\/\/whisky.ad\/es\/wp-json\/wp\/v2\/comments?post=78834"}],"wp:featuredmedia":[{"embeddable":true,"href":"https:\/\/whisky.ad\/es\/wp-json\/wp\/v2\/media\/76766"}],"wp:attachment":[{"href":"https:\/\/whisky.ad\/es\/wp-json\/wp\/v2\/media?parent=78834"}],"wp:term":[{"taxonomy":"product_brand","embeddable":true,"href":"https:\/\/whisky.ad\/es\/wp-json\/wp\/v2\/product_brand?post=78834"},{"taxonomy":"product_cat","embeddable":true,"href":"https:\/\/whisky.ad\/es\/wp-json\/wp\/v2\/product_cat?post=78834"},{"taxonomy":"product_tag","embeddable":true,"href":"https:\/\/whisky.ad\/es\/wp-json\/wp\/v2\/product_tag?post=78834"}],"curies":[{"name":"wp","href":"https:\/\/api.w.org\/{rel}","templated":true}]}}