{"id":78831,"date":"2023-11-16T12:01:24","date_gmt":"2023-11-16T11:01:24","guid":{"rendered":"https:\/\/whisky.ad\/product\/lismore-highlands-21yo-single-malt-whiskyglenfarclas-0-7l-43\/"},"modified":"2023-12-11T11:59:41","modified_gmt":"2023-12-11T10:59:41","slug":"lismore-highlands-21yo-single-malt-whiskyglenfarclas-0-7l-43","status":"publish","type":"product","link":"https:\/\/whisky.ad\/es\/producto\/lismore-highlands-21yo-single-malt-whiskyglenfarclas-0-7l-43\/","title":{"rendered":"Lismore Highlands 21yo Single Malt Whisky(Glenfarclas) 0.7l 43%"},"content":{"rendered":"","protected":false},"excerpt":{"rendered":"<p>Whisky escoc\u00e9s de malta de 21 a\u00f1os de la gama Lismore. Procede de la destiler\u00eda de Glenfarclas, en la regi\u00f3n de Speyside: \u00a1una malta deliciosa! Notas de cata: Nariz: bollos de Chelsea, az\u00facar moreno y ligeros toques de roble con pimienta. Boca: Natillas, canela y fruta de Jerez. Naranja sanguina y pasas sultanas. Final: Dulce de vainilla y frutos secos. <\/p>\n","protected":false},"featured_media":79170,"comment_status":"open","ping_status":"closed","template":"","meta":{"_acf_changed":false},"product_brand":[],"product_cat":[354,448,319],"product_tag":[],"class_list":{"0":"post-78831","1":"product","2":"type-product","3":"status-publish","4":"has-post-thumbnail","6":"product_cat-whisky-by-brand","7":"product_cat-lismore-es","8":"product_cat-escocia-es","10":"first","11":"instock","12":"taxable","13":"shipping-taxable","14":"purchasable","15":"product-type-simple"},"acf":[],"aioseo_notices":[],"jetpack_sharing_enabled":true,"_links":{"self":[{"href":"https:\/\/whisky.ad\/es\/wp-json\/wp\/v2\/product\/78831","targetHints":{"allow":["GET"]}}],"collection":[{"href":"https:\/\/whisky.ad\/es\/wp-json\/wp\/v2\/product"}],"about":[{"href":"https:\/\/whisky.ad\/es\/wp-json\/wp\/v2\/types\/product"}],"replies":[{"embeddable":true,"href":"https:\/\/whisky.ad\/es\/wp-json\/wp\/v2\/comments?post=78831"}],"wp:featuredmedia":[{"embeddable":true,"href":"https:\/\/whisky.ad\/es\/wp-json\/wp\/v2\/media\/79170"}],"wp:attachment":[{"href":"https:\/\/whisky.ad\/es\/wp-json\/wp\/v2\/media?parent=78831"}],"wp:term":[{"taxonomy":"product_brand","embeddable":true,"href":"https:\/\/whisky.ad\/es\/wp-json\/wp\/v2\/product_brand?post=78831"},{"taxonomy":"product_cat","embeddable":true,"href":"https:\/\/whisky.ad\/es\/wp-json\/wp\/v2\/product_cat?post=78831"},{"taxonomy":"product_tag","embeddable":true,"href":"https:\/\/whisky.ad\/es\/wp-json\/wp\/v2\/product_tag?post=78831"}],"curies":[{"name":"wp","href":"https:\/\/api.w.org\/{rel}","templated":true}]}}