{"id":78828,"date":"2023-11-16T12:05:54","date_gmt":"2023-11-16T11:05:54","guid":{"rendered":"https:\/\/whisky.ad\/product\/lismore-highlands-12yo-single-malt-whiskyglenfarclas-0-7l-40\/"},"modified":"2023-12-11T11:30:11","modified_gmt":"2023-12-11T10:30:11","slug":"lismore-highlands-12yo-single-malt-whiskyglenfarclas-0-7l-40","status":"publish","type":"product","link":"https:\/\/whisky.ad\/es\/producto\/lismore-highlands-12yo-single-malt-whiskyglenfarclas-0-7l-40\/","title":{"rendered":"Lismore Highlands 12yo Single Malt Whisky(Glenfarclas) 0.7l 40%"},"content":{"rendered":"","protected":false},"excerpt":{"rendered":"<p>Un sabroso single malt de 12 a\u00f1os de la destiler\u00eda escocesa de Glenfarclas, en Speyside, embotellado para la gama Lismore. Notas de cata Nariz: Herb\u00e1ceo y herb\u00e1ceo, con una nota subyacente de vaina de vainilla. Boca: Az\u00facar quemado y granos de caf\u00e9. Un ligero toque de las notas herb\u00e1ceas antes mencionadas. Final: Fuerte sabor a malta y az\u00facar de cebada.<\/p>\n","protected":false},"featured_media":79157,"comment_status":"open","ping_status":"closed","template":"","meta":{"_acf_changed":false},"product_brand":[],"product_cat":[319,448],"product_tag":[],"class_list":{"0":"post-78828","1":"product","2":"type-product","3":"status-publish","4":"has-post-thumbnail","6":"product_cat-escocia-es","7":"product_cat-lismore-es","9":"first","10":"instock","11":"taxable","12":"shipping-taxable","13":"purchasable","14":"product-type-simple"},"acf":[],"aioseo_notices":[],"jetpack_sharing_enabled":true,"_links":{"self":[{"href":"https:\/\/whisky.ad\/es\/wp-json\/wp\/v2\/product\/78828","targetHints":{"allow":["GET"]}}],"collection":[{"href":"https:\/\/whisky.ad\/es\/wp-json\/wp\/v2\/product"}],"about":[{"href":"https:\/\/whisky.ad\/es\/wp-json\/wp\/v2\/types\/product"}],"replies":[{"embeddable":true,"href":"https:\/\/whisky.ad\/es\/wp-json\/wp\/v2\/comments?post=78828"}],"wp:featuredmedia":[{"embeddable":true,"href":"https:\/\/whisky.ad\/es\/wp-json\/wp\/v2\/media\/79157"}],"wp:attachment":[{"href":"https:\/\/whisky.ad\/es\/wp-json\/wp\/v2\/media?parent=78828"}],"wp:term":[{"taxonomy":"product_brand","embeddable":true,"href":"https:\/\/whisky.ad\/es\/wp-json\/wp\/v2\/product_brand?post=78828"},{"taxonomy":"product_cat","embeddable":true,"href":"https:\/\/whisky.ad\/es\/wp-json\/wp\/v2\/product_cat?post=78828"},{"taxonomy":"product_tag","embeddable":true,"href":"https:\/\/whisky.ad\/es\/wp-json\/wp\/v2\/product_tag?post=78828"}],"curies":[{"name":"wp","href":"https:\/\/api.w.org\/{rel}","templated":true}]}}