{"id":78821,"date":"2023-11-16T12:16:33","date_gmt":"2023-11-16T11:16:33","guid":{"rendered":"https:\/\/whisky.ad\/product\/lismore-8yo-special-reserve-whisky-0-7l-40\/"},"modified":"2023-12-11T11:19:20","modified_gmt":"2023-12-11T10:19:20","slug":"lismore-8yo-special-reserve-whisky-0-7l-40","status":"publish","type":"product","link":"https:\/\/whisky.ad\/es\/producto\/lismore-8yo-special-reserve-whisky-0-7l-40\/","title":{"rendered":"Lismore 8yo Special Reserve Whisky 0.7l 40%"},"content":{"rendered":"","protected":false},"excerpt":{"rendered":"<p>Lismore 8yo Special Bottling Whisky escoc\u00e9s blended de 8 a\u00f1os de la gama Lismore. Con una buena relaci\u00f3n calidad-precio, estos whiskies Lismore&#8230; Notas de cata Nariz: Caramelo, canela y un n\u00facleo de malta tostada. Boca: Canela y az\u00facar quemado, con un toque de Jerez tambi\u00e9n. Final: Pimienta blanca y helado de vainilla.<\/p>\n","protected":false},"featured_media":79178,"comment_status":"open","ping_status":"closed","template":"","meta":{"_acf_changed":false},"product_brand":[],"product_cat":[319,354,448],"product_tag":[],"class_list":{"0":"post-78821","1":"product","2":"type-product","3":"status-publish","4":"has-post-thumbnail","6":"product_cat-escocia-es","7":"product_cat-whisky-by-brand","8":"product_cat-lismore-es","10":"first","11":"instock","12":"taxable","13":"shipping-taxable","14":"purchasable","15":"product-type-simple"},"acf":[],"aioseo_notices":[],"jetpack_sharing_enabled":true,"_links":{"self":[{"href":"https:\/\/whisky.ad\/es\/wp-json\/wp\/v2\/product\/78821","targetHints":{"allow":["GET"]}}],"collection":[{"href":"https:\/\/whisky.ad\/es\/wp-json\/wp\/v2\/product"}],"about":[{"href":"https:\/\/whisky.ad\/es\/wp-json\/wp\/v2\/types\/product"}],"replies":[{"embeddable":true,"href":"https:\/\/whisky.ad\/es\/wp-json\/wp\/v2\/comments?post=78821"}],"wp:featuredmedia":[{"embeddable":true,"href":"https:\/\/whisky.ad\/es\/wp-json\/wp\/v2\/media\/79178"}],"wp:attachment":[{"href":"https:\/\/whisky.ad\/es\/wp-json\/wp\/v2\/media?parent=78821"}],"wp:term":[{"taxonomy":"product_brand","embeddable":true,"href":"https:\/\/whisky.ad\/es\/wp-json\/wp\/v2\/product_brand?post=78821"},{"taxonomy":"product_cat","embeddable":true,"href":"https:\/\/whisky.ad\/es\/wp-json\/wp\/v2\/product_cat?post=78821"},{"taxonomy":"product_tag","embeddable":true,"href":"https:\/\/whisky.ad\/es\/wp-json\/wp\/v2\/product_tag?post=78821"}],"curies":[{"name":"wp","href":"https:\/\/api.w.org\/{rel}","templated":true}]}}