{"id":78819,"date":"2023-11-16T12:15:06","date_gmt":"2023-11-16T11:15:06","guid":{"rendered":"https:\/\/whisky.ad\/product\/lismore-18yo-special-reserve-whisky-0-7l-40\/"},"modified":"2023-12-11T12:07:35","modified_gmt":"2023-12-11T11:07:35","slug":"lismore-18yo-special-reserve-whisky-0-7l-40","status":"publish","type":"product","link":"https:\/\/whisky.ad\/es\/producto\/lismore-18yo-special-reserve-whisky-0-7l-40\/","title":{"rendered":"Lismore 18yo Special Reserve Whisky 0.7l 40%"},"content":{"rendered":"","protected":false},"excerpt":{"rendered":"<p>Whisky escoc\u00e9s de mezcla de 18 a\u00f1os de Lismore. Los embotellados anteriores de Lismore han sido whiskies de malta de la destiler\u00eda Glenfarclas, pero su Special Reserve 18 a\u00f1os es una mezcla (tambi\u00e9n elaborada con whiskies de Glenfarclas) Notas de cata: Nariz: Roble tostado, pasas sultanas y una pizca de clavo. Boca: Canela y m\u00e1s pasas sultanas, ahora acompa\u00f1adas de toffee y chocolate. Final: Toque de grano de caf\u00e9 y Oloroso. <\/p>\n","protected":false},"featured_media":79182,"comment_status":"open","ping_status":"closed","template":"","meta":{"_acf_changed":false},"product_brand":[],"product_cat":[319,354,448],"product_tag":[],"class_list":{"0":"post-78819","1":"product","2":"type-product","3":"status-publish","4":"has-post-thumbnail","6":"product_cat-escocia-es","7":"product_cat-whisky-by-brand","8":"product_cat-lismore-es","10":"first","11":"instock","12":"purchasable","13":"product-type-simple"},"acf":[],"aioseo_notices":[],"jetpack_sharing_enabled":true,"_links":{"self":[{"href":"https:\/\/whisky.ad\/es\/wp-json\/wp\/v2\/product\/78819","targetHints":{"allow":["GET"]}}],"collection":[{"href":"https:\/\/whisky.ad\/es\/wp-json\/wp\/v2\/product"}],"about":[{"href":"https:\/\/whisky.ad\/es\/wp-json\/wp\/v2\/types\/product"}],"replies":[{"embeddable":true,"href":"https:\/\/whisky.ad\/es\/wp-json\/wp\/v2\/comments?post=78819"}],"wp:featuredmedia":[{"embeddable":true,"href":"https:\/\/whisky.ad\/es\/wp-json\/wp\/v2\/media\/79182"}],"wp:attachment":[{"href":"https:\/\/whisky.ad\/es\/wp-json\/wp\/v2\/media?parent=78819"}],"wp:term":[{"taxonomy":"product_brand","embeddable":true,"href":"https:\/\/whisky.ad\/es\/wp-json\/wp\/v2\/product_brand?post=78819"},{"taxonomy":"product_cat","embeddable":true,"href":"https:\/\/whisky.ad\/es\/wp-json\/wp\/v2\/product_cat?post=78819"},{"taxonomy":"product_tag","embeddable":true,"href":"https:\/\/whisky.ad\/es\/wp-json\/wp\/v2\/product_tag?post=78819"}],"curies":[{"name":"wp","href":"https:\/\/api.w.org\/{rel}","templated":true}]}}