{"id":78816,"date":"2023-11-16T12:16:01","date_gmt":"2023-11-16T11:16:01","guid":{"rendered":"https:\/\/whisky.ad\/product\/lismore-12yo-special-reserve-whisky-0-7l-40\/"},"modified":"2023-12-11T11:15:27","modified_gmt":"2023-12-11T10:15:27","slug":"lismore-12yo-special-reserve-whisky-0-7l-40","status":"publish","type":"product","link":"https:\/\/whisky.ad\/es\/producto\/lismore-12yo-special-reserve-whisky-0-7l-40\/","title":{"rendered":"Lismore 12yo Special Reserve Whisky 0.7l 40%"},"content":{"rendered":"","protected":false},"excerpt":{"rendered":"<p>Whisky escoc\u00e9s blended de 12 a\u00f1os, embotellado como parte de la extensa selecci\u00f3n de Lismore. Buena relaci\u00f3n calidad-precio, estas expresiones&#8230; Notas de cata: Nariz: Frutos secos, bastante malta, una pizca de cacao. Boca: Panal de miel, manzana caramelizada y algunas especias picantes. Final: El dulzor afrutado persiste en el final durante bastante tiempo. <\/p>\n","protected":false},"featured_media":79174,"comment_status":"open","ping_status":"closed","template":"","meta":{"_acf_changed":false},"product_brand":[],"product_cat":[319,354,448],"product_tag":[],"class_list":{"0":"post-78816","1":"product","2":"type-product","3":"status-publish","4":"has-post-thumbnail","6":"product_cat-escocia-es","7":"product_cat-whisky-by-brand","8":"product_cat-lismore-es","10":"first","11":"instock","12":"taxable","13":"shipping-taxable","14":"purchasable","15":"product-type-simple"},"acf":[],"aioseo_notices":[],"jetpack_sharing_enabled":true,"_links":{"self":[{"href":"https:\/\/whisky.ad\/es\/wp-json\/wp\/v2\/product\/78816","targetHints":{"allow":["GET"]}}],"collection":[{"href":"https:\/\/whisky.ad\/es\/wp-json\/wp\/v2\/product"}],"about":[{"href":"https:\/\/whisky.ad\/es\/wp-json\/wp\/v2\/types\/product"}],"replies":[{"embeddable":true,"href":"https:\/\/whisky.ad\/es\/wp-json\/wp\/v2\/comments?post=78816"}],"wp:featuredmedia":[{"embeddable":true,"href":"https:\/\/whisky.ad\/es\/wp-json\/wp\/v2\/media\/79174"}],"wp:attachment":[{"href":"https:\/\/whisky.ad\/es\/wp-json\/wp\/v2\/media?parent=78816"}],"wp:term":[{"taxonomy":"product_brand","embeddable":true,"href":"https:\/\/whisky.ad\/es\/wp-json\/wp\/v2\/product_brand?post=78816"},{"taxonomy":"product_cat","embeddable":true,"href":"https:\/\/whisky.ad\/es\/wp-json\/wp\/v2\/product_cat?post=78816"},{"taxonomy":"product_tag","embeddable":true,"href":"https:\/\/whisky.ad\/es\/wp-json\/wp\/v2\/product_tag?post=78816"}],"curies":[{"name":"wp","href":"https:\/\/api.w.org\/{rel}","templated":true}]}}