{"id":78813,"date":"2023-12-09T15:32:20","date_gmt":"2023-12-09T14:32:20","guid":{"rendered":"https:\/\/whisky.ad\/product\/bladnoch-the-samhla-collection-the-prior\/"},"modified":"2024-01-05T12:07:05","modified_gmt":"2024-01-05T11:07:05","slug":"bladnoch-the-samhla-collection-the-prior","status":"publish","type":"product","link":"https:\/\/whisky.ad\/es\/producto\/bladnoch-the-samhla-collection-the-prior\/","title":{"rendered":"Bladnoch the Samhla Collection: The Prior"},"content":{"rendered":"","protected":false},"excerpt":{"rendered":"<h5>Precio y disponibilidad seg\u00fan demanda<\/h5>\n<p>https:\/\/whisky.ad\/contact\/<\/p>\n<div class=\"simple-text\">\n<p>Como homenaje a nuestro cap\u00edtulo actual, la a\u00f1ada 1990 surge de una extraordinaria bota de Pedro Xim\u00e9nez, elaborada con roble espa\u00f1ol. Destilado en 1990, este a\u00f1o marc\u00f3 el inicio del viaje empresarial de David Prior, que finalmente le llev\u00f3 al papel actual como custodio de nuestra preciada destiler\u00eda escocesa. Al asumir la propiedad en 2015, David imagin\u00f3 la revitalizaci\u00f3n de la destiler\u00eda como n\u00facleo de la comunidad local. Nuestros logros reflejan su liderazgo visionario, guiando al equipo a trav\u00e9s de las pruebas y sentando las bases del pr\u00f3spero establecimiento que apreciamos hoy en d\u00eda. <\/p>\n<\/div>\n<ul>\n<li>\n<h5>NARIZ\/AROMA<\/h5>\n<p>Rico con palitos de regaliz, albaricoques secos y d\u00e1tiles oscuros.<\/li>\n<li>\n<h5>GUSTO\/PALADAR<\/h5>\n<p>D\u00e1tiles oscuros con almendras y clavo sutil.<\/li>\n<li>\n<h5>FINALIZAR<\/h5>\n<p>Largo y viscoso con un ligero sabor a pimienta.<\/li>\n<\/ul>\n","protected":false},"featured_media":79141,"comment_status":"open","ping_status":"closed","template":"","meta":{"_acf_changed":false},"product_brand":[],"product_cat":[339,513,630,319,320],"product_tag":[],"class_list":{"0":"post-78813","1":"product","2":"type-product","3":"status-publish","4":"has-post-thumbnail","6":"product_cat-raro-y-coleccionable","7":"product_cat-the-samhla-collection-es","8":"product_cat-lowland-es","9":"product_cat-escocia-es","10":"product_cat-bladnoch-es","12":"first","13":"instock","14":"taxable","15":"shipping-taxable","16":"purchasable","17":"product-type-simple"},"acf":[],"aioseo_notices":[],"jetpack_sharing_enabled":true,"_links":{"self":[{"href":"https:\/\/whisky.ad\/es\/wp-json\/wp\/v2\/product\/78813","targetHints":{"allow":["GET"]}}],"collection":[{"href":"https:\/\/whisky.ad\/es\/wp-json\/wp\/v2\/product"}],"about":[{"href":"https:\/\/whisky.ad\/es\/wp-json\/wp\/v2\/types\/product"}],"replies":[{"embeddable":true,"href":"https:\/\/whisky.ad\/es\/wp-json\/wp\/v2\/comments?post=78813"}],"wp:featuredmedia":[{"embeddable":true,"href":"https:\/\/whisky.ad\/es\/wp-json\/wp\/v2\/media\/79141"}],"wp:attachment":[{"href":"https:\/\/whisky.ad\/es\/wp-json\/wp\/v2\/media?parent=78813"}],"wp:term":[{"taxonomy":"product_brand","embeddable":true,"href":"https:\/\/whisky.ad\/es\/wp-json\/wp\/v2\/product_brand?post=78813"},{"taxonomy":"product_cat","embeddable":true,"href":"https:\/\/whisky.ad\/es\/wp-json\/wp\/v2\/product_cat?post=78813"},{"taxonomy":"product_tag","embeddable":true,"href":"https:\/\/whisky.ad\/es\/wp-json\/wp\/v2\/product_tag?post=78813"}],"curies":[{"name":"wp","href":"https:\/\/api.w.org\/{rel}","templated":true}]}}