{"id":78810,"date":"2023-12-09T15:33:44","date_gmt":"2023-12-09T14:33:44","guid":{"rendered":"https:\/\/whisky.ad\/product\/bladnoch-the-samhla-collection-the-sage\/"},"modified":"2024-01-05T11:59:19","modified_gmt":"2024-01-05T10:59:19","slug":"bladnoch-the-samhla-collection-the-sage","status":"publish","type":"product","link":"https:\/\/whisky.ad\/es\/producto\/bladnoch-the-samhla-collection-the-sage\/","title":{"rendered":"Bladnoch the Samhla Collection: The Sage"},"content":{"rendered":"","protected":false},"excerpt":{"rendered":"<h5>Precio y disponibilidad seg\u00fan demanda<\/h5>\n<div class=\"simple-text\">\n<p>https:\/\/whisky.ad\/contact\/<\/p>\n<p>Representando nuestro futuro, este whisky se extrajo de dos perfectas American Oak Red Wine Hogsheads destiladas en 2008, el a\u00f1o en que naci\u00f3 Sage, la hija de David Prior. Cuando elaboramos whisky pensamos en el futuro, asegur\u00e1ndonos de que nuestros whiskies sean sostenibles durante d\u00e9cadas. En nuestros almacenes depositamos barricas innovadoras de la m\u00e1s alta calidad, para que un d\u00eda podamos entregar un &#8220;cofre del tesoro&#8221; de whisky a la siguiente generaci\u00f3n. No conocemos el mundo que heredar\u00e1n dentro de unas d\u00e9cadas, pero nos esforzamos por proporcionarles todo lo que necesitar\u00e1n para tener \u00e9xito en su propio viaje. <\/p>\n<\/div>\n<ul>\n<li>\n<h5>NARIZ\/AROMA<\/h5>\n<p>Hierbas florales con cerezas negras recubiertas de chocolate, toques de canela en rama y miel.<\/li>\n<li>\n<h5>GUSTO\/PALADAR<\/h5>\n<p>Cerezas negras, con mermelada de fresa y pimienta negra molida.<\/li>\n<li>\n<h5>FINALIZAR<\/h5>\n<p>Afrutado con calidez de pimienta negra.<\/li>\n<\/ul>\n","protected":false},"featured_media":81033,"comment_status":"open","ping_status":"closed","template":"","meta":{"_acf_changed":false},"product_brand":[],"product_cat":[319,320,339,513,630],"product_tag":[],"class_list":{"0":"post-78810","1":"product","2":"type-product","3":"status-publish","4":"has-post-thumbnail","6":"product_cat-escocia-es","7":"product_cat-bladnoch-es","8":"product_cat-raro-y-coleccionable","9":"product_cat-the-samhla-collection-es","10":"product_cat-lowland-es","12":"first","13":"instock","14":"taxable","15":"shipping-taxable","16":"purchasable","17":"product-type-simple"},"acf":[],"aioseo_notices":[],"jetpack_sharing_enabled":true,"_links":{"self":[{"href":"https:\/\/whisky.ad\/es\/wp-json\/wp\/v2\/product\/78810","targetHints":{"allow":["GET"]}}],"collection":[{"href":"https:\/\/whisky.ad\/es\/wp-json\/wp\/v2\/product"}],"about":[{"href":"https:\/\/whisky.ad\/es\/wp-json\/wp\/v2\/types\/product"}],"replies":[{"embeddable":true,"href":"https:\/\/whisky.ad\/es\/wp-json\/wp\/v2\/comments?post=78810"}],"wp:featuredmedia":[{"embeddable":true,"href":"https:\/\/whisky.ad\/es\/wp-json\/wp\/v2\/media\/81033"}],"wp:attachment":[{"href":"https:\/\/whisky.ad\/es\/wp-json\/wp\/v2\/media?parent=78810"}],"wp:term":[{"taxonomy":"product_brand","embeddable":true,"href":"https:\/\/whisky.ad\/es\/wp-json\/wp\/v2\/product_brand?post=78810"},{"taxonomy":"product_cat","embeddable":true,"href":"https:\/\/whisky.ad\/es\/wp-json\/wp\/v2\/product_cat?post=78810"},{"taxonomy":"product_tag","embeddable":true,"href":"https:\/\/whisky.ad\/es\/wp-json\/wp\/v2\/product_tag?post=78810"}],"curies":[{"name":"wp","href":"https:\/\/api.w.org\/{rel}","templated":true}]}}