{"id":78775,"date":"2023-07-29T18:42:17","date_gmt":"2023-07-29T17:42:17","guid":{"rendered":"https:\/\/whisky.ad\/product\/les-vieilles-vignes-rouge-2016075l-145\/"},"modified":"2024-01-12T11:19:07","modified_gmt":"2024-01-12T10:19:07","slug":"les-vieilles-vignes-rouge-2016075l-145","status":"publish","type":"product","link":"https:\/\/whisky.ad\/es\/producto\/les-vieilles-vignes-rouge-2016075l-145\/","title":{"rendered":"Les Vieilles Vignes rouge 20160,75L. 14,5%"},"content":{"rendered":"<div class=\"flex flex-grow flex-col gap-3\">\n<div class=\"min-h-[20px] flex items-start overflow-x-auto whitespace-pre-wrap break-words flex-col gap-4\">\n<div class=\"markdown prose w-full break-words dark:prose-invert light\">\n<p>Elaborado por la bodega Plaimont, Saint Mont Les Vieilles Vignes 2016 es un vino tinto robusto y seco, con una mezcla de gran cuerpo de Tannat, Pinenc y Cabernet Sauvignon. En el paladar, deleita con un perfil rico y audaz, mostrando intensos frutos negros oscuros, sabrosas hierbas y especias profundas. Esta experiencia de sabor concentrado ofrece un valor excelente a los entusiastas del vino. Acomp\u00e1\u00f1elo armoniosamente con un suculento jabal\u00ed a la barbacoa. Maridaje: Este vers\u00e1til vino complementa los asados de caza, el pato asado y el cl\u00e1sico plato franc\u00e9s Coq au Vin, realzando el viaje culinario con su sabroso car\u00e1cter.   <\/p>\n<\/div>\n<\/div>\n<\/div>\n","protected":false},"excerpt":{"rendered":"<div class=\"flex flex-grow flex-col gap-3\">\n<div class=\"min-h-[20px] flex items-start overflow-x-auto whitespace-pre-wrap break-words flex-col gap-4\">\n<div class=\"markdown prose w-full break-words dark:prose-invert light\">\n<p>Elaborado por la bodega Plaimont, Saint Mont Les Vieilles Vignes 2016 es un vino tinto robusto y seco, con una mezcla de gran cuerpo de Tannat, Pinenc y Cabernet Sauvignon. En el paladar, deleita con un perfil rico y audaz, mostrando intensos frutos negros oscuros, sabrosas hierbas y especias profundas. Esta experiencia de sabor concentrado ofrece un valor excelente a los entusiastas del vino. Acomp\u00e1\u00f1elo armoniosamente con un suculento jabal\u00ed a la barbacoa. Maridaje: Este vers\u00e1til vino complementa los asados de caza, el pato asado y el cl\u00e1sico plato franc\u00e9s Coq au Vin, realzando el viaje culinario con su sabroso car\u00e1cter.   <\/p>\n<\/div>\n<\/div>\n<\/div>\n","protected":false},"featured_media":76955,"comment_status":"open","ping_status":"closed","template":"","meta":{"_acf_changed":false},"product_brand":[],"product_cat":[387,510],"product_tag":[],"class_list":{"0":"post-78775","1":"product","2":"type-product","3":"status-publish","4":"has-post-thumbnail","6":"product_cat-vino-es","7":"product_cat-saint-mont-es","9":"first","10":"instock","11":"taxable","12":"shipping-taxable","13":"product-type-simple"},"acf":[],"aioseo_notices":[],"jetpack_sharing_enabled":true,"_links":{"self":[{"href":"https:\/\/whisky.ad\/es\/wp-json\/wp\/v2\/product\/78775","targetHints":{"allow":["GET"]}}],"collection":[{"href":"https:\/\/whisky.ad\/es\/wp-json\/wp\/v2\/product"}],"about":[{"href":"https:\/\/whisky.ad\/es\/wp-json\/wp\/v2\/types\/product"}],"replies":[{"embeddable":true,"href":"https:\/\/whisky.ad\/es\/wp-json\/wp\/v2\/comments?post=78775"}],"wp:featuredmedia":[{"embeddable":true,"href":"https:\/\/whisky.ad\/es\/wp-json\/wp\/v2\/media\/76955"}],"wp:attachment":[{"href":"https:\/\/whisky.ad\/es\/wp-json\/wp\/v2\/media?parent=78775"}],"wp:term":[{"taxonomy":"product_brand","embeddable":true,"href":"https:\/\/whisky.ad\/es\/wp-json\/wp\/v2\/product_brand?post=78775"},{"taxonomy":"product_cat","embeddable":true,"href":"https:\/\/whisky.ad\/es\/wp-json\/wp\/v2\/product_cat?post=78775"},{"taxonomy":"product_tag","embeddable":true,"href":"https:\/\/whisky.ad\/es\/wp-json\/wp\/v2\/product_tag?post=78775"}],"curies":[{"name":"wp","href":"https:\/\/api.w.org\/{rel}","templated":true}]}}