{"id":78768,"date":"2023-07-24T16:52:39","date_gmt":"2023-07-24T15:52:39","guid":{"rendered":"https:\/\/whisky.ad\/product\/kyoto-miyako-murasaki-obi-black-belt-43-70cl\/"},"modified":"2023-07-24T16:52:39","modified_gmt":"2023-07-24T15:52:39","slug":"kyoto-miyako-murasaki-obi-black-belt-43-70cl","status":"publish","type":"product","link":"https:\/\/whisky.ad\/es\/producto\/kyoto-miyako-murasaki-obi-black-belt-43-70cl\/","title":{"rendered":"Kyoto Miyako \u2013 Murasaki OBI Black Belt \u2013 43\u00b0 \u2013 70cL"},"content":{"rendered":"","protected":false},"excerpt":{"rendered":"<p>Un aut\u00e9ntico whisky tipo bourbon envejecido en barricas de roble americano, mezclado con malta cuidadosamente seleccionada y acabado en barricas de bourbon. Notas de cata:<\/p>\n<ul>\n<li>Nariz: Vainilla<\/li>\n<li>En boca: Vainilla y notas afrutadas<\/li>\n<li>Final: Largo y persistente<\/li>\n<\/ul>\n<p>La Destiler\u00eda Kyoto Miyako es la primera destiler\u00eda de whisky de Kioto. Est\u00e1 situada en Kyotamba-Cho, rodeada de una hermosa naturaleza. Se utilizan dos tipos de alambiques: uno con cuello de cisne alargado y otro m\u00e1s corto y redondeado. El modelo m\u00e1s redondeado produce un aguardiente con un sabor relativamente atrevido, mientras que el modelo abombado produce un aguardiente delicioso y de sabor suave. El uso de diferentes formas de alambique permite obtener una amplia gama de sabores de whisky. Al estar rodeado de monta\u00f1as como el monte Chorogatake, existe una importante diferencia de temperatura entre el d\u00eda y la noche, lo que acelera el proceso de envejecimiento del whisky, un paso esencial en su elaboraci\u00f3n.     <\/p>\n","protected":false},"featured_media":76892,"comment_status":"open","ping_status":"closed","template":"","meta":{"_acf_changed":false},"product_brand":[],"product_cat":[354,444,507],"product_tag":[],"class_list":{"0":"post-78768","1":"product","2":"type-product","3":"status-publish","4":"has-post-thumbnail","6":"product_cat-whisky-by-brand","7":"product_cat-kyoto-es","8":"product_cat-japan-es","10":"first","11":"instock","12":"taxable","13":"shipping-taxable","14":"purchasable","15":"product-type-simple"},"acf":[],"aioseo_notices":[],"jetpack_sharing_enabled":true,"_links":{"self":[{"href":"https:\/\/whisky.ad\/es\/wp-json\/wp\/v2\/product\/78768","targetHints":{"allow":["GET"]}}],"collection":[{"href":"https:\/\/whisky.ad\/es\/wp-json\/wp\/v2\/product"}],"about":[{"href":"https:\/\/whisky.ad\/es\/wp-json\/wp\/v2\/types\/product"}],"replies":[{"embeddable":true,"href":"https:\/\/whisky.ad\/es\/wp-json\/wp\/v2\/comments?post=78768"}],"wp:featuredmedia":[{"embeddable":true,"href":"https:\/\/whisky.ad\/es\/wp-json\/wp\/v2\/media\/76892"}],"wp:attachment":[{"href":"https:\/\/whisky.ad\/es\/wp-json\/wp\/v2\/media?parent=78768"}],"wp:term":[{"taxonomy":"product_brand","embeddable":true,"href":"https:\/\/whisky.ad\/es\/wp-json\/wp\/v2\/product_brand?post=78768"},{"taxonomy":"product_cat","embeddable":true,"href":"https:\/\/whisky.ad\/es\/wp-json\/wp\/v2\/product_cat?post=78768"},{"taxonomy":"product_tag","embeddable":true,"href":"https:\/\/whisky.ad\/es\/wp-json\/wp\/v2\/product_tag?post=78768"}],"curies":[{"name":"wp","href":"https:\/\/api.w.org\/{rel}","templated":true}]}}