{"id":78765,"date":"2023-07-24T17:11:27","date_gmt":"2023-07-24T16:11:27","guid":{"rendered":"https:\/\/whisky.ad\/product\/kumano-mizunara-cask-07l-43\/"},"modified":"2023-07-24T17:11:27","modified_gmt":"2023-07-24T16:11:27","slug":"kumano-mizunara-cask-07l-43","status":"publish","type":"product","link":"https:\/\/whisky.ad\/es\/producto\/kumano-mizunara-cask-07l-43\/","title":{"rendered":"KUMANO MIZUNARA CASK 0,7l 43%"},"content":{"rendered":"","protected":false},"excerpt":{"rendered":"<div class=\"flex flex-grow flex-col gap-3\">\n<div class=\"min-h-[20px] flex items-start overflow-x-auto whitespace-pre-wrap break-words flex-col gap-4\">\n<div class=\"markdown prose w-full break-words dark:prose-invert light\">\n<p>La malta escocesa y la malta japonesa se mezclan y envejecen durante al menos 3 a\u00f1os en barricas de roble, y luego se terminan en una barrica de roble japon\u00e9s &#8220;Mizunara&#8221; con 6 meses adicionales de envejecimiento. Este whisky tiene un aroma \u00fanico y un sabor relativamente suave. Se caracteriza por notas dulces y afrutadas y un sabor profundo que combina aromas amaderados con frutos secos. Notas de cata:<\/p>\n<div class=\"flex flex-grow flex-col gap-3\">\n<div class=\"min-h-[20px] flex items-start overflow-x-auto whitespace-pre-wrap break-words flex-col gap-4\">\n<div class=\"markdown prose w-full break-words dark:prose-invert light\">\n<ul>\n<li>Apariencia: Dorado.<\/li>\n<li>Nariz: Suave y agradable con notas de cereales y afrutadas.<\/li>\n<li>En boca: Sabores a malta, frutos secos y delicados aromas amaderados gracias al acabado en barrica de Mizunara. Bien equilibrado. <\/li>\n<li>Acabado: Acabado largo y suave.<\/li>\n<\/ul>\n<\/div>\n<\/div>\n<\/div>\n<\/div>\n<\/div>\n<\/div>\n","protected":false},"featured_media":76898,"comment_status":"open","ping_status":"closed","template":"","meta":{"_acf_changed":false},"product_brand":[],"product_cat":[443,507,354],"product_tag":[],"class_list":{"0":"post-78765","1":"product","2":"type-product","3":"status-publish","4":"has-post-thumbnail","6":"product_cat-kumano-es","7":"product_cat-japan-es","8":"product_cat-whisky-by-brand","10":"first","11":"instock","12":"taxable","13":"shipping-taxable","14":"purchasable","15":"product-type-simple"},"acf":[],"aioseo_notices":[],"jetpack_sharing_enabled":true,"_links":{"self":[{"href":"https:\/\/whisky.ad\/es\/wp-json\/wp\/v2\/product\/78765","targetHints":{"allow":["GET"]}}],"collection":[{"href":"https:\/\/whisky.ad\/es\/wp-json\/wp\/v2\/product"}],"about":[{"href":"https:\/\/whisky.ad\/es\/wp-json\/wp\/v2\/types\/product"}],"replies":[{"embeddable":true,"href":"https:\/\/whisky.ad\/es\/wp-json\/wp\/v2\/comments?post=78765"}],"wp:featuredmedia":[{"embeddable":true,"href":"https:\/\/whisky.ad\/es\/wp-json\/wp\/v2\/media\/76898"}],"wp:attachment":[{"href":"https:\/\/whisky.ad\/es\/wp-json\/wp\/v2\/media?parent=78765"}],"wp:term":[{"taxonomy":"product_brand","embeddable":true,"href":"https:\/\/whisky.ad\/es\/wp-json\/wp\/v2\/product_brand?post=78765"},{"taxonomy":"product_cat","embeddable":true,"href":"https:\/\/whisky.ad\/es\/wp-json\/wp\/v2\/product_cat?post=78765"},{"taxonomy":"product_tag","embeddable":true,"href":"https:\/\/whisky.ad\/es\/wp-json\/wp\/v2\/product_tag?post=78765"}],"curies":[{"name":"wp","href":"https:\/\/api.w.org\/{rel}","templated":true}]}}