{"id":78759,"date":"2023-07-23T14:16:08","date_gmt":"2023-07-23T13:16:08","guid":{"rendered":"https:\/\/whisky.ad\/product\/jura-30-yo\/"},"modified":"2023-07-23T14:16:08","modified_gmt":"2023-07-23T13:16:08","slug":"jura-30-yo","status":"publish","type":"product","link":"https:\/\/whisky.ad\/es\/producto\/jura-30-yo\/","title":{"rendered":"Jura 30 YO"},"content":{"rendered":"","protected":false},"excerpt":{"rendered":"<div class=\"col-md-9 col-sm-9\">\n<p id=\"ContentPlaceHolder1_pageH1\" class=\"page_header\"><strong>Islay Jura 30 Year Old 1992, Hunter Laing, 70cl, 49.2%<\/strong><\/p>\n<\/div>\n<p>En noviembre de 1992, el ingenioso proceso de destilaci\u00f3n de Jura dio origen a este excepcional single malt, que emprendi\u00f3 un extraordinario viaje de maduraci\u00f3n, encontrando su hogar en un barril de roble durante las tres d\u00e9cadas siguientes. La culminaci\u00f3n de este espl\u00e9ndido proceso de envejecimiento condujo a su lanzamiento en febrero de 2023, donde s\u00f3lo 39 botellas encontraron su lugar entre la estimada colecci\u00f3n Old &amp; Rare Platinum, h\u00e1bilmente comisariada por el embotellador independiente Hunter Laing. <\/p>\n","protected":false},"featured_media":76886,"comment_status":"open","ping_status":"closed","template":"","meta":{"_acf_changed":false},"product_brand":[],"product_cat":[319,339,354,438],"product_tag":[],"class_list":{"0":"post-78759","1":"product","2":"type-product","3":"status-publish","4":"has-post-thumbnail","6":"product_cat-escocia-es","7":"product_cat-raro-y-coleccionable","8":"product_cat-whisky-by-brand","9":"product_cat-jura-es","11":"first","12":"instock","13":"taxable","14":"shipping-taxable","15":"product-type-simple"},"acf":[],"aioseo_notices":[],"jetpack_sharing_enabled":true,"_links":{"self":[{"href":"https:\/\/whisky.ad\/es\/wp-json\/wp\/v2\/product\/78759","targetHints":{"allow":["GET"]}}],"collection":[{"href":"https:\/\/whisky.ad\/es\/wp-json\/wp\/v2\/product"}],"about":[{"href":"https:\/\/whisky.ad\/es\/wp-json\/wp\/v2\/types\/product"}],"replies":[{"embeddable":true,"href":"https:\/\/whisky.ad\/es\/wp-json\/wp\/v2\/comments?post=78759"}],"wp:featuredmedia":[{"embeddable":true,"href":"https:\/\/whisky.ad\/es\/wp-json\/wp\/v2\/media\/76886"}],"wp:attachment":[{"href":"https:\/\/whisky.ad\/es\/wp-json\/wp\/v2\/media?parent=78759"}],"wp:term":[{"taxonomy":"product_brand","embeddable":true,"href":"https:\/\/whisky.ad\/es\/wp-json\/wp\/v2\/product_brand?post=78759"},{"taxonomy":"product_cat","embeddable":true,"href":"https:\/\/whisky.ad\/es\/wp-json\/wp\/v2\/product_cat?post=78759"},{"taxonomy":"product_tag","embeddable":true,"href":"https:\/\/whisky.ad\/es\/wp-json\/wp\/v2\/product_tag?post=78759"}],"curies":[{"name":"wp","href":"https:\/\/api.w.org\/{rel}","templated":true}]}}