{"id":78752,"date":"2023-08-27T20:35:32","date_gmt":"2023-08-27T19:35:32","guid":{"rendered":"https:\/\/whisky.ad\/product\/hyde-no-9-iberian-cask-0-7l-43\/"},"modified":"2023-08-27T20:35:32","modified_gmt":"2023-08-27T19:35:32","slug":"hyde-no-9-iberian-cask-0-7l-43","status":"publish","type":"product","link":"https:\/\/whisky.ad\/es\/producto\/hyde-no-9-iberian-cask-0-7l-43\/","title":{"rendered":"Hyde No.9 Iberian Cask 0.7L 43%"},"content":{"rendered":"","protected":false},"excerpt":{"rendered":"<div class=\"flex flex-grow flex-col gap-3 max-w-full\">\n<div class=\"min-h-[20px] flex flex-col items-start gap-3 overflow-x-auto whitespace-pre-wrap break-words\">\n<div class=\"markdown prose w-full break-words dark:prose-invert light\">\n<p>La novena incorporaci\u00f3n a la estimada serie Hyde de whiskies irlandeses lleva el sobrenombre de &#8220;Iberian Cask&#8221;. Esta versi\u00f3n del whisky irland\u00e9s de malta ha sido cuidadosamente refinada en barricas que anta\u00f1o albergaron vino de Oporto. El resultado es un viaje sensorial que desvela deliciosas notas de frutos rojos, acompa\u00f1adas del reconfortante abrazo del c\u00e1lido caramelo, la sutileza de la nectarina y la esencia de la malta con cada sorbo. Una elecci\u00f3n exquisita para darse un capricho despu\u00e9s de cenar. Nariz: Sum\u00e9rjase en las tentadoras fragancias de la grosella negra y la frambuesa seca, complementadas por los atractivos tonos del pan de molde y la frescura de la hierba cortada. Boca: Una deliciosa experiencia en el paladar le espera, ofreci\u00e9ndole la suculencia del albaricoque cocido, la presencia continua de la frambuesa y un toque de mel\u00f3n dulce, todo ello envuelto en generosas capas de vainilla. Final: El final introduce una elegante aparici\u00f3n de especias dulces, a\u00f1adiendo un broche final a este extraordinario viaje sensorial.   <\/p>\n<\/div>\n<\/div>\n<\/div>\n","protected":false},"featured_media":77213,"comment_status":"open","ping_status":"closed","template":"","meta":{"_acf_changed":false},"product_brand":[],"product_cat":[354,435,501],"product_tag":[],"class_list":{"0":"post-78752","1":"product","2":"type-product","3":"status-publish","4":"has-post-thumbnail","6":"product_cat-whisky-by-brand","7":"product_cat-hyde-es","8":"product_cat-ireland-es","10":"first","11":"instock","12":"taxable","13":"shipping-taxable","14":"purchasable","15":"product-type-simple"},"acf":[],"aioseo_notices":[],"jetpack_sharing_enabled":true,"_links":{"self":[{"href":"https:\/\/whisky.ad\/es\/wp-json\/wp\/v2\/product\/78752","targetHints":{"allow":["GET"]}}],"collection":[{"href":"https:\/\/whisky.ad\/es\/wp-json\/wp\/v2\/product"}],"about":[{"href":"https:\/\/whisky.ad\/es\/wp-json\/wp\/v2\/types\/product"}],"replies":[{"embeddable":true,"href":"https:\/\/whisky.ad\/es\/wp-json\/wp\/v2\/comments?post=78752"}],"wp:featuredmedia":[{"embeddable":true,"href":"https:\/\/whisky.ad\/es\/wp-json\/wp\/v2\/media\/77213"}],"wp:attachment":[{"href":"https:\/\/whisky.ad\/es\/wp-json\/wp\/v2\/media?parent=78752"}],"wp:term":[{"taxonomy":"product_brand","embeddable":true,"href":"https:\/\/whisky.ad\/es\/wp-json\/wp\/v2\/product_brand?post=78752"},{"taxonomy":"product_cat","embeddable":true,"href":"https:\/\/whisky.ad\/es\/wp-json\/wp\/v2\/product_cat?post=78752"},{"taxonomy":"product_tag","embeddable":true,"href":"https:\/\/whisky.ad\/es\/wp-json\/wp\/v2\/product_tag?post=78752"}],"curies":[{"name":"wp","href":"https:\/\/api.w.org\/{rel}","templated":true}]}}