{"id":78749,"date":"2023-08-27T20:30:35","date_gmt":"2023-08-27T19:30:35","guid":{"rendered":"https:\/\/whisky.ad\/product\/hyde-no-6-presidents-reserve-0-7l-46\/"},"modified":"2023-08-27T20:30:35","modified_gmt":"2023-08-27T19:30:35","slug":"hyde-no-6-presidents-reserve-0-7l-46","status":"publish","type":"product","link":"https:\/\/whisky.ad\/es\/producto\/hyde-no-6-presidents-reserve-0-7l-46\/","title":{"rendered":"Hyde No.6 President\u2019s Reserve 0.7L 46%"},"content":{"rendered":"","protected":false},"excerpt":{"rendered":"<div class=\"flex flex-grow flex-col gap-3 max-w-full\">\n<div class=\"min-h-[20px] flex flex-col items-start gap-3 overflow-x-auto whitespace-pre-wrap break-words\">\n<div class=\"markdown prose w-full break-words dark:prose-invert light\">\n<p>La colecci\u00f3n de Hyde da la bienvenida al lanzamiento del n\u00ba 6, elaborado meticulosamente a partir de una fusi\u00f3n de whisky irland\u00e9s de malta y whisky irland\u00e9s de grano \u00fanico. Esta armoniosa mezcla ha sido h\u00e1bilmente unida y posteriormente mimada con un acabado en barrica de jerez, culminando en un embotellado con un robusto 46% ABV. Prep\u00e1rese para abrazar un robusto dulzor afrutado armonizado con generosos matices de vainilla. Nariz: Descubra los acogedores aromas que recuerdan a la miel rociada sobre pan tostado, la reconfortante esencia del pan de malta, acompa\u00f1ados de un sutil toque de granos de caf\u00e9. En boca: Emb\u00e1rquese en un agradable viaje al paladar caracterizado por la vivacidad de las bayas rojas frescas y el suave encanto de la manzana asada. Sum\u00e9rjase en los sabores matizados del pan de jengibre y el rico abrazo del cedro. Final: Concluye con una nota de vainilla elegantemente cremosa que armoniza con un tentador toque de clavo, dejando una impresi\u00f3n satisfactoria y persistente.  <\/p>\n<\/div>\n<\/div>\n<\/div>\n","protected":false},"featured_media":77210,"comment_status":"open","ping_status":"closed","template":"","meta":{"_acf_changed":false},"product_brand":[],"product_cat":[354,435,501],"product_tag":[],"class_list":{"0":"post-78749","1":"product","2":"type-product","3":"status-publish","4":"has-post-thumbnail","6":"product_cat-whisky-by-brand","7":"product_cat-hyde-es","8":"product_cat-ireland-es","10":"first","11":"instock","12":"taxable","13":"shipping-taxable","14":"purchasable","15":"product-type-simple"},"acf":[],"aioseo_notices":[],"jetpack_sharing_enabled":true,"_links":{"self":[{"href":"https:\/\/whisky.ad\/es\/wp-json\/wp\/v2\/product\/78749","targetHints":{"allow":["GET"]}}],"collection":[{"href":"https:\/\/whisky.ad\/es\/wp-json\/wp\/v2\/product"}],"about":[{"href":"https:\/\/whisky.ad\/es\/wp-json\/wp\/v2\/types\/product"}],"replies":[{"embeddable":true,"href":"https:\/\/whisky.ad\/es\/wp-json\/wp\/v2\/comments?post=78749"}],"wp:featuredmedia":[{"embeddable":true,"href":"https:\/\/whisky.ad\/es\/wp-json\/wp\/v2\/media\/77210"}],"wp:attachment":[{"href":"https:\/\/whisky.ad\/es\/wp-json\/wp\/v2\/media?parent=78749"}],"wp:term":[{"taxonomy":"product_brand","embeddable":true,"href":"https:\/\/whisky.ad\/es\/wp-json\/wp\/v2\/product_brand?post=78749"},{"taxonomy":"product_cat","embeddable":true,"href":"https:\/\/whisky.ad\/es\/wp-json\/wp\/v2\/product_cat?post=78749"},{"taxonomy":"product_tag","embeddable":true,"href":"https:\/\/whisky.ad\/es\/wp-json\/wp\/v2\/product_tag?post=78749"}],"curies":[{"name":"wp","href":"https:\/\/api.w.org\/{rel}","templated":true}]}}