{"id":78737,"date":"2023-08-27T20:11:20","date_gmt":"2023-08-27T19:11:20","guid":{"rendered":"https:\/\/whisky.ad\/product\/hyde-no-11-peated-single-malt-0-7l-43\/"},"modified":"2023-08-27T20:11:20","modified_gmt":"2023-08-27T19:11:20","slug":"hyde-no-11-peated-single-malt-0-7l-43","status":"publish","type":"product","link":"https:\/\/whisky.ad\/es\/producto\/hyde-no-11-peated-single-malt-0-7l-43\/","title":{"rendered":"Hyde No.11 Peated Single Malt 0.7l 43%"},"content":{"rendered":"","protected":false},"excerpt":{"rendered":"<div class=\"flex flex-grow flex-col gap-3 max-w-full\">\n<div class=\"min-h-[20px] flex flex-col items-start gap-3 overflow-x-auto whitespace-pre-wrap break-words\">\n<div class=\"markdown prose w-full break-words dark:prose-invert light\">\n<p>Se trata de una edici\u00f3n limitada de Hyde Irish Whiskey. Se enorgullece de no haber sido filtrado en fr\u00edo y de haber envejecido durante un m\u00ednimo de 8 a\u00f1os en barricas de ex-bourbon. Notablemente, el No.11 se distingue por la etiqueta conmemorativa que lleva el a\u00f1o 1949, rindiendo homenaje al presidente inaugural de Irlanda, Douglas Hyde. Nariz: Delicadamente impregnada de un toque ahumado, esta expresi\u00f3n revela fragancias que recuerdan a la pera, la manzana verde y los frutos secos. Boca: Desvela una base de grano malteado biscuo complementada por una suave infusi\u00f3n de miel dulce y la calidez del roble tostado. La textura es rica, con cuerpo y exquisitamente cremosa en el paladar.  <\/p>\n<\/div>\n<\/div>\n<\/div>\n","protected":false},"featured_media":77198,"comment_status":"open","ping_status":"closed","template":"","meta":{"_acf_changed":false},"product_brand":[],"product_cat":[354,435,501],"product_tag":[],"class_list":{"0":"post-78737","1":"product","2":"type-product","3":"status-publish","4":"has-post-thumbnail","6":"product_cat-whisky-by-brand","7":"product_cat-hyde-es","8":"product_cat-ireland-es","10":"first","11":"instock","12":"taxable","13":"shipping-taxable","14":"purchasable","15":"product-type-simple"},"acf":[],"aioseo_notices":[],"jetpack_sharing_enabled":true,"_links":{"self":[{"href":"https:\/\/whisky.ad\/es\/wp-json\/wp\/v2\/product\/78737","targetHints":{"allow":["GET"]}}],"collection":[{"href":"https:\/\/whisky.ad\/es\/wp-json\/wp\/v2\/product"}],"about":[{"href":"https:\/\/whisky.ad\/es\/wp-json\/wp\/v2\/types\/product"}],"replies":[{"embeddable":true,"href":"https:\/\/whisky.ad\/es\/wp-json\/wp\/v2\/comments?post=78737"}],"wp:featuredmedia":[{"embeddable":true,"href":"https:\/\/whisky.ad\/es\/wp-json\/wp\/v2\/media\/77198"}],"wp:attachment":[{"href":"https:\/\/whisky.ad\/es\/wp-json\/wp\/v2\/media?parent=78737"}],"wp:term":[{"taxonomy":"product_brand","embeddable":true,"href":"https:\/\/whisky.ad\/es\/wp-json\/wp\/v2\/product_brand?post=78737"},{"taxonomy":"product_cat","embeddable":true,"href":"https:\/\/whisky.ad\/es\/wp-json\/wp\/v2\/product_cat?post=78737"},{"taxonomy":"product_tag","embeddable":true,"href":"https:\/\/whisky.ad\/es\/wp-json\/wp\/v2\/product_tag?post=78737"}],"curies":[{"name":"wp","href":"https:\/\/api.w.org\/{rel}","templated":true}]}}