{"id":78731,"date":"2023-08-27T19:58:59","date_gmt":"2023-08-27T18:58:59","guid":{"rendered":"https:\/\/whisky.ad\/product\/hyde-8-year-old-cask-strength-whiskey-0-7l-59\/"},"modified":"2023-08-27T19:58:59","modified_gmt":"2023-08-27T18:58:59","slug":"hyde-8-year-old-cask-strength-whiskey-0-7l-59","status":"publish","type":"product","link":"https:\/\/whisky.ad\/es\/producto\/hyde-8-year-old-cask-strength-whiskey-0-7l-59\/","title":{"rendered":"Hyde 8 Year Old Cask Strength Whiskey 0.7l 59%"},"content":{"rendered":"","protected":false},"excerpt":{"rendered":"<div class=\"flex flex-grow flex-col gap-3 max-w-full\">\n<div class=\"min-h-[20px] flex flex-col items-start gap-3 overflow-x-auto whitespace-pre-wrap break-words\">\n<div class=\"markdown prose w-full break-words dark:prose-invert light\">\n<p>Esta creaci\u00f3n de edici\u00f3n limitada de Hibernia Distillers se presenta como un whisky irland\u00e9s de grano \u00fanico con graduaci\u00f3n de barril que ha sido sometido a una triple destilaci\u00f3n y permanece sin filtrar durante el proceso de enfriamiento. Con una robusta graduaci\u00f3n natural de 59% ABV, su potencia es evidente, por lo que se recomienda diluirlo con agua o, para aquellos inclinados a la exploraci\u00f3n, maridarlo con ginger ale y una tentadora rodaja de naranja. Nariz: La vigorosa esencia de la especia de grano \u00fanico baila entre suculentos caramelos de toffee y toques de vainilla. Boca: Anclado por el roble tostado y la cebada dorada, esta expresi\u00f3n revela un n\u00facleo enriquecido por matices de pimienta negra agrietada, caramelo de mantequilla y el crujiente de las manzanas verdes. Final: Un abrazo duradero de riqueza terrosa derivada de la vaina de vainilla persiste suavemente. <\/p>\n<\/div>\n<\/div>\n<\/div>\n","protected":false},"featured_media":77192,"comment_status":"open","ping_status":"closed","template":"","meta":{"_acf_changed":false},"product_brand":[],"product_cat":[501,354,435],"product_tag":[],"class_list":{"0":"post-78731","1":"product","2":"type-product","3":"status-publish","4":"has-post-thumbnail","6":"product_cat-ireland-es","7":"product_cat-whisky-by-brand","8":"product_cat-hyde-es","10":"first","11":"instock","12":"taxable","13":"shipping-taxable","14":"purchasable","15":"product-type-simple"},"acf":[],"aioseo_notices":[],"jetpack_sharing_enabled":true,"_links":{"self":[{"href":"https:\/\/whisky.ad\/es\/wp-json\/wp\/v2\/product\/78731","targetHints":{"allow":["GET"]}}],"collection":[{"href":"https:\/\/whisky.ad\/es\/wp-json\/wp\/v2\/product"}],"about":[{"href":"https:\/\/whisky.ad\/es\/wp-json\/wp\/v2\/types\/product"}],"replies":[{"embeddable":true,"href":"https:\/\/whisky.ad\/es\/wp-json\/wp\/v2\/comments?post=78731"}],"wp:featuredmedia":[{"embeddable":true,"href":"https:\/\/whisky.ad\/es\/wp-json\/wp\/v2\/media\/77192"}],"wp:attachment":[{"href":"https:\/\/whisky.ad\/es\/wp-json\/wp\/v2\/media?parent=78731"}],"wp:term":[{"taxonomy":"product_brand","embeddable":true,"href":"https:\/\/whisky.ad\/es\/wp-json\/wp\/v2\/product_brand?post=78731"},{"taxonomy":"product_cat","embeddable":true,"href":"https:\/\/whisky.ad\/es\/wp-json\/wp\/v2\/product_cat?post=78731"},{"taxonomy":"product_tag","embeddable":true,"href":"https:\/\/whisky.ad\/es\/wp-json\/wp\/v2\/product_tag?post=78731"}],"curies":[{"name":"wp","href":"https:\/\/api.w.org\/{rel}","templated":true}]}}