{"id":78728,"date":"2018-11-13T17:47:40","date_gmt":"2018-11-13T16:47:40","guid":{"rendered":"https:\/\/whisky.ad\/product\/hobe-nordic-silver-filtered-vodka-700ml-39-2-vol\/"},"modified":"2018-11-13T17:47:40","modified_gmt":"2018-11-13T16:47:40","slug":"hobe-nordic-silver-filtered-vodka-700ml-39-2-vol","status":"publish","type":"product","link":"https:\/\/whisky.ad\/es\/producto\/hobe-nordic-silver-filtered-vodka-700ml-39-2-vol\/","title":{"rendered":"Hobe Nordic Silver Filtered Vodka (700ml 39.2% vol.)"},"content":{"rendered":"<p><img decoding=\"async\" src=\"https:\/\/liviko.ee\/static\/Bloody_Mary_Hobe-1-250x380.jpg\" alt=\"H\u00d5BE Bloody Mary\" data-index=\"0\" data-href=\"https:\/\/liviko.ee\/static\/Bloody_Mary_Hobe-1-395x600.jpg\" data-width=\"395\" data-height=\"600\"><\/p>\n","protected":false},"excerpt":{"rendered":"<p>El vodka H\u00f5be es un vodka premium de la gama Viru Valge pensado para celebrar ocasiones especiales. La filtraci\u00f3n de H\u00f5be lleva casi tres veces m\u00e1s tiempo que el m\u00e9todo de producci\u00f3n ordinario, pero el producto final merece la pena. H\u00f5be se elabora en peque\u00f1os lotes y los toques finales de postproducci\u00f3n se hacen a mano. H\u00f5be significa &#8220;plata&#8221; en ingl\u00e9s y el vodka lleva este nombre por una raz\u00f3n, porque pasa por un sistema de filtraci\u00f3n en cascada de varios niveles: primero un filtro de carb\u00f3n vegetal, luego 29 elementos filtrantes de plata que dan a la bebida su sabor puro. Por \u00faltimo, el vodka entra en un filtro de pulido, que le da su brillo \u00fanico. Gracias a este m\u00e9todo de filtraci\u00f3n, H\u00f5be tiene un volumen alcoh\u00f3lico exacto de 39,2%, el volumen en el que el vodka filtrado por plata adquiere el mejor equilibrio entre aroma limpio y sabor crujiente.  <\/p>\n","protected":false},"featured_media":75755,"comment_status":"open","ping_status":"closed","template":"","meta":{"_acf_changed":false},"product_brand":[],"product_cat":[345,419],"product_tag":[498,492],"class_list":{"0":"post-78728","1":"product","2":"type-product","3":"status-publish","4":"has-post-thumbnail","6":"product_cat-bebidas-acoholicas-es","7":"product_cat-vodka-es","8":"product_tag-silver-es","9":"product_tag-estonia-es","11":"first","12":"instock","13":"taxable","14":"shipping-taxable","15":"purchasable","16":"product-type-simple"},"acf":[],"aioseo_notices":[],"jetpack_sharing_enabled":true,"_links":{"self":[{"href":"https:\/\/whisky.ad\/es\/wp-json\/wp\/v2\/product\/78728","targetHints":{"allow":["GET"]}}],"collection":[{"href":"https:\/\/whisky.ad\/es\/wp-json\/wp\/v2\/product"}],"about":[{"href":"https:\/\/whisky.ad\/es\/wp-json\/wp\/v2\/types\/product"}],"replies":[{"embeddable":true,"href":"https:\/\/whisky.ad\/es\/wp-json\/wp\/v2\/comments?post=78728"}],"wp:featuredmedia":[{"embeddable":true,"href":"https:\/\/whisky.ad\/es\/wp-json\/wp\/v2\/media\/75755"}],"wp:attachment":[{"href":"https:\/\/whisky.ad\/es\/wp-json\/wp\/v2\/media?parent=78728"}],"wp:term":[{"taxonomy":"product_brand","embeddable":true,"href":"https:\/\/whisky.ad\/es\/wp-json\/wp\/v2\/product_brand?post=78728"},{"taxonomy":"product_cat","embeddable":true,"href":"https:\/\/whisky.ad\/es\/wp-json\/wp\/v2\/product_cat?post=78728"},{"taxonomy":"product_tag","embeddable":true,"href":"https:\/\/whisky.ad\/es\/wp-json\/wp\/v2\/product_tag?post=78728"}],"curies":[{"name":"wp","href":"https:\/\/api.w.org\/{rel}","templated":true}]}}