{"id":78722,"date":"2023-11-15T12:52:19","date_gmt":"2023-11-15T11:52:19","guid":{"rendered":"https:\/\/whisky.ad\/product\/glen-scotia-campbeltown-harbour-single-malt-whisky-0-7l-40\/"},"modified":"2023-11-15T12:52:19","modified_gmt":"2023-11-15T11:52:19","slug":"glen-scotia-campbeltown-harbour-single-malt-whisky-0-7l-40","status":"publish","type":"product","link":"https:\/\/whisky.ad\/es\/producto\/glen-scotia-campbeltown-harbour-single-malt-whisky-0-7l-40\/","title":{"rendered":"Glen Scotia Campbeltown Harbour Single Malt Whisky 0.7l 40%"},"content":{"rendered":"","protected":false},"excerpt":{"rendered":"<p>El emblem\u00e1tico puerto de Campbeltown fue en su d\u00eda la \u00faltima parada del whisky escoc\u00e9s de todas las regiones hacia el resto del mundo, y nuestro acertadamente bautizado &#8220;Campbeltown Harbour&#8221; es un brindis por este importante puerto y por las antiguas relaciones que ha forjado entre Campbeltown y el resto del mundo. El whisky Glen Scotia Campbeltown Harbour es una magn\u00edfica introducci\u00f3n a la gama Glen Scotia, con una marcada influencia costera de sal marina y suave humo, equilibrada con suave melocot\u00f3n y crema de vainilla.<\/p>\n","protected":false},"featured_media":77645,"comment_status":"open","ping_status":"closed","template":"","meta":{"_acf_changed":false},"product_brand":[],"product_cat":[489,319,354,430],"product_tag":[],"class_list":{"0":"post-78722","1":"product","2":"type-product","3":"status-publish","4":"has-post-thumbnail","6":"product_cat-whisky-por-pais-region","7":"product_cat-escocia-es","8":"product_cat-whisky-by-brand","9":"product_cat-glen-scotia-es","11":"first","12":"instock","13":"taxable","14":"shipping-taxable","15":"purchasable","16":"product-type-simple"},"acf":[],"aioseo_notices":[],"jetpack_sharing_enabled":true,"_links":{"self":[{"href":"https:\/\/whisky.ad\/es\/wp-json\/wp\/v2\/product\/78722","targetHints":{"allow":["GET"]}}],"collection":[{"href":"https:\/\/whisky.ad\/es\/wp-json\/wp\/v2\/product"}],"about":[{"href":"https:\/\/whisky.ad\/es\/wp-json\/wp\/v2\/types\/product"}],"replies":[{"embeddable":true,"href":"https:\/\/whisky.ad\/es\/wp-json\/wp\/v2\/comments?post=78722"}],"wp:featuredmedia":[{"embeddable":true,"href":"https:\/\/whisky.ad\/es\/wp-json\/wp\/v2\/media\/77645"}],"wp:attachment":[{"href":"https:\/\/whisky.ad\/es\/wp-json\/wp\/v2\/media?parent=78722"}],"wp:term":[{"taxonomy":"product_brand","embeddable":true,"href":"https:\/\/whisky.ad\/es\/wp-json\/wp\/v2\/product_brand?post=78722"},{"taxonomy":"product_cat","embeddable":true,"href":"https:\/\/whisky.ad\/es\/wp-json\/wp\/v2\/product_cat?post=78722"},{"taxonomy":"product_tag","embeddable":true,"href":"https:\/\/whisky.ad\/es\/wp-json\/wp\/v2\/product_tag?post=78722"}],"curies":[{"name":"wp","href":"https:\/\/api.w.org\/{rel}","templated":true}]}}