{"id":78719,"date":"2023-07-22T10:44:13","date_gmt":"2023-07-22T09:44:13","guid":{"rendered":"https:\/\/whisky.ad\/product\/glen-scotia-48-yo-single-malt\/"},"modified":"2024-01-02T14:13:12","modified_gmt":"2024-01-02T13:13:12","slug":"glen-scotia-48-yo-single-malt","status":"publish","type":"product","link":"https:\/\/whisky.ad\/es\/producto\/glen-scotia-48-yo-single-malt\/","title":{"rendered":"Glen Scotia 48 YO Single Malt"},"content":{"rendered":"","protected":false},"excerpt":{"rendered":"<p>GLEN SCOTIA 48 YEAR OLD Con s\u00f3lo <strong>250 botellas<\/strong> <strong>numeradas<\/strong> individualmente y extra\u00eddas de las reservas m\u00e1s antiguas, el Glen Scotia 48 Year Old es una oportunidad rara y \u00fanica de degustar una \u00e9poca pasada de la destiler\u00eda Glen Scotia. Elaborado originalmente en diciembre de 1974, este extraordinario l\u00edquido ha pasado por las manos y el cuidado de m\u00faltiples generaciones de equipos de la destiler\u00eda. Es incre\u00edble pensar que fue especialmente seleccionado para ser conservado una y otra vez por diversas manos, y que se le permiti\u00f3 continuar su viaje mucho despu\u00e9s de que sus cuidadores abandonaran el tim\u00f3n de la destiler\u00eda. M\u00e1s que una edad notable, es una ventana a trav\u00e9s del tiempo a una \u00e9poca pasada de Glen Scotia. CASCO SELECCIONADO: 1974 17\/582-1 El Glen Scotia de 48 a\u00f1os se presenta en un estuche de roble hecho a mano, inspirado en los azulejos espa\u00f1oles que se encontraban en las bodegas y bares de Sevilla y de toda Espa\u00f1a y Portugal durante los siglos XVIII y XIX. Otro azulejo de roble situado debajo de la botella contiene una placa con el n\u00famero de botella, las notas de cata y la historia de este incre\u00edble whisky de malta. En colaboraci\u00f3n con Glencairn, cada botella numerada individualmente ha sido grabada y rellenada con buen gusto, con decoraci\u00f3n de metal dorado en el cuerpo y el hombro. Un pesado tap\u00f3n met\u00e1lico completa su excepcional presentaci\u00f3n.<\/p>\n<p>REF: <a href=\"https:\/\/www.whiskybase.com\/whiskies\/whisky\/236931\/glen-scotia-1974\">WHISKYBASE<\/a><\/p>\n<p><a href=\"https:\/\/whisky.ad\/wp-content\/uploads\/2023\/07\/Glen-Scotia-48-Year-Old-Presenter.pdf\">Glen Scotia 48 Year Old Presenter<\/a><\/p>\n<p>&nbsp;<\/p>\n","protected":false},"featured_media":80145,"comment_status":"open","ping_status":"closed","template":"","meta":{"_acf_changed":false},"product_brand":[],"product_cat":[339,354,430,319],"product_tag":[],"class_list":{"0":"post-78719","1":"product","2":"type-product","3":"status-publish","4":"has-post-thumbnail","6":"product_cat-raro-y-coleccionable","7":"product_cat-whisky-by-brand","8":"product_cat-glen-scotia-es","9":"product_cat-escocia-es","10":"product_shipping_class-free-es","12":"first","13":"instock","14":"purchasable","15":"product-type-simple"},"acf":[],"aioseo_notices":[],"jetpack_sharing_enabled":true,"_links":{"self":[{"href":"https:\/\/whisky.ad\/es\/wp-json\/wp\/v2\/product\/78719","targetHints":{"allow":["GET"]}}],"collection":[{"href":"https:\/\/whisky.ad\/es\/wp-json\/wp\/v2\/product"}],"about":[{"href":"https:\/\/whisky.ad\/es\/wp-json\/wp\/v2\/types\/product"}],"replies":[{"embeddable":true,"href":"https:\/\/whisky.ad\/es\/wp-json\/wp\/v2\/comments?post=78719"}],"wp:featuredmedia":[{"embeddable":true,"href":"https:\/\/whisky.ad\/es\/wp-json\/wp\/v2\/media\/80145"}],"wp:attachment":[{"href":"https:\/\/whisky.ad\/es\/wp-json\/wp\/v2\/media?parent=78719"}],"wp:term":[{"taxonomy":"product_brand","embeddable":true,"href":"https:\/\/whisky.ad\/es\/wp-json\/wp\/v2\/product_brand?post=78719"},{"taxonomy":"product_cat","embeddable":true,"href":"https:\/\/whisky.ad\/es\/wp-json\/wp\/v2\/product_cat?post=78719"},{"taxonomy":"product_tag","embeddable":true,"href":"https:\/\/whisky.ad\/es\/wp-json\/wp\/v2\/product_tag?post=78719"}],"curies":[{"name":"wp","href":"https:\/\/api.w.org\/{rel}","templated":true}]}}