{"id":78715,"date":"2023-06-15T12:57:27","date_gmt":"2023-06-15T11:57:27","guid":{"rendered":"https:\/\/whisky.ad\/product\/glen-scotia-46-yo\/"},"modified":"2023-06-15T12:57:27","modified_gmt":"2023-06-15T11:57:27","slug":"glen-scotia-46-yo","status":"publish","type":"product","link":"https:\/\/whisky.ad\/es\/producto\/glen-scotia-46-yo\/","title":{"rendered":"Glen Scotia 46 YO"},"content":{"rendered":"","protected":false},"excerpt":{"rendered":"<p>Presentamos el whisky Glen Scotia 46-Year-Old, una expresi\u00f3n extraordinaria nacida del paso del tiempo y del clima \u00fanico de Campbeltown. Inicialmente madurado en barricas de bourbon de relleno, este excepcional espirituoso se cuid\u00f3 con ternura, permitiendo que su car\u00e1cter se desarrollara y floreciera. En 2011, se volvi\u00f3 a encubar cuidadosamente en barricas de bourbon de primer llenado, donde repos\u00f3 y evolucion\u00f3 durante otros seis a\u00f1os. Finalmente, el l\u00edquido pas\u00f3 a un barril de oloroso de primer llenado para un \u00faltimo periodo de maduraci\u00f3n de cuatro a\u00f1os. Se embotell\u00f3 con su graduaci\u00f3n natural de 41,7%, sin filtrar ni refrigerar, para preservar su integridad. En 1974, el imperio productor de whisky de Campbeltown hab\u00eda menguado y la mayor\u00eda de sus destiler\u00edas locales hab\u00edan pasado a la historia. Las pocas que quedaban se embarcaron en un viaje de adaptaci\u00f3n, abrazando un mundo cambiante. Para Glen Scotia, este periodo marc\u00f3 el final de un cap\u00edtulo verdaderamente especial de su historia. El director de la destiler\u00eda, Mike Smith, y su equipo cuidaron meticulosamente las barricas, siguiendo una tradici\u00f3n heredada de su padre, s\u00edmbolo de un enfoque anticuado arraigado en la tradici\u00f3n, el cuidado y la artesan\u00eda. Hoy, el Director de la Destiler\u00eda y Maestro Destilador Iain McAlister contin\u00faa el legado, honrando el car\u00e1cter excepcional de estas preciadas barricas y garantizando un resultado final excepcional. Una edici\u00f3n excepcional para cualquier colecci\u00f3n: El Glen Scotia 46-Year-Old se presenta en una vitrina de roble meticulosamente elaborada, hecha a mano y de origen sostenible. Una exclusiva baldosa de roble bajo la botella muestra con orgullo una placa grabada con el n\u00famero de botella individual, notas de cata y la cautivadora historia de este incre\u00edble whisky de malta \u00fanica. En colaboraci\u00f3n con Glencairn, cada botella est\u00e1 grabada y rellena con buen gusto, adornada con una moneda met\u00e1lica dorada con el tradicional nudo de Glen Scotia. La presentaci\u00f3n se completa con un importante tap\u00f3n met\u00e1lico, que pone de manifiesto la m\u00e1xima atenci\u00f3n al detalle. S\u00f3lo 150 botellas numeradas individualmente est\u00e1n disponibles en todo el mundo. Notas de cata: Aroma: Sum\u00e9rjase en un tapiz de ricos frutos secos y c\u00e1scaras de c\u00edtricos, armoniosamente equilibrados con la indulgente dulzura de un espeso toffee. Experimente la vigorizante esencia del roc\u00edo marino entrelazado con vainilla fresca. Sabor: Del\u00e9itese con una sensaci\u00f3n en boca aterciopelada que acaricia el paladar, revelando capas de az\u00facar moreno fundido y caramelo dorado. La exquisitez contin\u00faa con sabores de manzana asada, pera escalfada en alm\u00edbar de vainilla y delicadas notas de c\u00edtricos anaranjados. Final: Sum\u00e9rjase en un largo y persistente final mar\u00edtimo, en el que la sal marina se mezcla con ondas de reconfortantes especias de canela y nuez moscada, dejando una duradera impresi\u00f3n de calidez y satisfacci\u00f3n.    <\/p>\n","protected":false},"featured_media":76835,"comment_status":"open","ping_status":"closed","template":"","meta":{"_acf_changed":false},"product_brand":[],"product_cat":[319,339,354,430],"product_tag":[],"class_list":{"0":"post-78715","1":"product","2":"type-product","3":"status-publish","4":"has-post-thumbnail","6":"product_cat-escocia-es","7":"product_cat-raro-y-coleccionable","8":"product_cat-whisky-by-brand","9":"product_cat-glen-scotia-es","11":"first","12":"instock","13":"taxable","14":"shipping-taxable","15":"product-type-simple"},"acf":[],"aioseo_notices":[],"jetpack_sharing_enabled":true,"_links":{"self":[{"href":"https:\/\/whisky.ad\/es\/wp-json\/wp\/v2\/product\/78715","targetHints":{"allow":["GET"]}}],"collection":[{"href":"https:\/\/whisky.ad\/es\/wp-json\/wp\/v2\/product"}],"about":[{"href":"https:\/\/whisky.ad\/es\/wp-json\/wp\/v2\/types\/product"}],"replies":[{"embeddable":true,"href":"https:\/\/whisky.ad\/es\/wp-json\/wp\/v2\/comments?post=78715"}],"wp:featuredmedia":[{"embeddable":true,"href":"https:\/\/whisky.ad\/es\/wp-json\/wp\/v2\/media\/76835"}],"wp:attachment":[{"href":"https:\/\/whisky.ad\/es\/wp-json\/wp\/v2\/media?parent=78715"}],"wp:term":[{"taxonomy":"product_brand","embeddable":true,"href":"https:\/\/whisky.ad\/es\/wp-json\/wp\/v2\/product_brand?post=78715"},{"taxonomy":"product_cat","embeddable":true,"href":"https:\/\/whisky.ad\/es\/wp-json\/wp\/v2\/product_cat?post=78715"},{"taxonomy":"product_tag","embeddable":true,"href":"https:\/\/whisky.ad\/es\/wp-json\/wp\/v2\/product_tag?post=78715"}],"curies":[{"name":"wp","href":"https:\/\/api.w.org\/{rel}","templated":true}]}}