{"id":78712,"date":"2023-08-23T13:09:18","date_gmt":"2023-08-23T12:09:18","guid":{"rendered":"https:\/\/whisky.ad\/product\/glen-scotia-25-yo\/"},"modified":"2024-01-02T15:12:25","modified_gmt":"2024-01-02T14:12:25","slug":"glen-scotia-25-yo","status":"publish","type":"product","link":"https:\/\/whisky.ad\/es\/producto\/glen-scotia-25-yo\/","title":{"rendered":"Glen Scotia 25 YO"},"content":{"rendered":"","protected":false},"excerpt":{"rendered":"<p>Presentamos este whisky de 25 a\u00f1os meticulosamente elaborado, que ha pasado por un delicado proceso de maduraci\u00f3n dentro de las mejores barricas de roble americano. Posteriormente, se une armoniosamente en barricas de bourbon de primer llenado antes de ser elegantemente embotellado. El aroma distintivo lleva matices de vainilla y roble intrincadamente entrelazados con sutiles sugerencias de espuma de mar y la tentadora esencia de frutas arom\u00e1ticas especiadas. Embotellada con un robusto 48,8% ABV, esta exquisita creaci\u00f3n no se ve alterada por el color a\u00f1adido ni por el proceso de filtraci\u00f3n en fr\u00edo, manteni\u00e9ndose fiel a su forma natural. Caracter\u00edsticas: Alcohol por Volumen: 48,8% Volumen: 70cl Presentaci\u00f3n Visual: Presentado en su tono natural e inalterado Edad: Envejecido durante un cuarto de siglo, 25 a\u00f1os de refinamiento Filtraci\u00f3n: Meticulosamente conservada con su estado de filtrado sin fr\u00edo Experiencia de Degustaci\u00f3n: Nariz : Una vigorizante brisa del Atl\u00e1ntico imparte una fuerte influencia mar\u00edtima. Sabor: Los vientos costeros infunden notas de manzana roja madura y c\u00e1scara de naranja picante, complementadas con la esencia indulgente del jarabe de vainilla y el delicado abrazo de la dulzura del caramelo. Final: Un final duradero resuena con la esencia de la sal marina persistente y un toque animado de jengibre reci\u00e9n molido, dejando una impresi\u00f3n duradera. REF: <a href=\"https:\/\/www.whiskybase.com\/whiskies\/whisky\/242801\/glen-scotia-25-year-old\">BASE DE WHISKY<\/a>   <\/p>\n","protected":false},"featured_media":77120,"comment_status":"open","ping_status":"closed","template":"","meta":{"_acf_changed":false},"product_brand":[],"product_cat":[354,430,319,339],"product_tag":[],"class_list":{"0":"post-78712","1":"product","2":"type-product","3":"status-publish","4":"has-post-thumbnail","6":"product_cat-whisky-by-brand","7":"product_cat-glen-scotia-es","8":"product_cat-escocia-es","9":"product_cat-raro-y-coleccionable","11":"first","12":"instock","13":"featured","14":"taxable","15":"shipping-taxable","16":"purchasable","17":"product-type-simple"},"acf":[],"aioseo_notices":[],"jetpack_sharing_enabled":true,"_links":{"self":[{"href":"https:\/\/whisky.ad\/es\/wp-json\/wp\/v2\/product\/78712","targetHints":{"allow":["GET"]}}],"collection":[{"href":"https:\/\/whisky.ad\/es\/wp-json\/wp\/v2\/product"}],"about":[{"href":"https:\/\/whisky.ad\/es\/wp-json\/wp\/v2\/types\/product"}],"replies":[{"embeddable":true,"href":"https:\/\/whisky.ad\/es\/wp-json\/wp\/v2\/comments?post=78712"}],"wp:featuredmedia":[{"embeddable":true,"href":"https:\/\/whisky.ad\/es\/wp-json\/wp\/v2\/media\/77120"}],"wp:attachment":[{"href":"https:\/\/whisky.ad\/es\/wp-json\/wp\/v2\/media?parent=78712"}],"wp:term":[{"taxonomy":"product_brand","embeddable":true,"href":"https:\/\/whisky.ad\/es\/wp-json\/wp\/v2\/product_brand?post=78712"},{"taxonomy":"product_cat","embeddable":true,"href":"https:\/\/whisky.ad\/es\/wp-json\/wp\/v2\/product_cat?post=78712"},{"taxonomy":"product_tag","embeddable":true,"href":"https:\/\/whisky.ad\/es\/wp-json\/wp\/v2\/product_tag?post=78712"}],"curies":[{"name":"wp","href":"https:\/\/api.w.org\/{rel}","templated":true}]}}