{"id":78709,"date":"2023-08-30T20:05:28","date_gmt":"2023-08-30T19:05:28","guid":{"rendered":"https:\/\/whisky.ad\/product\/glen-scotia-21yo-single-malt-0-7l-46\/"},"modified":"2023-08-30T20:05:28","modified_gmt":"2023-08-30T19:05:28","slug":"glen-scotia-21yo-single-malt-0-7l-46","status":"publish","type":"product","link":"https:\/\/whisky.ad\/es\/producto\/glen-scotia-21yo-single-malt-0-7l-46\/","title":{"rendered":"Glen Scotia 21yo Single Malt 0.7l 46%"},"content":{"rendered":"","protected":false},"excerpt":{"rendered":"<div class=\"flex flex-grow flex-col gap-3 max-w-full\">\n<div class=\"min-h-[20px] flex flex-col items-start gap-3 overflow-x-auto whitespace-pre-wrap break-words\">\n<div class=\"markdown prose w-full break-words dark:prose-invert light\">\n<p>Madurado a trav\u00e9s de una combinaci\u00f3n de barricas de bourbon y de roble americano, meticulosamente seleccionadas por el competente equipo de Glen Scotia, y despu\u00e9s adornado con un final de seis meses en barricas de jerez oloroso de primer llenado, esta elegante adici\u00f3n a la colecci\u00f3n Glen Scotia encarna un elixir suave y arom\u00e1tico hecho a medida para los aficionados al buen whisky. La infusi\u00f3n de jerez Oloroso introduce notas florales perfumadas, que le confieren una calidad sutilmente arom\u00e1tica, al tiempo que salvaguardan el car\u00e1cter distintivo de la destiler\u00eda, marcado por deliciosas frutas, destellos de roc\u00edo marino atl\u00e1ntico y matices mar\u00edtimos. El single malt de 21 a\u00f1os de Glen Scotia es una encarnaci\u00f3n verdaderamente excepcional de la esencia refinada y atemporal del whisky de Campbeltown. Situado entre las c\u00e9lebres expresiones de 18 y 25 a\u00f1os, esta \u00faltima obtuvo el premio &#8220;Best in Class&#8221; y, por consiguiente, el t\u00edtulo de &#8220;Best in the World&#8221; en el Concurso Mundial de Espirituosos de San Francisco de 2021, superando a 3.800 competidores. Esta extraordinaria presentaci\u00f3n se presenta en la opulenta botella de Glen Scotia, adornada con tonos morados y dorados. Una elegante moneda met\u00e1lica con el logotipo entrelazado &#8220;GS&#8221; de Glen Scotia est\u00e1 incrustada en el hombro de la botella, todo ello dentro de una caja expositora hecha a medida para coleccionistas o destinada a regalar a una persona apreciada. El viaje del whisky implica la maduraci\u00f3n en una combinaci\u00f3n de barricas de bourbon de relleno y barricas de roble americano de relleno, culminando con un florecimiento de seis meses en barricas de jerez oloroso de primer llenado, tejiendo un whisky de malta suave y arom\u00e1tico. Notas de cata: AROMA Aromas seductoramente dulces de Oloroso, animados por manzanas rojas especiadas y una delicada presencia de pimienta en grano, acompa\u00f1ados por la fragancia caracter\u00edstica de Campbeltown. PALADAR Indulgentes manzanas rojas asadas, gordas pasas, una expedici\u00f3n a trav\u00e9s del clavo, an\u00eds estrellado, canela y una orquesta de especias. Debajo, yace un lecho afelpado de vainilla cremosa, toffee y un susurro de roc\u00edo marino. FINAL Duradero, complejo y excepcionalmente armonioso, adornado con un abrazo persistente de sal marina y el encanto seco del jerez.<\/p>\n<\/div>\n<\/div>\n<\/div>\n","protected":false},"featured_media":77540,"comment_status":"open","ping_status":"closed","template":"","meta":{"_acf_changed":false},"product_brand":[],"product_cat":[319,354,430],"product_tag":[],"class_list":{"0":"post-78709","1":"product","2":"type-product","3":"status-publish","4":"has-post-thumbnail","6":"product_cat-escocia-es","7":"product_cat-whisky-by-brand","8":"product_cat-glen-scotia-es","10":"first","11":"outofstock","12":"taxable","13":"shipping-taxable","14":"product-type-simple"},"acf":[],"aioseo_notices":[],"jetpack_sharing_enabled":true,"_links":{"self":[{"href":"https:\/\/whisky.ad\/es\/wp-json\/wp\/v2\/product\/78709","targetHints":{"allow":["GET"]}}],"collection":[{"href":"https:\/\/whisky.ad\/es\/wp-json\/wp\/v2\/product"}],"about":[{"href":"https:\/\/whisky.ad\/es\/wp-json\/wp\/v2\/types\/product"}],"replies":[{"embeddable":true,"href":"https:\/\/whisky.ad\/es\/wp-json\/wp\/v2\/comments?post=78709"}],"wp:featuredmedia":[{"embeddable":true,"href":"https:\/\/whisky.ad\/es\/wp-json\/wp\/v2\/media\/77540"}],"wp:attachment":[{"href":"https:\/\/whisky.ad\/es\/wp-json\/wp\/v2\/media?parent=78709"}],"wp:term":[{"taxonomy":"product_brand","embeddable":true,"href":"https:\/\/whisky.ad\/es\/wp-json\/wp\/v2\/product_brand?post=78709"},{"taxonomy":"product_cat","embeddable":true,"href":"https:\/\/whisky.ad\/es\/wp-json\/wp\/v2\/product_cat?post=78709"},{"taxonomy":"product_tag","embeddable":true,"href":"https:\/\/whisky.ad\/es\/wp-json\/wp\/v2\/product_tag?post=78709"}],"curies":[{"name":"wp","href":"https:\/\/api.w.org\/{rel}","templated":true}]}}