{"id":78706,"date":"2023-08-30T19:57:08","date_gmt":"2023-08-30T18:57:08","guid":{"rendered":"https:\/\/whisky.ad\/product\/glen-scotia-18yo-single-malt-0-7l-46\/"},"modified":"2023-08-30T19:57:08","modified_gmt":"2023-08-30T18:57:08","slug":"glen-scotia-18yo-single-malt-0-7l-46","status":"publish","type":"product","link":"https:\/\/whisky.ad\/es\/producto\/glen-scotia-18yo-single-malt-0-7l-46\/","title":{"rendered":"Glen Scotia 18yo Single Malt 0.7l 46%"},"content":{"rendered":"","protected":false},"excerpt":{"rendered":"<div class=\"flex flex-grow flex-col gap-3 max-w-full\">\n<div class=\"min-h-[20px] flex flex-col items-start gap-3 overflow-x-auto whitespace-pre-wrap break-words\">\n<div class=\"markdown prose w-full break-words dark:prose-invert light\">\n<p>Los registros hist\u00f3ricos que se remontan al siglo XIX demuestran que Campbeltown, al igual que gran parte de Escocia, ha mantenido un afecto perdurable por la utilizaci\u00f3n de barricas de jerez en la maduraci\u00f3n del whisky. Dada su ventajosa situaci\u00f3n en la costa occidental de Escocia y su proximidad a las rutas comerciales mar\u00edtimas de la \u00e9poca, es natural que Campbeltown tuviera un acceso privilegiado a algunas de las mejores barricas de jerez del mundo. As\u00ed pues, resulta muy apropiado que el Glen Scotia 18 a\u00f1os, una de nuestras propuestas m\u00e1s venerables y refinadas, disfrute de un generoso periodo de afinamiento de doce meses en barricas de jerez Oloroso. Esta infusi\u00f3n imparte un dulzor floral que complementa con gracia nuestro estimado car\u00e1cter de destiler\u00eda, que permanece siempre presente debajo. Un whisky de malta verdaderamente excepcional, madurado durante 17 a\u00f1os en barricas de bourbon y roble americano. Elegidas a mano por nuestro Maestro Mezclador, s\u00f3lo se seleccionan las barricas m\u00e1s selectas, unidas armoniosamente para un final de un a\u00f1o en barricas de Oloroso de primer llenado. Sin la carga de la turba, esta expresi\u00f3n emana una elegancia arom\u00e1tica con toques florales, una pizca de roc\u00edo marino y un toque de especias. Notas de cata: AROMA Un aire de sofisticaci\u00f3n, adornado con una salmuera refrescante, matices florales fragantes, el encanto de la miel dulce y el seductor encanto del caramelo salado. PALADAR Excesivamente suave y lujosamente rico en el paladar, con capas afrutadas y un suntuoso lecho de toffee espeso y dulce. Anticipa la presencia juguetona de los albaricoques, la pi\u00f1a y las pasas sultanas, acompa\u00f1ados por una calidez suave y envolvente de especias. ACABADO Prolongado y \u00e1rido, subrayado por un amable abrazo de c\u00e1lidas especias.    <\/p>\n<\/div>\n<\/div>\n<\/div>\n","protected":false},"featured_media":77537,"comment_status":"open","ping_status":"closed","template":"","meta":{"_acf_changed":false},"product_brand":[],"product_cat":[319,354,430],"product_tag":[],"class_list":{"0":"post-78706","1":"product","2":"type-product","3":"status-publish","4":"has-post-thumbnail","6":"product_cat-escocia-es","7":"product_cat-whisky-by-brand","8":"product_cat-glen-scotia-es","10":"first","11":"instock","12":"taxable","13":"shipping-taxable","14":"purchasable","15":"product-type-simple"},"acf":[],"aioseo_notices":[],"jetpack_sharing_enabled":true,"_links":{"self":[{"href":"https:\/\/whisky.ad\/es\/wp-json\/wp\/v2\/product\/78706","targetHints":{"allow":["GET"]}}],"collection":[{"href":"https:\/\/whisky.ad\/es\/wp-json\/wp\/v2\/product"}],"about":[{"href":"https:\/\/whisky.ad\/es\/wp-json\/wp\/v2\/types\/product"}],"replies":[{"embeddable":true,"href":"https:\/\/whisky.ad\/es\/wp-json\/wp\/v2\/comments?post=78706"}],"wp:featuredmedia":[{"embeddable":true,"href":"https:\/\/whisky.ad\/es\/wp-json\/wp\/v2\/media\/77537"}],"wp:attachment":[{"href":"https:\/\/whisky.ad\/es\/wp-json\/wp\/v2\/media?parent=78706"}],"wp:term":[{"taxonomy":"product_brand","embeddable":true,"href":"https:\/\/whisky.ad\/es\/wp-json\/wp\/v2\/product_brand?post=78706"},{"taxonomy":"product_cat","embeddable":true,"href":"https:\/\/whisky.ad\/es\/wp-json\/wp\/v2\/product_cat?post=78706"},{"taxonomy":"product_tag","embeddable":true,"href":"https:\/\/whisky.ad\/es\/wp-json\/wp\/v2\/product_tag?post=78706"}],"curies":[{"name":"wp","href":"https:\/\/api.w.org\/{rel}","templated":true}]}}