{"id":78698,"date":"2023-07-25T20:51:15","date_gmt":"2023-07-25T19:51:15","guid":{"rendered":"https:\/\/whisky.ad\/product\/glen-scotia-15-yo-single-malt-0-7l-46\/"},"modified":"2023-07-25T20:51:15","modified_gmt":"2023-07-25T19:51:15","slug":"glen-scotia-15-yo-single-malt-0-7l-46","status":"publish","type":"product","link":"https:\/\/whisky.ad\/es\/producto\/glen-scotia-15-yo-single-malt-0-7l-46\/","title":{"rendered":"Glen Scotia 15 YO Single Malt 0.7l 46%"},"content":{"rendered":"","protected":false},"excerpt":{"rendered":"<div class=\"flex flex-grow flex-col gap-3\">\n<div class=\"min-h-[20px] flex items-start overflow-x-auto whitespace-pre-wrap break-words flex-col gap-4\">\n<div class=\"markdown prose w-full break-words dark:prose-invert light\">\n<p>El whisky de Campbeltown mantiene desde hace tiempo una relaci\u00f3n especial con las barricas de Bourbon y roble americano. Esta elecci\u00f3n tradicional de madera complementa a la perfecci\u00f3n la lenta fermentaci\u00f3n y el proceso de elaboraci\u00f3n en peque\u00f1os lotes de Glen Scotia, dando como resultado un whisky con un car\u00e1cter frutal bien equilibrado, un delicioso dulzor a caramelo y un sutil fondo especiado que define nuestra expresi\u00f3n distintiva. El Glen Scotia de 15 a\u00f1os, con un breve paso por barricas de Oloroso, permite que todos esos rasgos regionales cl\u00e1sicos brillen, ofreciendo un aut\u00e9ntico sabor de Campbeltown. Notas de cata: Nariz: Atractivos aromas de c\u00e1scaras de c\u00edtricos, acompa\u00f1ados por la seductora atracci\u00f3n de galletas de jengibre y frutas horneadas. Sabor: Las frutas carnosas toman el protagonismo, seguidas de un final seco agradablemente sorprendente. El paladar se deleita con notas de albaricoques, ensalada de frutas, az\u00facar caramelizado y roble. Final: El final se enriquece con un c\u00e1lido picante que le confiere una suave textura melosa, esencia de roble y una gratificante conclusi\u00f3n seca.   <\/p>\n<\/div>\n<\/div>\n<\/div>\n","protected":false},"featured_media":76931,"comment_status":"open","ping_status":"closed","template":"","meta":{"_acf_changed":false},"product_brand":[],"product_cat":[319,354,430],"product_tag":[],"class_list":{"0":"post-78698","1":"product","2":"type-product","3":"status-publish","4":"has-post-thumbnail","6":"product_cat-escocia-es","7":"product_cat-whisky-by-brand","8":"product_cat-glen-scotia-es","10":"first","11":"instock","12":"taxable","13":"shipping-taxable","14":"purchasable","15":"product-type-simple"},"acf":[],"aioseo_notices":[],"jetpack_sharing_enabled":true,"_links":{"self":[{"href":"https:\/\/whisky.ad\/es\/wp-json\/wp\/v2\/product\/78698","targetHints":{"allow":["GET"]}}],"collection":[{"href":"https:\/\/whisky.ad\/es\/wp-json\/wp\/v2\/product"}],"about":[{"href":"https:\/\/whisky.ad\/es\/wp-json\/wp\/v2\/types\/product"}],"replies":[{"embeddable":true,"href":"https:\/\/whisky.ad\/es\/wp-json\/wp\/v2\/comments?post=78698"}],"wp:featuredmedia":[{"embeddable":true,"href":"https:\/\/whisky.ad\/es\/wp-json\/wp\/v2\/media\/76931"}],"wp:attachment":[{"href":"https:\/\/whisky.ad\/es\/wp-json\/wp\/v2\/media?parent=78698"}],"wp:term":[{"taxonomy":"product_brand","embeddable":true,"href":"https:\/\/whisky.ad\/es\/wp-json\/wp\/v2\/product_brand?post=78698"},{"taxonomy":"product_cat","embeddable":true,"href":"https:\/\/whisky.ad\/es\/wp-json\/wp\/v2\/product_cat?post=78698"},{"taxonomy":"product_tag","embeddable":true,"href":"https:\/\/whisky.ad\/es\/wp-json\/wp\/v2\/product_tag?post=78698"}],"curies":[{"name":"wp","href":"https:\/\/api.w.org\/{rel}","templated":true}]}}