{"id":78695,"date":"2023-08-30T19:46:14","date_gmt":"2023-08-30T18:46:14","guid":{"rendered":"https:\/\/whisky.ad\/product\/glen-scotia-10yo-single-malt-0-7l-40\/"},"modified":"2023-08-30T19:46:14","modified_gmt":"2023-08-30T18:46:14","slug":"glen-scotia-10yo-single-malt-0-7l-40","status":"publish","type":"product","link":"https:\/\/whisky.ad\/es\/producto\/glen-scotia-10yo-single-malt-0-7l-40\/","title":{"rendered":"Glen Scotia 10yo Single Malt 0.7l 40%"},"content":{"rendered":"","protected":false},"excerpt":{"rendered":"<div class=\"flex flex-grow flex-col gap-3 max-w-full\">\n<div class=\"min-h-[20px] flex flex-col items-start gap-3 overflow-x-auto whitespace-pre-wrap break-words\">\n<div class=\"markdown prose w-full break-words dark:prose-invert light\">\n<p>Glen Scotia es una de las destiler\u00edas de whisky escoc\u00e9s de malta m\u00e1s peque\u00f1as de Escocia, pero su importancia en la historia de Campbeltown es inmensa, ya que sus ra\u00edces se remontan al siglo XIX. La destiler\u00eda, que conserva gran parte de su estructura original, incluidos fermentadores, salas de destilaci\u00f3n y un almac\u00e9n de estiba que data de la d\u00e9cada de 1830, emana un aura de autenticidad. Un sorbo de malta escocesa Glen Scotia le ofrece un portal al pasado, permiti\u00e9ndole experimentar la esencia del whisky tradicional de Campbeltown. Aunque Campbeltown es la regi\u00f3n productora de whisky m\u00e1s peque\u00f1a, cuenta con un patrimonio whisky sin parang\u00f3n. Hubo un tiempo en que el whisky flu\u00eda como un r\u00edo por las calles de la ciudad, con destiler\u00edas adornando cada esquina, casi todos los residentes contribuyendo a su creaci\u00f3n, y los barcos bordeando el puerto para transportar barriles de whisky escoc\u00e9s de malta \u00fanica de Campbeltown a los aficionados al whisky de todo el mundo, otorgando un dram aut\u00e9nticamente escoc\u00e9s. Por eso afirmamos que Glen Scotia encarna la quintaesencia del whisky del lugar con m\u00e1s whisky de la Tierra. Notas de cata: AROMA Toques de roc\u00edo marino, crujiente manzana en rodajas, vigorizante ralladura de lim\u00f3n y la reconfortante esencia del roble tostado. PALADAR Una indulgente interacci\u00f3n de dulzor almibarado y az\u00facar moreno fundido, acompa\u00f1ada por la acidez de la mermelada de naranja y vibrantes notas de pi\u00f1a, todo ello envuelto por el cremoso abrazo de la vainilla del roble. FINAL Duradero, con una calidez gentil que surge de los toques de jengibre molido y un delicado toque picante de canela. <\/p>\n<\/div>\n<\/div>\n<\/div>\n","protected":false},"featured_media":77531,"comment_status":"open","ping_status":"closed","template":"","meta":{"_acf_changed":false},"product_brand":[],"product_cat":[319,354,430],"product_tag":[],"class_list":{"0":"post-78695","1":"product","2":"type-product","3":"status-publish","4":"has-post-thumbnail","6":"product_cat-escocia-es","7":"product_cat-whisky-by-brand","8":"product_cat-glen-scotia-es","10":"first","11":"instock","12":"taxable","13":"shipping-taxable","14":"purchasable","15":"product-type-simple"},"acf":[],"aioseo_notices":[],"jetpack_sharing_enabled":true,"_links":{"self":[{"href":"https:\/\/whisky.ad\/es\/wp-json\/wp\/v2\/product\/78695","targetHints":{"allow":["GET"]}}],"collection":[{"href":"https:\/\/whisky.ad\/es\/wp-json\/wp\/v2\/product"}],"about":[{"href":"https:\/\/whisky.ad\/es\/wp-json\/wp\/v2\/types\/product"}],"replies":[{"embeddable":true,"href":"https:\/\/whisky.ad\/es\/wp-json\/wp\/v2\/comments?post=78695"}],"wp:featuredmedia":[{"embeddable":true,"href":"https:\/\/whisky.ad\/es\/wp-json\/wp\/v2\/media\/77531"}],"wp:attachment":[{"href":"https:\/\/whisky.ad\/es\/wp-json\/wp\/v2\/media?parent=78695"}],"wp:term":[{"taxonomy":"product_brand","embeddable":true,"href":"https:\/\/whisky.ad\/es\/wp-json\/wp\/v2\/product_brand?post=78695"},{"taxonomy":"product_cat","embeddable":true,"href":"https:\/\/whisky.ad\/es\/wp-json\/wp\/v2\/product_cat?post=78695"},{"taxonomy":"product_tag","embeddable":true,"href":"https:\/\/whisky.ad\/es\/wp-json\/wp\/v2\/product_tag?post=78695"}],"curies":[{"name":"wp","href":"https:\/\/api.w.org\/{rel}","templated":true}]}}