{"id":78692,"date":"2023-11-18T11:36:13","date_gmt":"2023-11-18T10:36:13","guid":{"rendered":"https:\/\/whisky.ad\/product\/glen-kirk-8yo-speyside-single-malt-whiskytomintoul-07l-40\/"},"modified":"2023-12-09T17:28:34","modified_gmt":"2023-12-09T16:28:34","slug":"glen-kirk-8yo-speyside-single-malt-whiskytomintoul-07l-40","status":"publish","type":"product","link":"https:\/\/whisky.ad\/es\/producto\/glen-kirk-8yo-speyside-single-malt-whiskytomintoul-07l-40\/","title":{"rendered":"Glen Kirk 8yo Speyside Single Malt Whisky(Tomintoul) 0,7l 40%"},"content":{"rendered":"","protected":false},"excerpt":{"rendered":"<div class=\"flex flex-grow flex-col max-w-full\">\n<div class=\"min-h-[20px] text-message flex flex-col items-start gap-3 whitespace-pre-wrap break-words [.text-message+&amp;]:mt-5 overflow-x-auto\" data-message-author-role=\"assistant\" data-message-id=\"80281773-10f1-4d37-854e-bc98f93f000b\">\n<div class=\"markdown prose w-full break-words dark:prose-invert dark\">\n<p><strong>Glen Kirk 8yo Speyside Single Malt Whisky(Tomintoul) 0,7l 40%<\/strong><\/p>\n<p>Glen Kirk tiene su origen y se embotella en Tomintoul, enclavado en Speyside, una venerada regi\u00f3n de las Highlands, a s\u00f3lo 17 kil\u00f3metros del castillo de Balmoral. Speyside es el principal centro escoc\u00e9s de elaboraci\u00f3n de los whiskies de malta m\u00e1s exquisitos, alabados por sus intrincados sabores y su excepcional calibre. El t\u00e9rmino &#8220;Kirk&#8221;, de origen ingl\u00e9s y escoc\u00e9s, se traduce como &#8220;iglesia&#8221;. En toda Escocia, numerosas ciudades y pueblos adoptan &#8220;Kirk&#8221; en sus nombres para significar la presencia de una iglesia local. El whisky lleva con orgullo el nombre Kirk, manteniendo la tradici\u00f3n escocesa. Esta expresi\u00f3n particular, el Glen Kirk 8 Years Old Single Malt Scotch Whisky, madura durante ocho a\u00f1os en barricas de ex-bourbon, testimonio de su artesan\u00eda y desarrollo del sabor. <\/p>\n<div class=\"flex flex-grow flex-col max-w-full\">\n<div class=\"min-h-[20px] text-message flex flex-col items-start gap-3 whitespace-pre-wrap break-words [.text-message+&amp;]:mt-5 overflow-x-auto\" data-message-author-role=\"assistant\" data-message-id=\"962bea86-388e-4161-bb83-5e6116d69f94\">\n<div class=\"markdown prose w-full break-words dark:prose-invert dark\">\n<p>Nariz: Una fragancia vibrante y herb\u00e1cea entrelazada con abundantes notas de cebada. En boca: Vigorizante y tentadoramente fresco, ofrece una intensa y deliciosa riqueza de cebada desde el principio. Final: Un toque de especias acompa\u00f1ado de sutiles matices de roble. Comentario: Refrescante y directo, con una atractiva frescura.<\/p>\n<\/div>\n<\/div>\n<\/div>\n<div class=\"mt-1 flex justify-start gap-3 empty:hidden\">\n<div class=\"text-gray-400 flex self-end lg:self-center justify-center lg:justify-start mt-0 gap-1 visible\"><\/div>\n<\/div>\n<\/div>\n<\/div>\n<\/div>\n","protected":false},"featured_media":77684,"comment_status":"open","ping_status":"closed","template":"","meta":{"_acf_changed":false},"product_brand":[],"product_cat":[319,427],"product_tag":[],"class_list":{"0":"post-78692","1":"product","2":"type-product","3":"status-publish","4":"has-post-thumbnail","6":"product_cat-escocia-es","7":"product_cat-glenkirk-es","9":"first","10":"instock","11":"taxable","12":"shipping-taxable","13":"purchasable","14":"product-type-simple"},"acf":[],"aioseo_notices":[],"jetpack_sharing_enabled":true,"_links":{"self":[{"href":"https:\/\/whisky.ad\/es\/wp-json\/wp\/v2\/product\/78692","targetHints":{"allow":["GET"]}}],"collection":[{"href":"https:\/\/whisky.ad\/es\/wp-json\/wp\/v2\/product"}],"about":[{"href":"https:\/\/whisky.ad\/es\/wp-json\/wp\/v2\/types\/product"}],"replies":[{"embeddable":true,"href":"https:\/\/whisky.ad\/es\/wp-json\/wp\/v2\/comments?post=78692"}],"wp:featuredmedia":[{"embeddable":true,"href":"https:\/\/whisky.ad\/es\/wp-json\/wp\/v2\/media\/77684"}],"wp:attachment":[{"href":"https:\/\/whisky.ad\/es\/wp-json\/wp\/v2\/media?parent=78692"}],"wp:term":[{"taxonomy":"product_brand","embeddable":true,"href":"https:\/\/whisky.ad\/es\/wp-json\/wp\/v2\/product_brand?post=78692"},{"taxonomy":"product_cat","embeddable":true,"href":"https:\/\/whisky.ad\/es\/wp-json\/wp\/v2\/product_cat?post=78692"},{"taxonomy":"product_tag","embeddable":true,"href":"https:\/\/whisky.ad\/es\/wp-json\/wp\/v2\/product_tag?post=78692"}],"curies":[{"name":"wp","href":"https:\/\/api.w.org\/{rel}","templated":true}]}}