{"id":78689,"date":"2023-11-18T11:37:10","date_gmt":"2023-11-18T10:37:10","guid":{"rendered":"https:\/\/whisky.ad\/product\/glen-kirk-12yo-speyside-single-malt-whisky-tomintoul-07l-40\/"},"modified":"2023-12-09T17:19:28","modified_gmt":"2023-12-09T16:19:28","slug":"glen-kirk-12yo-speyside-single-malt-whisky-tomintoul-07l-40","status":"publish","type":"product","link":"https:\/\/whisky.ad\/es\/producto\/glen-kirk-12yo-speyside-single-malt-whisky-tomintoul-07l-40\/","title":{"rendered":"Glen Kirk 12yo Speyside Single Malt Whisky (Tomintoul) 0,7l 40%"},"content":{"rendered":"","protected":false},"excerpt":{"rendered":"<div class=\"flex flex-grow flex-col max-w-full\">\n<div class=\"min-h-[20px] text-message flex flex-col items-start gap-3 whitespace-pre-wrap break-words [.text-message+&amp;]:mt-5 overflow-x-auto\" data-message-author-role=\"assistant\" data-message-id=\"42ada959-e25b-4ef6-816d-fadd2fa98aec\">\n<div class=\"markdown prose w-full break-words dark:prose-invert dark\">\n<p><strong>Glen Kirk Speyside 12YO Single Malt (Tomintoul) 0.7L. 40%<\/strong><\/p>\n<p>Glen Kirk, de la destiler\u00eda Tomintoul, situada en Speyside, en las veneradas Highlands, a s\u00f3lo 17 kil\u00f3metros del castillo de Balmoral, encarna la esencia de la tradici\u00f3n escocesa. Speyside, conocida como la cima de Escocia en la elaboraci\u00f3n de excepcionales single malts, presume de sabores intrincados y una calidad inigualable. El nombre &#8220;Kirk&#8221;, derivado de ra\u00edces inglesas y escocesas, significa &#8220;iglesia&#8221;. En toda Escocia, el t\u00e9rmino &#8220;Kirk&#8221; es emblem\u00e1tico de las localidades con una iglesia muy apreciada. Este whisky, que lleva el nombre de Kirk, hace honor al patrimonio escoc\u00e9s. El Glen Kirk 12 Years Old Single Malt Scotch Whisky madura durante m\u00e1s de una d\u00e9cada en barricas de ex-bourbon, desarrollando un rico car\u00e1cter. Perfil de cata: <\/p>\n<ul>\n<li>Color: \u00c1mbar.<\/li>\n<li>Nariz: Rebosante de intensos aromas frutales como peras y naranjas, entrelazados con notas de vainilla y roble.<\/li>\n<li>Sabor: Una sinfon\u00eda de especias, roble, miel, vainilla y fruta.<\/li>\n<li>Finish: A lingering, sweet and spicy culmination that endures.<\/li>\n<\/ul>\n<\/div>\n<\/div>\n<\/div>\n","protected":false},"featured_media":77687,"comment_status":"open","ping_status":"closed","template":"","meta":{"_acf_changed":false},"product_brand":[],"product_cat":[319,427],"product_tag":[],"class_list":{"0":"post-78689","1":"product","2":"type-product","3":"status-publish","4":"has-post-thumbnail","6":"product_cat-escocia-es","7":"product_cat-glenkirk-es","9":"first","10":"outofstock","11":"taxable","12":"shipping-taxable","13":"purchasable","14":"product-type-simple"},"acf":[],"aioseo_notices":[],"jetpack_sharing_enabled":true,"_links":{"self":[{"href":"https:\/\/whisky.ad\/es\/wp-json\/wp\/v2\/product\/78689","targetHints":{"allow":["GET"]}}],"collection":[{"href":"https:\/\/whisky.ad\/es\/wp-json\/wp\/v2\/product"}],"about":[{"href":"https:\/\/whisky.ad\/es\/wp-json\/wp\/v2\/types\/product"}],"replies":[{"embeddable":true,"href":"https:\/\/whisky.ad\/es\/wp-json\/wp\/v2\/comments?post=78689"}],"wp:featuredmedia":[{"embeddable":true,"href":"https:\/\/whisky.ad\/es\/wp-json\/wp\/v2\/media\/77687"}],"wp:attachment":[{"href":"https:\/\/whisky.ad\/es\/wp-json\/wp\/v2\/media?parent=78689"}],"wp:term":[{"taxonomy":"product_brand","embeddable":true,"href":"https:\/\/whisky.ad\/es\/wp-json\/wp\/v2\/product_brand?post=78689"},{"taxonomy":"product_cat","embeddable":true,"href":"https:\/\/whisky.ad\/es\/wp-json\/wp\/v2\/product_cat?post=78689"},{"taxonomy":"product_tag","embeddable":true,"href":"https:\/\/whisky.ad\/es\/wp-json\/wp\/v2\/product_tag?post=78689"}],"curies":[{"name":"wp","href":"https:\/\/api.w.org\/{rel}","templated":true}]}}