{"id":78686,"date":"2023-08-28T14:03:32","date_gmt":"2023-08-28T13:03:32","guid":{"rendered":"https:\/\/whisky.ad\/product\/gammel-opland-aquavit-0-7l-41-5\/"},"modified":"2023-08-28T14:03:32","modified_gmt":"2023-08-28T13:03:32","slug":"gammel-opland-aquavit-0-7l-41-5","status":"publish","type":"product","link":"https:\/\/whisky.ad\/es\/producto\/gammel-opland-aquavit-0-7l-41-5\/","title":{"rendered":"Gammel Opland Aquavit 0.7l 41.5%"},"content":{"rendered":"","protected":false},"excerpt":{"rendered":"<p>Opland Aquavit ofrece una experiencia gustativa armoniosa y completa. Distinguido por su intrincada mezcla de especias y su prolongada maduraci\u00f3n, destaca por su suavidad, su car\u00e1cter matizado y su notable equilibrio. En particular, este aquavit ofrece una esencia de alcaravea m\u00e1s delicada, ya que el proceso de maduraci\u00f3n acent\u00faa los sabores c\u00edtricos y anisados de las especias. Adem\u00e1s, permite que los cautivadores aromas de la barrica de vainilla, roble y jerez florezcan y se entremezclen. Ra\u00edces hist\u00f3ricas: Opland Aquavit tiene sus ra\u00edces en una antigua receta originaria de la regi\u00f3n noruega de Oppland. Desde 1872, se elabora meticulosamente en la Oplandske Spritfabrikk. Este aquavit se somete a un largo periodo de maduraci\u00f3n de 24 meses en barricas de roble de Jerez. Este proceso de envejecimiento armoniza perfectamente las notas de alcaravea con otras especias y sabores derivados de la barrica. En consecuencia, crea un entorno en el que pueden brillar las dem\u00e1s especias y aromas de la barrica. Opland es el aquavit m\u00e1s apreciado de Noruega, aclamado por su impecable equilibrio. Ideal para saborearlo solo, complementa a la perfecci\u00f3n la cocina tradicional noruega, ofreciendo un delicioso maridaje culinario.   <\/p>\n","protected":false},"featured_media":77291,"comment_status":"open","ping_status":"closed","template":"","meta":{"_acf_changed":false},"product_brand":[],"product_cat":[345,346],"product_tag":[],"class_list":{"0":"post-78686","1":"product","2":"type-product","3":"status-publish","4":"has-post-thumbnail","6":"product_cat-bebidas-acoholicas-es","7":"product_cat-aquavit-es","9":"first","10":"instock","11":"taxable","12":"shipping-taxable","13":"purchasable","14":"product-type-simple"},"acf":[],"aioseo_notices":[],"jetpack_sharing_enabled":true,"_links":{"self":[{"href":"https:\/\/whisky.ad\/es\/wp-json\/wp\/v2\/product\/78686","targetHints":{"allow":["GET"]}}],"collection":[{"href":"https:\/\/whisky.ad\/es\/wp-json\/wp\/v2\/product"}],"about":[{"href":"https:\/\/whisky.ad\/es\/wp-json\/wp\/v2\/types\/product"}],"replies":[{"embeddable":true,"href":"https:\/\/whisky.ad\/es\/wp-json\/wp\/v2\/comments?post=78686"}],"wp:featuredmedia":[{"embeddable":true,"href":"https:\/\/whisky.ad\/es\/wp-json\/wp\/v2\/media\/77291"}],"wp:attachment":[{"href":"https:\/\/whisky.ad\/es\/wp-json\/wp\/v2\/media?parent=78686"}],"wp:term":[{"taxonomy":"product_brand","embeddable":true,"href":"https:\/\/whisky.ad\/es\/wp-json\/wp\/v2\/product_brand?post=78686"},{"taxonomy":"product_cat","embeddable":true,"href":"https:\/\/whisky.ad\/es\/wp-json\/wp\/v2\/product_cat?post=78686"},{"taxonomy":"product_tag","embeddable":true,"href":"https:\/\/whisky.ad\/es\/wp-json\/wp\/v2\/product_tag?post=78686"}],"curies":[{"name":"wp","href":"https:\/\/api.w.org\/{rel}","templated":true}]}}