{"id":78682,"date":"2023-08-28T14:08:49","date_gmt":"2023-08-28T13:08:49","guid":{"rendered":"https:\/\/whisky.ad\/product\/gammel-dansk-bitter-0-7l-38\/"},"modified":"2023-08-28T14:08:49","modified_gmt":"2023-08-28T13:08:49","slug":"gammel-dansk-bitter-0-7l-38","status":"publish","type":"product","link":"https:\/\/whisky.ad\/es\/producto\/gammel-dansk-bitter-0-7l-38\/","title":{"rendered":"Gammel Dansk Bitter 0.7l 38%"},"content":{"rendered":"","protected":false},"excerpt":{"rendered":"<p>El eterno trago amargo &#8220;Gammel Dansk&#8221;, que debut\u00f3 en los mostradores de los comercios en 1964, se ha mantenido fiel a su sabor y presentaci\u00f3n originales. Conservando su legado, el inconfundible sabor amargo es el resultado de una ingeniosa mezcla con una selecci\u00f3n de 29 especias y hierbas diversas procedentes de todo el mundo, que van desde la ra\u00edz de ang\u00e9lica, la nuez moscada, el an\u00eds y el jengibre hasta las bayas de grosella. Aunque las contribuciones individuales de estos ingredientes pueden no ser directamente perceptibles, la ausencia de una sola especia seguramente se notar\u00eda r\u00e1pidamente. La experiencia global se caracteriza por un amargor gratificante, que culmina en un final especiado robusto y duradero. El matiz de este dram emana un c\u00e1lido tono cobrizo.    <\/p>\n","protected":false},"featured_media":77294,"comment_status":"open","ping_status":"closed","template":"","meta":{"_acf_changed":false},"product_brand":[],"product_cat":[345,346,413],"product_tag":[],"class_list":{"0":"post-78682","1":"product","2":"type-product","3":"status-publish","4":"has-post-thumbnail","6":"product_cat-bebidas-acoholicas-es","7":"product_cat-aquavit-es","8":"product_cat-bitter-es","10":"first","11":"instock","12":"taxable","13":"shipping-taxable","14":"purchasable","15":"product-type-simple"},"acf":[],"aioseo_notices":[],"jetpack_sharing_enabled":true,"_links":{"self":[{"href":"https:\/\/whisky.ad\/es\/wp-json\/wp\/v2\/product\/78682","targetHints":{"allow":["GET"]}}],"collection":[{"href":"https:\/\/whisky.ad\/es\/wp-json\/wp\/v2\/product"}],"about":[{"href":"https:\/\/whisky.ad\/es\/wp-json\/wp\/v2\/types\/product"}],"replies":[{"embeddable":true,"href":"https:\/\/whisky.ad\/es\/wp-json\/wp\/v2\/comments?post=78682"}],"wp:featuredmedia":[{"embeddable":true,"href":"https:\/\/whisky.ad\/es\/wp-json\/wp\/v2\/media\/77294"}],"wp:attachment":[{"href":"https:\/\/whisky.ad\/es\/wp-json\/wp\/v2\/media?parent=78682"}],"wp:term":[{"taxonomy":"product_brand","embeddable":true,"href":"https:\/\/whisky.ad\/es\/wp-json\/wp\/v2\/product_brand?post=78682"},{"taxonomy":"product_cat","embeddable":true,"href":"https:\/\/whisky.ad\/es\/wp-json\/wp\/v2\/product_cat?post=78682"},{"taxonomy":"product_tag","embeddable":true,"href":"https:\/\/whisky.ad\/es\/wp-json\/wp\/v2\/product_tag?post=78682"}],"curies":[{"name":"wp","href":"https:\/\/api.w.org\/{rel}","templated":true}]}}