{"id":78679,"date":"2023-08-29T12:54:11","date_gmt":"2023-08-29T11:54:11","guid":{"rendered":"https:\/\/whisky.ad\/product\/fontgalant-french-brandy-0-7l-40\/"},"modified":"2023-08-29T12:54:11","modified_gmt":"2023-08-29T11:54:11","slug":"fontgalant-french-brandy-0-7l-40","status":"publish","type":"product","link":"https:\/\/whisky.ad\/es\/producto\/fontgalant-french-brandy-0-7l-40\/","title":{"rendered":"Fontgalant French Brandy 0.7L. 40%"},"content":{"rendered":"","protected":false},"excerpt":{"rendered":"<p>Cautivadora tonalidad \u00e1mbar. En su aroma se percibe un armonioso juego de matices afrutados, florales y, sobre todo, de crianza en barrica. En boca, experimenta un cierre prolongado y vigorizante acompa\u00f1ado de un perfil de sabor exquisito y refinado que destila sofisticaci\u00f3n. Muy buen precio para un Brandy franc\u00e9s de calidad.<\/p>\n","protected":false},"featured_media":77462,"comment_status":"open","ping_status":"closed","template":"","meta":{"_acf_changed":false},"product_brand":[],"product_cat":[340,345],"product_tag":[],"class_list":{"0":"post-78679","1":"product","2":"type-product","3":"status-publish","4":"has-post-thumbnail","6":"product_cat-cognac-armagnac-brandy-es","7":"product_cat-bebidas-acoholicas-es","9":"first","10":"instock","11":"taxable","12":"shipping-taxable","13":"purchasable","14":"product-type-simple"},"acf":[],"aioseo_notices":[],"jetpack_sharing_enabled":true,"_links":{"self":[{"href":"https:\/\/whisky.ad\/es\/wp-json\/wp\/v2\/product\/78679","targetHints":{"allow":["GET"]}}],"collection":[{"href":"https:\/\/whisky.ad\/es\/wp-json\/wp\/v2\/product"}],"about":[{"href":"https:\/\/whisky.ad\/es\/wp-json\/wp\/v2\/types\/product"}],"replies":[{"embeddable":true,"href":"https:\/\/whisky.ad\/es\/wp-json\/wp\/v2\/comments?post=78679"}],"wp:featuredmedia":[{"embeddable":true,"href":"https:\/\/whisky.ad\/es\/wp-json\/wp\/v2\/media\/77462"}],"wp:attachment":[{"href":"https:\/\/whisky.ad\/es\/wp-json\/wp\/v2\/media?parent=78679"}],"wp:term":[{"taxonomy":"product_brand","embeddable":true,"href":"https:\/\/whisky.ad\/es\/wp-json\/wp\/v2\/product_brand?post=78679"},{"taxonomy":"product_cat","embeddable":true,"href":"https:\/\/whisky.ad\/es\/wp-json\/wp\/v2\/product_cat?post=78679"},{"taxonomy":"product_tag","embeddable":true,"href":"https:\/\/whisky.ad\/es\/wp-json\/wp\/v2\/product_tag?post=78679"}],"curies":[{"name":"wp","href":"https:\/\/api.w.org\/{rel}","templated":true}]}}