{"id":78676,"date":"2023-08-28T10:20:44","date_gmt":"2023-08-28T09:20:44","guid":{"rendered":"https:\/\/whisky.ad\/product\/eagle-rare-10yo-45-0-7l\/"},"modified":"2023-08-28T10:20:44","modified_gmt":"2023-08-28T09:20:44","slug":"eagle-rare-10yo-45-0-7l","status":"publish","type":"product","link":"https:\/\/whisky.ad\/es\/producto\/eagle-rare-10yo-45-0-7l\/","title":{"rendered":"Eagle Rare 10yo 45% 0.7l"},"content":{"rendered":"","protected":false},"excerpt":{"rendered":"<div class=\"bourbon-wrapper\"><\/div>\n<p><strong>Eagle Rare 10<\/strong> <strong>Year Kentucky Straight Bourbon Whiskey<\/strong> Eagle Rare Kentucky Straight Bourbon Whiskey representa el pin\u00e1culo de la artesan\u00eda, meticulosamente elaborado y envejecido durante un m\u00ednimo de diez a\u00f1os. La rareza de esta excepcional variedad de bourbon se revela en las complejidades de su aroma, as\u00ed como en su sabor suave y duradero. Eagle Rare hace honor a su nombre, ofreciendo una aventura gustativa sublime e inconfundible.<\/p>\n<p><strong>Tasting Notes<\/strong><\/p>\n<p><strong>Nariz<\/strong>: Un tapiz de aromas intrincados, incluyendo toffee, delicados toques de piel de naranja, matices herb\u00e1ceos, miel, cuero y el sutil abrazo del roble. <strong>Sabor:<\/strong> Sabores asertivos y robustos con una pronunciada sequedad, caracterizados por la presencia de almendras confitadas y notas de cacao profundamente indulgentes. <strong>Final:<\/strong> Un final seco y persistente que perdura, dejando una impresi\u00f3n duradera.<\/p>\n","protected":false},"featured_media":77246,"comment_status":"open","ping_status":"closed","template":"","meta":{"_acf_changed":false},"product_brand":[],"product_cat":[375],"product_tag":[],"class_list":{"0":"post-78676","1":"product","2":"type-product","3":"status-publish","4":"has-post-thumbnail","6":"product_cat-kentucky-es","8":"first","9":"instock","10":"taxable","11":"shipping-taxable","12":"purchasable","13":"product-type-simple"},"acf":[],"aioseo_notices":[],"jetpack_sharing_enabled":true,"_links":{"self":[{"href":"https:\/\/whisky.ad\/es\/wp-json\/wp\/v2\/product\/78676","targetHints":{"allow":["GET"]}}],"collection":[{"href":"https:\/\/whisky.ad\/es\/wp-json\/wp\/v2\/product"}],"about":[{"href":"https:\/\/whisky.ad\/es\/wp-json\/wp\/v2\/types\/product"}],"replies":[{"embeddable":true,"href":"https:\/\/whisky.ad\/es\/wp-json\/wp\/v2\/comments?post=78676"}],"wp:featuredmedia":[{"embeddable":true,"href":"https:\/\/whisky.ad\/es\/wp-json\/wp\/v2\/media\/77246"}],"wp:attachment":[{"href":"https:\/\/whisky.ad\/es\/wp-json\/wp\/v2\/media?parent=78676"}],"wp:term":[{"taxonomy":"product_brand","embeddable":true,"href":"https:\/\/whisky.ad\/es\/wp-json\/wp\/v2\/product_brand?post=78676"},{"taxonomy":"product_cat","embeddable":true,"href":"https:\/\/whisky.ad\/es\/wp-json\/wp\/v2\/product_cat?post=78676"},{"taxonomy":"product_tag","embeddable":true,"href":"https:\/\/whisky.ad\/es\/wp-json\/wp\/v2\/product_tag?post=78676"}],"curies":[{"name":"wp","href":"https:\/\/api.w.org\/{rel}","templated":true}]}}