{"id":78673,"date":"2023-08-28T10:18:55","date_gmt":"2023-08-28T09:18:55","guid":{"rendered":"https:\/\/whisky.ad\/product\/e-h-taylor-small-batch-50-0-75l\/"},"modified":"2023-08-28T10:18:55","modified_gmt":"2023-08-28T09:18:55","slug":"e-h-taylor-small-batch-50-0-75l","status":"publish","type":"product","link":"https:\/\/whisky.ad\/es\/producto\/e-h-taylor-small-batch-50-0-75l\/","title":{"rendered":"E.H. Taylor Small Batch 50% 0.75l"},"content":{"rendered":"","protected":false},"excerpt":{"rendered":"<p>La Colecci\u00f3n E.H. Taylor, Jr. Collection presenta una oferta extraordinaria: Kentucky Straight Bourbon Whiskey en forma de E.H. Taylor, Jr. Small Batch. Venerado como pionero en el \u00e1mbito del bourbon, el coronel Edmund Haynes Taylor, Jr. ciment\u00f3 un legado perdurable. Su compromiso con el oficio surgi\u00f3 poco despu\u00e9s del final de la Guerra de Secesi\u00f3n, cuando adquiri\u00f3 la destiler\u00eda O.F.C. Distillery. Fue aqu\u00ed donde fue pionero en metodolog\u00edas innovadoras, t\u00e9cnicas que persisten en la pr\u00e1ctica contempor\u00e1nea. Elaborado meticulosamente a mano, este Small Batch Bourbon Whiskey madura en almacenes centenarios, ideados y construidos nada menos que por E.H. Taylor, Jr. Cada barrica se somete a una minuciosa evaluaci\u00f3n y curaci\u00f3n, que culmina en una armoniosa fusi\u00f3n de caracter\u00edsticas distintivas sin parang\u00f3n. Esta creaci\u00f3n, un aut\u00e9ntico bourbon para beber a sorbos, rinde homenaje al resuelto legado de E.H. Taylor, Jr. manteni\u00e9ndose inquebrantable en su devoci\u00f3n por la calidad sin concesiones.     <\/p>\n","protected":false},"featured_media":77261,"comment_status":"open","ping_status":"closed","template":"","meta":{"_acf_changed":false},"product_brand":[],"product_cat":[375],"product_tag":[],"class_list":{"0":"post-78673","1":"product","2":"type-product","3":"status-publish","4":"has-post-thumbnail","6":"product_cat-kentucky-es","8":"first","9":"instock","10":"taxable","11":"shipping-taxable","12":"purchasable","13":"product-type-simple"},"acf":[],"aioseo_notices":[],"jetpack_sharing_enabled":true,"_links":{"self":[{"href":"https:\/\/whisky.ad\/es\/wp-json\/wp\/v2\/product\/78673","targetHints":{"allow":["GET"]}}],"collection":[{"href":"https:\/\/whisky.ad\/es\/wp-json\/wp\/v2\/product"}],"about":[{"href":"https:\/\/whisky.ad\/es\/wp-json\/wp\/v2\/types\/product"}],"replies":[{"embeddable":true,"href":"https:\/\/whisky.ad\/es\/wp-json\/wp\/v2\/comments?post=78673"}],"wp:featuredmedia":[{"embeddable":true,"href":"https:\/\/whisky.ad\/es\/wp-json\/wp\/v2\/media\/77261"}],"wp:attachment":[{"href":"https:\/\/whisky.ad\/es\/wp-json\/wp\/v2\/media?parent=78673"}],"wp:term":[{"taxonomy":"product_brand","embeddable":true,"href":"https:\/\/whisky.ad\/es\/wp-json\/wp\/v2\/product_brand?post=78673"},{"taxonomy":"product_cat","embeddable":true,"href":"https:\/\/whisky.ad\/es\/wp-json\/wp\/v2\/product_cat?post=78673"},{"taxonomy":"product_tag","embeddable":true,"href":"https:\/\/whisky.ad\/es\/wp-json\/wp\/v2\/product_tag?post=78673"}],"curies":[{"name":"wp","href":"https:\/\/api.w.org\/{rel}","templated":true}]}}