{"id":78670,"date":"2023-07-29T18:30:31","date_gmt":"2023-07-29T17:30:31","guid":{"rendered":"https:\/\/whisky.ad\/product\/domaine-de-cassaigne-rouge-2019-075l-14\/"},"modified":"2024-01-11T16:52:30","modified_gmt":"2024-01-11T15:52:30","slug":"domaine-de-cassaigne-rouge-2019-075l-14","status":"publish","type":"product","link":"https:\/\/whisky.ad\/es\/producto\/domaine-de-cassaigne-rouge-2019-075l-14\/","title":{"rendered":"Domaine de Cassaigne rouge 2019 0,75L.14%"},"content":{"rendered":"","protected":false},"excerpt":{"rendered":"<div class=\"flex flex-grow flex-col gap-3\">\n<div class=\"min-h-[20px] flex items-start overflow-x-auto whitespace-pre-wrap break-words flex-col gap-4\">\n<div class=\"markdown prose w-full break-words dark:prose-invert light\">\n<p>Con un impresionante legado de 80 a\u00f1os en la destilaci\u00f3n de hierbas, los maestros de Liviko aportan su experiencia. Empleando el m\u00e9todo del alambique, destilan meticulosamente una base de ginebra a partir de especias y aromas cuidadosamente seleccionados, que forman el n\u00facleo de Crafter&#8217;s Original Distilled Gin. Elaborada con aguardiente de grano de primera calidad y agua especialmente tratada, este producto combina la excelencia de bayas de enebro de alta calidad, jengibre, especias variadas y aromas naturales. Todos los elementos se obtienen de forma natural, lo que pone de relieve el compromiso con la pureza de los ingredientes. La interacci\u00f3n orquestada de los componentes activos de estos aromas cuidadosamente seleccionados produce una bebida armoniosa, arom\u00e1tica y refrescantemente especiada. La fusi\u00f3n ingeniosa de estos aromas y especias da como resultado una mezcla exquisita: la baya de enebro dominante, el toque vigorizante del jengibre y elementos matizados, divulgados s\u00f3lo a los maestros destiladores, convergen para otorgar a la ginebra Crafter&#8217;s Original Distilled Gin una esencia incomparable y distintiva.<\/p>\n<\/div>\n<\/div>\n<\/div>\n<div class=\"absolute bottom-0 left-0 w-full border-t md:border-t-0 dark:border-white\/20 md:border-transparent md:dark:border-transparent md:bg-vert-light-gradient bg-white dark:bg-gray-800 md:!bg-transparent dark:md:bg-vert-dark-gradient pt-2 md:pl-2 md:w-[calc(100%-.5rem)]\">\n<form class=\"stretch mx-2 flex flex-row gap-3 last:mb-2 md:mx-4 md:last:mb-6 lg:mx-auto lg:max-w-2xl xl:max-w-3xl\">\n<div class=\"relative flex h-full flex-1 items-stretch md:flex-col\" role=\"presentation\">\n<div>\n<div class=\"h-full flex ml-1 md:w-full md:m-auto md:mb-4 gap-0 md:gap-2 justify-center\">\n<div class=\"grow\"><\/div>\n<\/div>\n<\/div>\n<\/div>\n<\/form>\n<\/div>\n","protected":false},"featured_media":76943,"comment_status":"open","ping_status":"closed","template":"","meta":{"_acf_changed":false},"product_brand":[],"product_cat":[495,387],"product_tag":[],"class_list":{"0":"post-78670","1":"product","2":"type-product","3":"status-publish","4":"has-post-thumbnail","6":"product_cat-cotes-de-gascogne-es","7":"product_cat-vino-es","9":"first","10":"instock","11":"taxable","12":"shipping-taxable","13":"product-type-simple"},"acf":[],"aioseo_notices":[],"jetpack_sharing_enabled":true,"_links":{"self":[{"href":"https:\/\/whisky.ad\/es\/wp-json\/wp\/v2\/product\/78670","targetHints":{"allow":["GET"]}}],"collection":[{"href":"https:\/\/whisky.ad\/es\/wp-json\/wp\/v2\/product"}],"about":[{"href":"https:\/\/whisky.ad\/es\/wp-json\/wp\/v2\/types\/product"}],"replies":[{"embeddable":true,"href":"https:\/\/whisky.ad\/es\/wp-json\/wp\/v2\/comments?post=78670"}],"wp:featuredmedia":[{"embeddable":true,"href":"https:\/\/whisky.ad\/es\/wp-json\/wp\/v2\/media\/76943"}],"wp:attachment":[{"href":"https:\/\/whisky.ad\/es\/wp-json\/wp\/v2\/media?parent=78670"}],"wp:term":[{"taxonomy":"product_brand","embeddable":true,"href":"https:\/\/whisky.ad\/es\/wp-json\/wp\/v2\/product_brand?post=78670"},{"taxonomy":"product_cat","embeddable":true,"href":"https:\/\/whisky.ad\/es\/wp-json\/wp\/v2\/product_cat?post=78670"},{"taxonomy":"product_tag","embeddable":true,"href":"https:\/\/whisky.ad\/es\/wp-json\/wp\/v2\/product_tag?post=78670"}],"curies":[{"name":"wp","href":"https:\/\/api.w.org\/{rel}","templated":true}]}}