{"id":78661,"date":"2018-11-13T09:50:46","date_gmt":"2018-11-13T08:50:46","guid":{"rendered":"https:\/\/whisky.ad\/product\/crafters-aromatic-flower-gin-magic-colour-change-0-7l-443\/"},"modified":"2023-12-13T20:03:36","modified_gmt":"2023-12-13T19:03:36","slug":"crafters-aromatic-flower-gin-magic-colour-change-0-7l-443","status":"publish","type":"product","link":"https:\/\/whisky.ad\/es\/producto\/crafters-aromatic-flower-gin-magic-colour-change-0-7l-443\/","title":{"rendered":"Crafter&#8217;s Aromatic Flower Gin . Magic Color Change! 0.7L.   44,3%"},"content":{"rendered":"","protected":false},"excerpt":{"rendered":"<p>Una de las mejores ginebras del mundo. La ginebra de flores arom\u00e1ticas Crafter&#8217;s es una mezcla \u00fanica de 12 plantas arom\u00e1ticas seleccionadas por expertos y destiladas al cobre para conseguir una mayor pureza y suavidad. Ha sido exquisitamente elaborada con flores de rosa mosqueta y reina de los prados, caracter\u00edsticas de la costa estonia. Unas magn\u00edficas notas florales danzan por la paleta gracias a la flor de sa\u00faco, los p\u00e9talos de rosa y la lavanda, mientras que el ex\u00f3tico yuzu le confiere verdadera profundidad. La calidez de la manzanilla perdura como una tarde de verano, mientras que el frescor de las bayas de enebro recuerda un g\u00e9lido invierno septentrional. Cuando se combina esta ginebra naturalmente cobriza con una t\u00f3nica, se observa un maravilloso cambio de color a un delicado rosa;     <\/p>\n","protected":false},"featured_media":77447,"comment_status":"open","ping_status":"closed","template":"","meta":{"_acf_changed":false},"product_brand":[],"product_cat":[345,414],"product_tag":[],"class_list":{"0":"post-78661","1":"product","2":"type-product","3":"status-publish","4":"has-post-thumbnail","6":"product_cat-bebidas-acoholicas-es","7":"product_cat-ginebra","9":"first","10":"instock","11":"taxable","12":"shipping-taxable","13":"purchasable","14":"product-type-simple"},"acf":[],"aioseo_notices":[],"jetpack_sharing_enabled":true,"_links":{"self":[{"href":"https:\/\/whisky.ad\/es\/wp-json\/wp\/v2\/product\/78661","targetHints":{"allow":["GET"]}}],"collection":[{"href":"https:\/\/whisky.ad\/es\/wp-json\/wp\/v2\/product"}],"about":[{"href":"https:\/\/whisky.ad\/es\/wp-json\/wp\/v2\/types\/product"}],"replies":[{"embeddable":true,"href":"https:\/\/whisky.ad\/es\/wp-json\/wp\/v2\/comments?post=78661"}],"wp:featuredmedia":[{"embeddable":true,"href":"https:\/\/whisky.ad\/es\/wp-json\/wp\/v2\/media\/77447"}],"wp:attachment":[{"href":"https:\/\/whisky.ad\/es\/wp-json\/wp\/v2\/media?parent=78661"}],"wp:term":[{"taxonomy":"product_brand","embeddable":true,"href":"https:\/\/whisky.ad\/es\/wp-json\/wp\/v2\/product_brand?post=78661"},{"taxonomy":"product_cat","embeddable":true,"href":"https:\/\/whisky.ad\/es\/wp-json\/wp\/v2\/product_cat?post=78661"},{"taxonomy":"product_tag","embeddable":true,"href":"https:\/\/whisky.ad\/es\/wp-json\/wp\/v2\/product_tag?post=78661"}],"curies":[{"name":"wp","href":"https:\/\/api.w.org\/{rel}","templated":true}]}}