{"id":78657,"date":"2023-07-30T18:14:47","date_gmt":"2023-07-30T17:14:47","guid":{"rendered":"https:\/\/whisky.ad\/product\/corazon-single-estate-reposado-40-70cl\/"},"modified":"2024-01-08T12:34:55","modified_gmt":"2024-01-08T11:34:55","slug":"corazon-single-estate-reposado-40-70cl","status":"publish","type":"product","link":"https:\/\/whisky.ad\/es\/producto\/corazon-single-estate-reposado-40-70cl\/","title":{"rendered":"Corazon Single Estate Reposado 40% 70cl"},"content":{"rendered":"<p>Aspecto: Revela su car\u00e1cter en un delicioso tono \u00e1mbar claro. Aroma: Experimenta la vibrante fusi\u00f3n de tomillo fresco, hierba verde y n\u00e9ctar de agave que se entremezclan con gracia, creando un bouquet tentador en este reposado. Sabor: El paladar es tratado con una presencia integral de tonos terrosos, maravillosamente apoyados por la suave esencia de vainilla, almendra marcona, y una mezcla de hierbas frescas. Impecablemente redondo y refinado. Maduraci\u00f3n: Envejecido cuidadosamente durante 6-8 meses en barricas de roble americano. Graduaci\u00f3n alcoh\u00f3lica: 40% Alc\/vol (80 Proof) En el paladar, disfrute de una entrada suave y amable con aromas de pralin\u00e9, tomillo limonero, pimienta asada y panal de miel, que se despliegan en un cuerpo aceitoso de medio a pleno. Capas de especias marrones, vainilla y especias ex\u00f3ticas enriquecen a\u00fan m\u00e1s la experiencia. El final se prolonga con una suave ola de virutas de coco, frutos secos especiados, caja de puros, piedras mojadas y pimienta blanca. La maduraci\u00f3n en roble le confiere una suavidad y profundidad que antes s\u00f3lo recordaban a los mejores co\u00f1acs a\u00f1ejos y whiskies de malta. Reconocimientos:<\/p>\n<ul>\n<li>2019 Los Angeles International Spirits Competition: Gold Medal<\/li>\n<li>2017 Ultimate Spirits Challenge: 95\/100 points, Extraordinary\/Ultimate Recommendation, Trophy Finalist, Great Value Award<\/li>\n<li>2016 World Drink Awards: Honored with the title of World&#8217;s Best Tequila<\/li>\n<\/ul>\n","protected":false},"excerpt":{"rendered":"<p>Aspecto: Revela su car\u00e1cter en un delicioso tono \u00e1mbar claro. Aroma: Experimenta la vibrante fusi\u00f3n de tomillo fresco, hierba verde y n\u00e9ctar de agave que se entremezclan con gracia, creando un bouquet tentador en este reposado. Sabor: El paladar es tratado con una presencia integral de tonos terrosos, maravillosamente apoyados por la suave esencia de [&hellip;]<\/p>\n","protected":false},"featured_media":76961,"comment_status":"open","ping_status":"closed","template":"","meta":{"_acf_changed":false},"product_brand":[],"product_cat":[345,420],"product_tag":[],"class_list":{"0":"post-78657","1":"product","2":"type-product","3":"status-publish","4":"has-post-thumbnail","6":"product_cat-bebidas-acoholicas-es","7":"product_cat-tequila-es","9":"first","10":"instock","11":"taxable","12":"shipping-taxable","13":"purchasable","14":"product-type-simple"},"acf":[],"aioseo_notices":[],"jetpack_sharing_enabled":true,"_links":{"self":[{"href":"https:\/\/whisky.ad\/es\/wp-json\/wp\/v2\/product\/78657","targetHints":{"allow":["GET"]}}],"collection":[{"href":"https:\/\/whisky.ad\/es\/wp-json\/wp\/v2\/product"}],"about":[{"href":"https:\/\/whisky.ad\/es\/wp-json\/wp\/v2\/types\/product"}],"replies":[{"embeddable":true,"href":"https:\/\/whisky.ad\/es\/wp-json\/wp\/v2\/comments?post=78657"}],"wp:featuredmedia":[{"embeddable":true,"href":"https:\/\/whisky.ad\/es\/wp-json\/wp\/v2\/media\/76961"}],"wp:attachment":[{"href":"https:\/\/whisky.ad\/es\/wp-json\/wp\/v2\/media?parent=78657"}],"wp:term":[{"taxonomy":"product_brand","embeddable":true,"href":"https:\/\/whisky.ad\/es\/wp-json\/wp\/v2\/product_brand?post=78657"},{"taxonomy":"product_cat","embeddable":true,"href":"https:\/\/whisky.ad\/es\/wp-json\/wp\/v2\/product_cat?post=78657"},{"taxonomy":"product_tag","embeddable":true,"href":"https:\/\/whisky.ad\/es\/wp-json\/wp\/v2\/product_tag?post=78657"}],"curies":[{"name":"wp","href":"https:\/\/api.w.org\/{rel}","templated":true}]}}