{"id":78652,"date":"2023-07-30T18:17:40","date_gmt":"2023-07-30T17:17:40","guid":{"rendered":"https:\/\/whisky.ad\/product\/corazon-single-estate-blanco-40-0-7l\/"},"modified":"2024-01-08T12:31:29","modified_gmt":"2024-01-08T11:31:29","slug":"corazon-single-estate-blanco-40-0-7l","status":"publish","type":"product","link":"https:\/\/whisky.ad\/es\/producto\/corazon-single-estate-blanco-40-0-7l\/","title":{"rendered":"Corazon Single Estate Blanco 40% 0.7L"},"content":{"rendered":"","protected":false},"excerpt":{"rendered":"<p>Coraz\u00f3n Blanco Tequila &#8211; un testimonio del arte de la destilaci\u00f3n y el refinamiento. Elaborado con precisi\u00f3n, el Tequila Coraz\u00f3n Blanco se somete a un meticuloso proceso de doble destilaci\u00f3n, seguido de una infusi\u00f3n de ox\u00edgeno antes de llegar a la botella. Se cree que esta t\u00e9cnica eleva los delicados aromas y sabores extra\u00eddos de plantas de agave de 6-8 a\u00f1os, cultivadas y cosechadas con esmero en las hist\u00f3ricas fincas de la regi\u00f3n de Los Altos, en M\u00e9xico, desde 1886. Cristalino con un sutil tono n\u00edquel, este tequila seduce los sentidos con un delicado bouquet de higos, manteca de cacao, aceitunas y papaya. Una entrada suave y sedosa en el paladar da paso con gracia a un cuerpo seco de medio a pleno, donde los sabores bien integrados de frutos secos, pralin\u00e9, pimienta y hierbas melosas bailan armoniosamente.El final es extraordinariamente largo, dulce y elegante, dejando una impresi\u00f3n duradera de suavidad y pureza excepcionales. AROMA: Prep\u00e1rese para ser cautivado por los tentadores aromas de pi\u00f1a asada, jalape\u00f1o asado y c\u00e1scara de mandarina, que se entrelazan para crear un tequila verdaderamente complejo. SABOR: El paladar est\u00e1 adornado con un tono mineral yodado, acompa\u00f1ado de una textura cremosa que envuelve la boca, culminando en un final vigorizante y picante. CRIANZA: Sin envejecer, para que brille la esencia intacta del agave. ALCOHOL: 40% Alc\/vol (80 Proof) Premios:<\/p>\n<ul>\n<li>2019 Ultimate Spirits Challenge: 92\/100 Points, Excellent\/Highly Recommended<\/li>\n<li>2019 Los Angeles International Spirits Competition: Gold Medal, Best of Category<\/li>\n<li>2019 World Tequila Awards: Best Blanco<\/li>\n<\/ul>\n","protected":false},"featured_media":76352,"comment_status":"open","ping_status":"closed","template":"","meta":{"_acf_changed":false},"product_brand":[],"product_cat":[345,420],"product_tag":[],"class_list":{"0":"post-78652","1":"product","2":"type-product","3":"status-publish","4":"has-post-thumbnail","6":"product_cat-bebidas-acoholicas-es","7":"product_cat-tequila-es","9":"first","10":"instock","11":"taxable","12":"shipping-taxable","13":"purchasable","14":"product-type-simple"},"acf":[],"aioseo_notices":[],"jetpack_sharing_enabled":true,"_links":{"self":[{"href":"https:\/\/whisky.ad\/es\/wp-json\/wp\/v2\/product\/78652","targetHints":{"allow":["GET"]}}],"collection":[{"href":"https:\/\/whisky.ad\/es\/wp-json\/wp\/v2\/product"}],"about":[{"href":"https:\/\/whisky.ad\/es\/wp-json\/wp\/v2\/types\/product"}],"replies":[{"embeddable":true,"href":"https:\/\/whisky.ad\/es\/wp-json\/wp\/v2\/comments?post=78652"}],"wp:featuredmedia":[{"embeddable":true,"href":"https:\/\/whisky.ad\/es\/wp-json\/wp\/v2\/media\/76352"}],"wp:attachment":[{"href":"https:\/\/whisky.ad\/es\/wp-json\/wp\/v2\/media?parent=78652"}],"wp:term":[{"taxonomy":"product_brand","embeddable":true,"href":"https:\/\/whisky.ad\/es\/wp-json\/wp\/v2\/product_brand?post=78652"},{"taxonomy":"product_cat","embeddable":true,"href":"https:\/\/whisky.ad\/es\/wp-json\/wp\/v2\/product_cat?post=78652"},{"taxonomy":"product_tag","embeddable":true,"href":"https:\/\/whisky.ad\/es\/wp-json\/wp\/v2\/product_tag?post=78652"}],"curies":[{"name":"wp","href":"https:\/\/api.w.org\/{rel}","templated":true}]}}