{"id":78649,"date":"2023-07-30T18:27:58","date_gmt":"2023-07-30T17:27:58","guid":{"rendered":"https:\/\/whisky.ad\/product\/corazon-single-estate-anejo-40-0-7l\/"},"modified":"2024-01-08T12:29:05","modified_gmt":"2024-01-08T11:29:05","slug":"corazon-single-estate-anejo-40-0-7l","status":"publish","type":"product","link":"https:\/\/whisky.ad\/es\/producto\/corazon-single-estate-anejo-40-0-7l\/","title":{"rendered":"Corazon Single Estate Anejo 40% 0.7L"},"content":{"rendered":"","protected":false},"excerpt":{"rendered":"<div class=\"flex flex-grow flex-col gap-3\">\n<div class=\"min-h-[20px] flex items-start overflow-x-auto whitespace-pre-wrap break-words flex-col gap-4\">\n<div class=\"markdown prose w-full break-words dark:prose-invert light\">\n<p>Tequila Coraz\u00f3n A\u00f1ejo, una obra maestra envejecida en barricas de roble americano. Criado pacientemente durante 2 a\u00f1os, este A\u00f1ejo absorbe y captura delicadamente las esencias naturales del roble, dando como resultado una bebida espirituosa verdaderamente extraordinaria. Su aspecto es de un \u00e1mbar dorado p\u00e1lido, que insin\u00faa el viaje sensorial que se avecina. En nariz, nos recibe con tentadores aromas de creme brulee de coco mantecoso, helado de menta, pan de nueces con pasas y miel, y delicadas especias de encurtido, todos ellos maravillosamente entrelazados. La entrada, suave y satinada, conduce a un cuerpo seco y medio-alto, con intrigantes toques de hierba lim\u00f3n, hierbas y cacao. El final es redondo, potente y recuerda elegantemente a la crema inglesa. COLOR: Un cautivador tono \u00e1mbar medio. AROMA: La nariz se deleita con una esencia fresca, verde como un bosque, elegantemente complementada con notas bien integradas de una caja de especias. SABOR: En el paladar, experimenta un a\u00f1ejo ligero, sabroso y arom\u00e1tico, donde los sabores de tabaco especiado, musgo carbonizado y caf\u00e9 interact\u00faan con gracia. Sutil pero concentrado. CRIANZA: Envejecido meticulosamente durante 16-18 meses en barricas de roble americano. ALCOHOL: 40% Alc\/vol (80 Proof) Premios: <\/p>\n<ul>\n<li>2019 Los Angeles International Spirits Competition: Gold Medal<\/li>\n<li>2018 Los Angeles International Spirits Competition: Gold Medal<\/li>\n<li>2016 World Drink Awards: Honored as the Best A\u00f1ejo Tequila<\/li>\n<\/ul>\n<\/div>\n<\/div>\n<\/div>\n","protected":false},"featured_media":76964,"comment_status":"open","ping_status":"closed","template":"","meta":{"_acf_changed":false},"product_brand":[],"product_cat":[420,345,397],"product_tag":[],"class_list":{"0":"post-78649","1":"product","2":"type-product","3":"status-publish","4":"has-post-thumbnail","6":"product_cat-tequila-es","7":"product_cat-bebidas-acoholicas-es","8":"product_cat-presentado","10":"first","11":"instock","12":"sale","13":"featured","14":"taxable","15":"shipping-taxable","16":"purchasable","17":"product-type-simple"},"acf":[],"aioseo_notices":[],"jetpack_sharing_enabled":true,"_links":{"self":[{"href":"https:\/\/whisky.ad\/es\/wp-json\/wp\/v2\/product\/78649","targetHints":{"allow":["GET"]}}],"collection":[{"href":"https:\/\/whisky.ad\/es\/wp-json\/wp\/v2\/product"}],"about":[{"href":"https:\/\/whisky.ad\/es\/wp-json\/wp\/v2\/types\/product"}],"replies":[{"embeddable":true,"href":"https:\/\/whisky.ad\/es\/wp-json\/wp\/v2\/comments?post=78649"}],"wp:featuredmedia":[{"embeddable":true,"href":"https:\/\/whisky.ad\/es\/wp-json\/wp\/v2\/media\/76964"}],"wp:attachment":[{"href":"https:\/\/whisky.ad\/es\/wp-json\/wp\/v2\/media?parent=78649"}],"wp:term":[{"taxonomy":"product_brand","embeddable":true,"href":"https:\/\/whisky.ad\/es\/wp-json\/wp\/v2\/product_brand?post=78649"},{"taxonomy":"product_cat","embeddable":true,"href":"https:\/\/whisky.ad\/es\/wp-json\/wp\/v2\/product_cat?post=78649"},{"taxonomy":"product_tag","embeddable":true,"href":"https:\/\/whisky.ad\/es\/wp-json\/wp\/v2\/product_tag?post=78649"}],"curies":[{"name":"wp","href":"https:\/\/api.w.org\/{rel}","templated":true}]}}