{"id":78646,"date":"2023-08-29T14:51:29","date_gmt":"2023-08-29T13:51:29","guid":{"rendered":"https:\/\/whisky.ad\/product\/concorde-xo-french-brandy-0-7l-37\/"},"modified":"2023-08-29T14:51:29","modified_gmt":"2023-08-29T13:51:29","slug":"concorde-xo-french-brandy-0-7l-37","status":"publish","type":"product","link":"https:\/\/whisky.ad\/es\/producto\/concorde-xo-french-brandy-0-7l-37\/","title":{"rendered":"Concorde XO French Brandy 0.7L. 37%"},"content":{"rendered":"","protected":false},"excerpt":{"rendered":"<p>De color marr\u00f3n dorado y \u00e1mbar, este whisky tiene un cuerpo medio que refleja su madurez. Desprende una esencia c\u00e1lida acompa\u00f1ada de tonos de fruta dulce y delicados toques de cacao, todo ello apuntalado por un satisfactorio toque picante. <\/p>\n","protected":false},"featured_media":77468,"comment_status":"open","ping_status":"closed","template":"","meta":{"_acf_changed":false},"product_brand":[],"product_cat":[340,345],"product_tag":[],"class_list":{"0":"post-78646","1":"product","2":"type-product","3":"status-publish","4":"has-post-thumbnail","6":"product_cat-cognac-armagnac-brandy-es","7":"product_cat-bebidas-acoholicas-es","9":"first","10":"instock","11":"taxable","12":"shipping-taxable","13":"purchasable","14":"product-type-simple"},"acf":[],"aioseo_notices":[],"jetpack_sharing_enabled":true,"_links":{"self":[{"href":"https:\/\/whisky.ad\/es\/wp-json\/wp\/v2\/product\/78646","targetHints":{"allow":["GET"]}}],"collection":[{"href":"https:\/\/whisky.ad\/es\/wp-json\/wp\/v2\/product"}],"about":[{"href":"https:\/\/whisky.ad\/es\/wp-json\/wp\/v2\/types\/product"}],"replies":[{"embeddable":true,"href":"https:\/\/whisky.ad\/es\/wp-json\/wp\/v2\/comments?post=78646"}],"wp:featuredmedia":[{"embeddable":true,"href":"https:\/\/whisky.ad\/es\/wp-json\/wp\/v2\/media\/77468"}],"wp:attachment":[{"href":"https:\/\/whisky.ad\/es\/wp-json\/wp\/v2\/media?parent=78646"}],"wp:term":[{"taxonomy":"product_brand","embeddable":true,"href":"https:\/\/whisky.ad\/es\/wp-json\/wp\/v2\/product_brand?post=78646"},{"taxonomy":"product_cat","embeddable":true,"href":"https:\/\/whisky.ad\/es\/wp-json\/wp\/v2\/product_cat?post=78646"},{"taxonomy":"product_tag","embeddable":true,"href":"https:\/\/whisky.ad\/es\/wp-json\/wp\/v2\/product_tag?post=78646"}],"curies":[{"name":"wp","href":"https:\/\/api.w.org\/{rel}","templated":true}]}}