{"id":78640,"date":"2023-08-28T17:04:21","date_gmt":"2023-08-28T16:04:21","guid":{"rendered":"https:\/\/whisky.ad\/product\/cognac-jules-gautret-xo-swan-0-7l-40\/"},"modified":"2023-08-28T17:04:21","modified_gmt":"2023-08-28T16:04:21","slug":"cognac-jules-gautret-xo-swan-0-7l-40","status":"publish","type":"product","link":"https:\/\/whisky.ad\/es\/producto\/cognac-jules-gautret-xo-swan-0-7l-40\/","title":{"rendered":"Cognac Jules Gautret XO Swan 0.7l 40%"},"content":{"rendered":"","protected":false},"excerpt":{"rendered":"<div class=\"flex flex-grow flex-col gap-3 max-w-full\">\n<div class=\"min-h-[20px] flex flex-col items-start gap-3 overflow-x-auto whitespace-pre-wrap break-words\">\n<div class=\"markdown prose w-full break-words dark:prose-invert light\">\n<p>El co\u00f1ac Jules Gautret XO ejemplifica una h\u00e1bil fusi\u00f3n de m\u00faltiples aguardientes, meticulosamente destilados, envejecidos y armonizados a lo largo del tiempo por nuestro experto Maestro de Bodega. 25 A\u00d1OS. Estos aguardientes han alcanzado un nivel de madurez que garantiza la presencia de sabores duraderos, aterciopelados y profundos, sustentados por una deliciosa suavidad. Perfil de cata: Aspecto: Tono \u00e1mbar profundo con destellos de oro radiante Aroma: Una mezcla seductora e inesperada, con delicados toques de avellana, frutos secos y una sutil esencia amaderada Paladar: Excepcional en boca, con una notable longitud, una intrincada interacci\u00f3n de notas afrutadas y de roble, y un notable equilibrio que a\u00fana finura y potencia. <\/p>\n<\/div>\n<\/div>\n<\/div>\n","protected":false},"featured_media":77387,"comment_status":"open","ping_status":"closed","template":"","meta":{"_acf_changed":false},"product_brand":[],"product_cat":[340,345],"product_tag":[],"class_list":{"0":"post-78640","1":"product","2":"type-product","3":"status-publish","4":"has-post-thumbnail","6":"product_cat-cognac-armagnac-brandy-es","7":"product_cat-bebidas-acoholicas-es","9":"first","10":"instock","11":"taxable","12":"shipping-taxable","13":"purchasable","14":"product-type-simple"},"acf":[],"aioseo_notices":[],"jetpack_sharing_enabled":true,"_links":{"self":[{"href":"https:\/\/whisky.ad\/es\/wp-json\/wp\/v2\/product\/78640","targetHints":{"allow":["GET"]}}],"collection":[{"href":"https:\/\/whisky.ad\/es\/wp-json\/wp\/v2\/product"}],"about":[{"href":"https:\/\/whisky.ad\/es\/wp-json\/wp\/v2\/types\/product"}],"replies":[{"embeddable":true,"href":"https:\/\/whisky.ad\/es\/wp-json\/wp\/v2\/comments?post=78640"}],"wp:featuredmedia":[{"embeddable":true,"href":"https:\/\/whisky.ad\/es\/wp-json\/wp\/v2\/media\/77387"}],"wp:attachment":[{"href":"https:\/\/whisky.ad\/es\/wp-json\/wp\/v2\/media?parent=78640"}],"wp:term":[{"taxonomy":"product_brand","embeddable":true,"href":"https:\/\/whisky.ad\/es\/wp-json\/wp\/v2\/product_brand?post=78640"},{"taxonomy":"product_cat","embeddable":true,"href":"https:\/\/whisky.ad\/es\/wp-json\/wp\/v2\/product_cat?post=78640"},{"taxonomy":"product_tag","embeddable":true,"href":"https:\/\/whisky.ad\/es\/wp-json\/wp\/v2\/product_tag?post=78640"}],"curies":[{"name":"wp","href":"https:\/\/api.w.org\/{rel}","templated":true}]}}