{"id":78637,"date":"2023-08-28T16:53:25","date_gmt":"2023-08-28T15:53:25","guid":{"rendered":"https:\/\/whisky.ad\/product\/cognac-jules-gautret-vsop-0-7l-40\/"},"modified":"2023-08-28T16:53:25","modified_gmt":"2023-08-28T15:53:25","slug":"cognac-jules-gautret-vsop-0-7l-40","status":"publish","type":"product","link":"https:\/\/whisky.ad\/es\/producto\/cognac-jules-gautret-vsop-0-7l-40\/","title":{"rendered":"Cognac Jules Gautret VSOP 0.7L 40%"},"content":{"rendered":"","protected":false},"excerpt":{"rendered":"<p>De la venerable casa de co\u00f1ac Jules Gautret de Jonzac, su expresi\u00f3n VSOP es la culminaci\u00f3n de m\u00e1s de 4 a\u00f1os de envejecimiento de las eaux-de-vie antes del embotellado. Con or\u00edgenes que se remontan a 1847, esta casa cuenta con un rico legado. La meticulosa vinificaci\u00f3n y destilaci\u00f3n sobre l\u00edas finas contribuyen a la creaci\u00f3n de la armoniosa mezcla de co\u00f1ac VSOP de Jules Gautret, una selecci\u00f3n cuidadosamente seleccionada por su Maestro de Bodega. Esta mezcla armoniza los seductores aromas de aguardientes a\u00f1ejos procedentes de los mejores crus de la regi\u00f3n de Cognac. El aroma resultante es una deliciosa fusi\u00f3n de vainilla y miel, entrelazada con notas de c\u00edtricos y frutas carnosas maduras. La experiencia sensorial se acent\u00faa con su tonalidad dorada y ambarina. Al degustarlo, el paladar recibe una sensaci\u00f3n dulce y aterciopelada, acentuada por la presencia de notas c\u00edtricas y de frutas de pulpa amarilla.  <\/p>\n","protected":false},"featured_media":77381,"comment_status":"open","ping_status":"closed","template":"","meta":{"_acf_changed":false},"product_brand":[],"product_cat":[340,345],"product_tag":[],"class_list":{"0":"post-78637","1":"product","2":"type-product","3":"status-publish","4":"has-post-thumbnail","6":"product_cat-cognac-armagnac-brandy-es","7":"product_cat-bebidas-acoholicas-es","9":"first","10":"instock","11":"taxable","12":"shipping-taxable","13":"product-type-simple"},"acf":[],"aioseo_notices":[],"jetpack_sharing_enabled":true,"_links":{"self":[{"href":"https:\/\/whisky.ad\/es\/wp-json\/wp\/v2\/product\/78637","targetHints":{"allow":["GET"]}}],"collection":[{"href":"https:\/\/whisky.ad\/es\/wp-json\/wp\/v2\/product"}],"about":[{"href":"https:\/\/whisky.ad\/es\/wp-json\/wp\/v2\/types\/product"}],"replies":[{"embeddable":true,"href":"https:\/\/whisky.ad\/es\/wp-json\/wp\/v2\/comments?post=78637"}],"wp:featuredmedia":[{"embeddable":true,"href":"https:\/\/whisky.ad\/es\/wp-json\/wp\/v2\/media\/77381"}],"wp:attachment":[{"href":"https:\/\/whisky.ad\/es\/wp-json\/wp\/v2\/media?parent=78637"}],"wp:term":[{"taxonomy":"product_brand","embeddable":true,"href":"https:\/\/whisky.ad\/es\/wp-json\/wp\/v2\/product_brand?post=78637"},{"taxonomy":"product_cat","embeddable":true,"href":"https:\/\/whisky.ad\/es\/wp-json\/wp\/v2\/product_cat?post=78637"},{"taxonomy":"product_tag","embeddable":true,"href":"https:\/\/whisky.ad\/es\/wp-json\/wp\/v2\/product_tag?post=78637"}],"curies":[{"name":"wp","href":"https:\/\/api.w.org\/{rel}","templated":true}]}}