{"id":78634,"date":"2023-08-28T16:39:24","date_gmt":"2023-08-28T15:39:24","guid":{"rendered":"https:\/\/whisky.ad\/product\/cognac-jules-gautret-vs-0-7l-40\/"},"modified":"2023-08-28T16:39:24","modified_gmt":"2023-08-28T15:39:24","slug":"cognac-jules-gautret-vs-0-7l-40","status":"publish","type":"product","link":"https:\/\/whisky.ad\/es\/producto\/cognac-jules-gautret-vs-0-7l-40\/","title":{"rendered":"Cognac Jules Gautret VS 0.7l. 40%"},"content":{"rendered":"","protected":false},"excerpt":{"rendered":"<p>Creado en 1874, el co\u00f1ac Gautret VS de 70 cl procede de la c\u00e9lebre destiler\u00eda Jules Gautret, situada en la encantadora localidad de Jonzac. Desde sus or\u00edgenes, la destiler\u00eda se ha convertido en una cooperativa que re\u00fane a m\u00e1s de 500 cultivadores, cada uno de ellos arraigado en los mejores terru\u00f1os. Elaborado a partir de Eaux-de-vie y envejecido en barricas de Limousin durante un periodo de 2 a 3 a\u00f1os, este co\u00f1ac VS posee una deliciosa esencia aterciopelada, ideal para saborearlo solo, con hielo o como elemento fundamental en sus c\u00f3cteles preferidos.  <\/p>\n","protected":false},"featured_media":75482,"comment_status":"open","ping_status":"closed","template":"","meta":{"_acf_changed":false},"product_brand":[],"product_cat":[345,340],"product_tag":[],"class_list":{"0":"post-78634","1":"product","2":"type-product","3":"status-publish","4":"has-post-thumbnail","6":"product_cat-bebidas-acoholicas-es","7":"product_cat-cognac-armagnac-brandy-es","9":"first","10":"instock","11":"taxable","12":"shipping-taxable","13":"purchasable","14":"product-type-simple"},"acf":[],"aioseo_notices":[],"jetpack_sharing_enabled":true,"_links":{"self":[{"href":"https:\/\/whisky.ad\/es\/wp-json\/wp\/v2\/product\/78634","targetHints":{"allow":["GET"]}}],"collection":[{"href":"https:\/\/whisky.ad\/es\/wp-json\/wp\/v2\/product"}],"about":[{"href":"https:\/\/whisky.ad\/es\/wp-json\/wp\/v2\/types\/product"}],"replies":[{"embeddable":true,"href":"https:\/\/whisky.ad\/es\/wp-json\/wp\/v2\/comments?post=78634"}],"wp:featuredmedia":[{"embeddable":true,"href":"https:\/\/whisky.ad\/es\/wp-json\/wp\/v2\/media\/75482"}],"wp:attachment":[{"href":"https:\/\/whisky.ad\/es\/wp-json\/wp\/v2\/media?parent=78634"}],"wp:term":[{"taxonomy":"product_brand","embeddable":true,"href":"https:\/\/whisky.ad\/es\/wp-json\/wp\/v2\/product_brand?post=78634"},{"taxonomy":"product_cat","embeddable":true,"href":"https:\/\/whisky.ad\/es\/wp-json\/wp\/v2\/product_cat?post=78634"},{"taxonomy":"product_tag","embeddable":true,"href":"https:\/\/whisky.ad\/es\/wp-json\/wp\/v2\/product_tag?post=78634"}],"curies":[{"name":"wp","href":"https:\/\/api.w.org\/{rel}","templated":true}]}}