{"id":78631,"date":"2023-08-28T17:10:11","date_gmt":"2023-08-28T16:10:11","guid":{"rendered":"https:\/\/whisky.ad\/product\/cognac-jules-gautret-extra-swan-0-7l-40\/"},"modified":"2023-08-28T17:10:11","modified_gmt":"2023-08-28T16:10:11","slug":"cognac-jules-gautret-extra-swan-0-7l-40","status":"publish","type":"product","link":"https:\/\/whisky.ad\/es\/producto\/cognac-jules-gautret-extra-swan-0-7l-40\/","title":{"rendered":"Cognac Jules Gautret EXTRA Swan 0.7l 40%"},"content":{"rendered":"","protected":false},"excerpt":{"rendered":"<p>Jules Gautret Extra Cognac, una culminaci\u00f3n de aguardientes cuidadosamente elegidos y madurados, art\u00edsticamente seleccionados y envejecidos por nuestro Maestro Bodeguero para transmitir verdaderamente la esencia del terru\u00f1o de nuestro vi\u00f1edo. 35 A\u00d1OS. Jules Gautret Extra encarna una amalgama armoniosa en la que los taninos desarrollados con gracia, alimentados durante a\u00f1os de envejecimiento en barrica de roble, encuentran su expresi\u00f3n entrelazada con la sutileza de varios aguardientes. Perfil de cata: Aspecto: Un rico tono \u00e1mbar complementado con radiantes acentos dorados Aroma: Una mezcla encantadora e inesperada, con delicados rastros de chocolate y c\u00e1scara de naranja picante Paladar: Car\u00e1cter notablemente distintivo en el paladar, con un aroma original y refinado, resaltado por notas de suculenta ciruela y albaricoque, calentado por el suave abrazo de la nuez moscada y la vainilla. <\/p>\n","protected":false},"featured_media":77390,"comment_status":"open","ping_status":"closed","template":"","meta":{"_acf_changed":false},"product_brand":[],"product_cat":[345,340],"product_tag":[],"class_list":{"0":"post-78631","1":"product","2":"type-product","3":"status-publish","4":"has-post-thumbnail","6":"product_cat-bebidas-acoholicas-es","7":"product_cat-cognac-armagnac-brandy-es","9":"first","10":"instock","11":"taxable","12":"shipping-taxable","13":"purchasable","14":"product-type-simple"},"acf":[],"aioseo_notices":[],"jetpack_sharing_enabled":true,"_links":{"self":[{"href":"https:\/\/whisky.ad\/es\/wp-json\/wp\/v2\/product\/78631","targetHints":{"allow":["GET"]}}],"collection":[{"href":"https:\/\/whisky.ad\/es\/wp-json\/wp\/v2\/product"}],"about":[{"href":"https:\/\/whisky.ad\/es\/wp-json\/wp\/v2\/types\/product"}],"replies":[{"embeddable":true,"href":"https:\/\/whisky.ad\/es\/wp-json\/wp\/v2\/comments?post=78631"}],"wp:featuredmedia":[{"embeddable":true,"href":"https:\/\/whisky.ad\/es\/wp-json\/wp\/v2\/media\/77390"}],"wp:attachment":[{"href":"https:\/\/whisky.ad\/es\/wp-json\/wp\/v2\/media?parent=78631"}],"wp:term":[{"taxonomy":"product_brand","embeddable":true,"href":"https:\/\/whisky.ad\/es\/wp-json\/wp\/v2\/product_brand?post=78631"},{"taxonomy":"product_cat","embeddable":true,"href":"https:\/\/whisky.ad\/es\/wp-json\/wp\/v2\/product_cat?post=78631"},{"taxonomy":"product_tag","embeddable":true,"href":"https:\/\/whisky.ad\/es\/wp-json\/wp\/v2\/product_tag?post=78631"}],"curies":[{"name":"wp","href":"https:\/\/api.w.org\/{rel}","templated":true}]}}