{"id":78629,"date":"2023-08-28T17:44:22","date_gmt":"2023-08-28T16:44:22","guid":{"rendered":"https:\/\/whisky.ad\/product\/cognac-jules-gautret-1990-0-7l-44-5\/"},"modified":"2023-08-28T17:44:22","modified_gmt":"2023-08-28T16:44:22","slug":"cognac-jules-gautret-1990-0-7l-44-5","status":"publish","type":"product","link":"https:\/\/whisky.ad\/es\/producto\/cognac-jules-gautret-1990-0-7l-44-5\/","title":{"rendered":"Cognac Jules Gautret 1990 0.7l 44.5%"},"content":{"rendered":"","protected":false},"excerpt":{"rendered":"<div class=\"flex flex-grow flex-col gap-3 max-w-full\">\n<div class=\"min-h-[20px] flex flex-col items-start gap-3 overflow-x-auto whitespace-pre-wrap break-words\">\n<div class=\"markdown prose w-full break-words dark:prose-invert light\">\n<p>Una tonalidad luminosa, que oscila entre el dorado envejecido y los reflejos c\u00e1lidos y brillantes, indicativos de su hermosa edad. A medida que se revela m\u00e1s en nariz, desvela un bouquet expansivo, realzado por una gr\u00e1cil vivacidad y una intensidad fuera de lo com\u00fan. Una vez que se extiende bajo el paladar, nos sumerge en su deliciosa naturaleza, caracterizada por aromas de pasteler\u00eda y delicadas especias, armoniosamente acentuados por notas de clavo. Su amplio abanico de sabores procede de la excepcional a\u00f1ada de 1990. Esta edici\u00f3n limitada se extiende a s\u00f3lo 445 botellas. Descripci\u00f3n: Cuidadosamente seleccionada entre las m\u00e1s prestigiosas eaux-de-vie descubiertas por la casa Gautret, nuestra gama de Vintage Cognacs saca a la luz caracter\u00edsticas y crus excepcionales, revelando cada uno de ellos una faceta del saber hacer ancestral de los Maestros Bodegueros a lo largo de la historia de la marca. Cada serie est\u00e1 disponible en una edici\u00f3n estrictamente limitada y numerada, embotellada con la graduaci\u00f3n \u00f3ptima para la a\u00f1ada respectiva. Cada Vintage Cognac se envasa meticulosamente a mano en la emblem\u00e1tica botella de la marca. -una sustanciosa &#8220;cogna\u00e7aise&#8221; de vidrio extrablanco con profundo relieve, adornada con un medall\u00f3n de vidrio y el logotipo de Jules Gautret. Estas botellas est\u00e1n realzadas con serigraf\u00eda dorada sobre motivos fluidos y una etiqueta \u00fanica numerada en papel muy texturado, con la cosecha en relieve dorado. El sellado est\u00e1 garantizado por un corcho de primera calidad y cera aplicada manualmente. Estos excepcionales productos se presentan en una robusta caja de madera (10 mm de grosor), recubierta con capas de laca para preservar y realzar su aspecto con un profundo brillo. El interior est\u00e1 forrado con espuma de alta densidad recubierta de tela negra, que tambi\u00e9n incluye un tap\u00f3n de madera personalizado con los colores de la marca, dise\u00f1ado para su uso una vez abierto el producto, lo que aumenta el placer de su propietario.<\/p>\n<\/div>\n<\/div>\n<\/div>\n","protected":false},"featured_media":77399,"comment_status":"open","ping_status":"closed","template":"","meta":{"_acf_changed":false},"product_brand":[],"product_cat":[340,345,397],"product_tag":[],"class_list":{"0":"post-78629","1":"product","2":"type-product","3":"status-publish","4":"has-post-thumbnail","6":"product_cat-cognac-armagnac-brandy-es","7":"product_cat-bebidas-acoholicas-es","8":"product_cat-presentado","10":"first","11":"instock","12":"sale","13":"featured","14":"taxable","15":"shipping-taxable","16":"purchasable","17":"product-type-simple"},"acf":[],"aioseo_notices":[],"jetpack_sharing_enabled":true,"_links":{"self":[{"href":"https:\/\/whisky.ad\/es\/wp-json\/wp\/v2\/product\/78629","targetHints":{"allow":["GET"]}}],"collection":[{"href":"https:\/\/whisky.ad\/es\/wp-json\/wp\/v2\/product"}],"about":[{"href":"https:\/\/whisky.ad\/es\/wp-json\/wp\/v2\/types\/product"}],"replies":[{"embeddable":true,"href":"https:\/\/whisky.ad\/es\/wp-json\/wp\/v2\/comments?post=78629"}],"wp:featuredmedia":[{"embeddable":true,"href":"https:\/\/whisky.ad\/es\/wp-json\/wp\/v2\/media\/77399"}],"wp:attachment":[{"href":"https:\/\/whisky.ad\/es\/wp-json\/wp\/v2\/media?parent=78629"}],"wp:term":[{"taxonomy":"product_brand","embeddable":true,"href":"https:\/\/whisky.ad\/es\/wp-json\/wp\/v2\/product_brand?post=78629"},{"taxonomy":"product_cat","embeddable":true,"href":"https:\/\/whisky.ad\/es\/wp-json\/wp\/v2\/product_cat?post=78629"},{"taxonomy":"product_tag","embeddable":true,"href":"https:\/\/whisky.ad\/es\/wp-json\/wp\/v2\/product_tag?post=78629"}],"curies":[{"name":"wp","href":"https:\/\/api.w.org\/{rel}","templated":true}]}}