{"id":78626,"date":"2023-08-28T17:38:22","date_gmt":"2023-08-28T16:38:22","guid":{"rendered":"https:\/\/whisky.ad\/product\/cognac-jules-gautret-1982-0-7l-43-3\/"},"modified":"2023-08-28T17:38:22","modified_gmt":"2023-08-28T16:38:22","slug":"cognac-jules-gautret-1982-0-7l-43-3","status":"publish","type":"product","link":"https:\/\/whisky.ad\/es\/producto\/cognac-jules-gautret-1982-0-7l-43-3\/","title":{"rendered":"Cognac Jules Gautret 1982 0.7l. 43.3%"},"content":{"rendered":"","protected":false},"excerpt":{"rendered":"<div class=\"flex flex-grow flex-col gap-3 max-w-full\">\n<div class=\"min-h-[20px] flex flex-col items-start gap-3 overflow-x-auto whitespace-pre-wrap break-words\">\n<div class=\"markdown prose w-full break-words dark:prose-invert light\">\n<p>En apariencia, este co\u00f1ac de a\u00f1ada revela un bello y profundo tono marr\u00f3n-\u00e1mbar, reflejo de su considerable edad. Sus numerosos reflejos chispeantes irradian esplendor, evocando la impaciencia por probar por fin unas gotas. Su aroma, intenso y sorprendente, lleva notas de regaliz, puntuadas por sutiles toques amaderados. Cuando este co\u00f1ac entra por fin en el paladar, lo hace con una redondez y una longitud notables. Su edad se afirma con la presencia de vainilla y una ligera esencia de almendra. Esta edici\u00f3n muy limitada s\u00f3lo consta de 494 botellas. Descripci\u00f3n: Cuidadosamente seleccionada entre las m\u00e1s prestigiosas eaux-de-vie descubiertas por la casa Gautret, nuestra gama de Vintage Cognacs saca a la luz caracter\u00edsticas y crus excepcionales, cada uno de los cuales revela una faceta del saber hacer ancestral de los Maestros Bodegueros a lo largo de la historia de la marca. Cada serie est\u00e1 disponible en una edici\u00f3n estrictamente limitada y numerada, embotellada con la graduaci\u00f3n \u00f3ptima para la a\u00f1ada respectiva. Cada Vintage Cognac se envasa meticulosamente a mano en la botella emblem\u00e1tica de la marca: una importante &#8220;cogna\u00e7aise&#8221; de cristal extrablanco con un profundo relieve, adornada con un medall\u00f3n de cristal y el logotipo de Jules Gautret. Estas botellas se realzan con una serigraf\u00eda dorada sobre motivos fluidos y una etiqueta \u00fanica numerada en papel muy texturado, con la cosecha en relieve dorado. El sellado est\u00e1 garantizado por un corcho de primera calidad y cera aplicada manualmente. Estos excepcionales productos se presentan en una robusta caja de madera (10 mm de grosor), recubierta con capas de laca para preservar y realzar su aspecto con un profundo brillo. El interior est\u00e1 forrado con espuma de alta densidad recubierta de tela negra, que tambi\u00e9n incluye una tapa de madera personalizada con los colores de la marca, dise\u00f1ada para utilizarse una vez abierto el producto, lo que aumenta el placer de su propietario. <\/p>\n<\/div>\n<\/div>\n<\/div>\n","protected":false},"featured_media":77396,"comment_status":"open","ping_status":"closed","template":"","meta":{"_acf_changed":false},"product_brand":[],"product_cat":[340,345],"product_tag":[],"class_list":{"0":"post-78626","1":"product","2":"type-product","3":"status-publish","4":"has-post-thumbnail","6":"product_cat-cognac-armagnac-brandy-es","7":"product_cat-bebidas-acoholicas-es","9":"first","10":"instock","11":"taxable","12":"shipping-taxable","13":"purchasable","14":"product-type-simple"},"acf":[],"aioseo_notices":[],"jetpack_sharing_enabled":true,"_links":{"self":[{"href":"https:\/\/whisky.ad\/es\/wp-json\/wp\/v2\/product\/78626","targetHints":{"allow":["GET"]}}],"collection":[{"href":"https:\/\/whisky.ad\/es\/wp-json\/wp\/v2\/product"}],"about":[{"href":"https:\/\/whisky.ad\/es\/wp-json\/wp\/v2\/types\/product"}],"replies":[{"embeddable":true,"href":"https:\/\/whisky.ad\/es\/wp-json\/wp\/v2\/comments?post=78626"}],"wp:featuredmedia":[{"embeddable":true,"href":"https:\/\/whisky.ad\/es\/wp-json\/wp\/v2\/media\/77396"}],"wp:attachment":[{"href":"https:\/\/whisky.ad\/es\/wp-json\/wp\/v2\/media?parent=78626"}],"wp:term":[{"taxonomy":"product_brand","embeddable":true,"href":"https:\/\/whisky.ad\/es\/wp-json\/wp\/v2\/product_brand?post=78626"},{"taxonomy":"product_cat","embeddable":true,"href":"https:\/\/whisky.ad\/es\/wp-json\/wp\/v2\/product_cat?post=78626"},{"taxonomy":"product_tag","embeddable":true,"href":"https:\/\/whisky.ad\/es\/wp-json\/wp\/v2\/product_tag?post=78626"}],"curies":[{"name":"wp","href":"https:\/\/api.w.org\/{rel}","templated":true}]}}