{"id":78623,"date":"2023-08-28T17:28:26","date_gmt":"2023-08-28T16:28:26","guid":{"rendered":"https:\/\/whisky.ad\/product\/cognac-jules-gautret-1970-0-7l-42-1\/"},"modified":"2023-08-28T17:28:26","modified_gmt":"2023-08-28T16:28:26","slug":"cognac-jules-gautret-1970-0-7l-42-1","status":"publish","type":"product","link":"https:\/\/whisky.ad\/es\/producto\/cognac-jules-gautret-1970-0-7l-42-1\/","title":{"rendered":"Cognac Jules Gautret 1970 0.7l 42.1%"},"content":{"rendered":"","protected":false},"excerpt":{"rendered":"<div class=\"flex flex-grow flex-col gap-3 max-w-full\">\n<div class=\"min-h-[20px] flex flex-col items-start gap-3 overflow-x-auto whitespace-pre-wrap break-words\">\n<div class=\"markdown prose w-full break-words dark:prose-invert light\">\n<p>En apariencia, este co\u00f1ac de a\u00f1ada desvela un bello y profundo manto marr\u00f3n-\u00e1mbar, representativo de su considerable edad. Sus numerosos reflejos chispeantes desprenden esplendor y despiertan la expectaci\u00f3n de las primeras sensaciones en el paladar. Su aroma, agradablemente amaderado y con sutiles toques de caramelo, permite adivinar su car\u00e1cter. Por \u00faltimo, cuando este co\u00f1ac acaricia sus papilas gustativas, lo hace con una fuerza dominante, revelando sabores que s\u00f3lo su edad iguala. Encontrar\u00e1 notas de caramelo y pastas de frutas, que se prolongan en un final extraordinario. Esta edici\u00f3n altamente limitada se extiende a s\u00f3lo 747 botellas. Descripci\u00f3n: Cuidadosamente seleccionada entre las m\u00e1s prestigiosas eaux-de-vie descubiertas por la casa Gautret, nuestra gama de Vintage Cognacs saca a la luz caracter\u00edsticas y crus excepcionales, revelando cada uno de ellos una faceta del saber hacer ancestral de los Maestros Bodegueros a lo largo de la historia de la marca. Cada serie est\u00e1 disponible en una edici\u00f3n estrictamente limitada y numerada, embotellada con la graduaci\u00f3n \u00f3ptima para la a\u00f1ada respectiva. Cada Vintage Cognac se envasa meticulosamente a mano en la botella emblem\u00e1tica de la marca: una &#8220;cogna\u00e7aise&#8221; de cristal extrablanco con un profundo relieve, adornada con un medall\u00f3n de cristal y el logotipo de Jules Gautret. Estas botellas se realzan con una serigraf\u00eda dorada sobre motivos fluidos y una etiqueta \u00fanica numerada en papel muy texturado, con la cosecha en relieve dorado. El sellado est\u00e1 garantizado por un corcho de primera calidad y cera aplicada manualmente. Estos excepcionales productos se presentan en una robusta caja de madera (10 mm de grosor), recubierta con capas de laca para preservar y realzar su aspecto con un profundo brillo. El interior est\u00e1 forrado con espuma de alta densidad recubierta de tela negra, que tambi\u00e9n incluye un tap\u00f3n de madera personalizado con los colores de la marca, dise\u00f1ado para utilizarlo una vez abierto el producto, lo que a\u00f1ade placer a su propietario. <\/p>\n<\/div>\n<\/div>\n<\/div>\n","protected":false},"featured_media":77393,"comment_status":"open","ping_status":"closed","template":"","meta":{"_acf_changed":false},"product_brand":[],"product_cat":[340,345],"product_tag":[],"class_list":{"0":"post-78623","1":"product","2":"type-product","3":"status-publish","4":"has-post-thumbnail","6":"product_cat-cognac-armagnac-brandy-es","7":"product_cat-bebidas-acoholicas-es","9":"first","10":"instock","11":"taxable","12":"shipping-taxable","13":"purchasable","14":"product-type-simple"},"acf":[],"aioseo_notices":[],"jetpack_sharing_enabled":true,"_links":{"self":[{"href":"https:\/\/whisky.ad\/es\/wp-json\/wp\/v2\/product\/78623","targetHints":{"allow":["GET"]}}],"collection":[{"href":"https:\/\/whisky.ad\/es\/wp-json\/wp\/v2\/product"}],"about":[{"href":"https:\/\/whisky.ad\/es\/wp-json\/wp\/v2\/types\/product"}],"replies":[{"embeddable":true,"href":"https:\/\/whisky.ad\/es\/wp-json\/wp\/v2\/comments?post=78623"}],"wp:featuredmedia":[{"embeddable":true,"href":"https:\/\/whisky.ad\/es\/wp-json\/wp\/v2\/media\/77393"}],"wp:attachment":[{"href":"https:\/\/whisky.ad\/es\/wp-json\/wp\/v2\/media?parent=78623"}],"wp:term":[{"taxonomy":"product_brand","embeddable":true,"href":"https:\/\/whisky.ad\/es\/wp-json\/wp\/v2\/product_brand?post=78623"},{"taxonomy":"product_cat","embeddable":true,"href":"https:\/\/whisky.ad\/es\/wp-json\/wp\/v2\/product_cat?post=78623"},{"taxonomy":"product_tag","embeddable":true,"href":"https:\/\/whisky.ad\/es\/wp-json\/wp\/v2\/product_tag?post=78623"}],"curies":[{"name":"wp","href":"https:\/\/api.w.org\/{rel}","templated":true}]}}