{"id":78620,"date":"2023-08-28T17:00:34","date_gmt":"2023-08-28T16:00:34","guid":{"rendered":"https:\/\/whisky.ad\/product\/cognac-jules-gautret-10yo-0-7l-40\/"},"modified":"2023-08-28T17:00:34","modified_gmt":"2023-08-28T16:00:34","slug":"cognac-jules-gautret-10yo-0-7l-40","status":"publish","type":"product","link":"https:\/\/whisky.ad\/es\/producto\/cognac-jules-gautret-10yo-0-7l-40\/","title":{"rendered":"Cognac Jules Gautret 10yo 0.7l 40%"},"content":{"rendered":"","protected":false},"excerpt":{"rendered":"<div class=\"flex flex-grow flex-col gap-3 max-w-full\">\n<div class=\"min-h-[20px] flex flex-col items-start gap-3 overflow-x-auto whitespace-pre-wrap break-words\">\n<div class=\"markdown prose w-full break-words dark:prose-invert light\">\n<p>Elaborado por Jules Gautret, este co\u00f1ac XO se somete a un proceso de maduraci\u00f3n de una d\u00e9cada en barricas de roble, lo que da como resultado una impresionante fusi\u00f3n de profundos matices amaderados y vibrantes notas afrutadas. Fundada en 1847, la Casa de Co\u00f1ac Jules Gautret cuenta con un legado hist\u00f3rico en el arte de la producci\u00f3n de co\u00f1ac. Esta expresi\u00f3n XO es perfecta para quienes buscan un capricho refinado despu\u00e9s de la cena. Al degustarlo, le espera un bouquet arom\u00e1tico de frutas florales entremezcladas con suaves ondas de vainilla dulce, un aterciopelado abrazo de especias de roble mantecoso y la deliciosa esencia de nueces caramelizadas. La experiencia se enriquece a\u00fan m\u00e1s con la presencia de nuez moscada y canela, proporcionando una armoniosa sinfon\u00eda de sabores.  <\/p>\n<\/div>\n<\/div>\n<\/div>\n","protected":false},"featured_media":77384,"comment_status":"open","ping_status":"closed","template":"","meta":{"_acf_changed":false},"product_brand":[],"product_cat":[340,345],"product_tag":[],"class_list":{"0":"post-78620","1":"product","2":"type-product","3":"status-publish","4":"has-post-thumbnail","6":"product_cat-cognac-armagnac-brandy-es","7":"product_cat-bebidas-acoholicas-es","9":"first","10":"instock","11":"taxable","12":"shipping-taxable","13":"purchasable","14":"product-type-simple"},"acf":[],"aioseo_notices":[],"jetpack_sharing_enabled":true,"_links":{"self":[{"href":"https:\/\/whisky.ad\/es\/wp-json\/wp\/v2\/product\/78620","targetHints":{"allow":["GET"]}}],"collection":[{"href":"https:\/\/whisky.ad\/es\/wp-json\/wp\/v2\/product"}],"about":[{"href":"https:\/\/whisky.ad\/es\/wp-json\/wp\/v2\/types\/product"}],"replies":[{"embeddable":true,"href":"https:\/\/whisky.ad\/es\/wp-json\/wp\/v2\/comments?post=78620"}],"wp:featuredmedia":[{"embeddable":true,"href":"https:\/\/whisky.ad\/es\/wp-json\/wp\/v2\/media\/77384"}],"wp:attachment":[{"href":"https:\/\/whisky.ad\/es\/wp-json\/wp\/v2\/media?parent=78620"}],"wp:term":[{"taxonomy":"product_brand","embeddable":true,"href":"https:\/\/whisky.ad\/es\/wp-json\/wp\/v2\/product_brand?post=78620"},{"taxonomy":"product_cat","embeddable":true,"href":"https:\/\/whisky.ad\/es\/wp-json\/wp\/v2\/product_cat?post=78620"},{"taxonomy":"product_tag","embeddable":true,"href":"https:\/\/whisky.ad\/es\/wp-json\/wp\/v2\/product_tag?post=78620"}],"curies":[{"name":"wp","href":"https:\/\/api.w.org\/{rel}","templated":true}]}}