{"id":78610,"date":"2023-08-29T17:48:43","date_gmt":"2023-08-29T16:48:43","guid":{"rendered":"https:\/\/whisky.ad\/product\/cognac-ae-dor-vsop-8yo-0-7l-40\/"},"modified":"2023-08-29T17:48:43","modified_gmt":"2023-08-29T16:48:43","slug":"cognac-ae-dor-vsop-8yo-0-7l-40","status":"publish","type":"product","link":"https:\/\/whisky.ad\/es\/producto\/cognac-ae-dor-vsop-8yo-0-7l-40\/","title":{"rendered":"Cognac AE DOR VSOP 8yo 0.7L. 40%"},"content":{"rendered":"","protected":false},"excerpt":{"rendered":"<div class=\"flex flex-grow flex-col gap-3 max-w-full\">\n<div class=\"min-h-[20px] flex flex-col items-start gap-3 overflow-x-auto whitespace-pre-wrap break-words\">\n<div class=\"markdown prose w-full break-words dark:prose-invert light\">\n<p>Generoso y con un agradable bouquet, que presenta un toque floral de violeta, aroma de nuez y un suave toque de miel en nariz. En boca es largo y delicado, gracias a la mezcla de los dos mejores crus de co\u00f1ac: Grande Champagne y Petite Champagne, que le confieren una ligera suavidad. Envejecido en bodega h\u00fameda. Tipo de producto: Co\u00f1ac Porcentaje de alcohol: 40% Variedad de uva: Ugni Blanc Color: Robe Brillante Edad: 8 a\u00f1os Denominaciones: Champagne Fino Tipo de Bodega: H\u00fameda Temperatura de Servicio: ~ 16\u00b0C a 20\u00b0C Piernas: Abundante Textura: Almibarado Nariz: Floral Nariz inicial: Complejo, Suave, Equilibrado Segunda nariz: Muy floral, Notas de violeta, Nuez, Notas de miel Entrada en boca: Delicado, Gran bouquet Final: Persistente Aromas: Notas de caramelo, Notas especiadas, Violeta  <\/p>\n<\/div>\n<\/div>\n<\/div>\n<div class=\"flex justify-between lg:block\">\n<div class=\"text-gray-400 flex self-end lg:self-center justify-center mt-2 gap-2 md:gap-3 lg:gap-1 lg:absolute lg:top-0 lg:translate-x-full lg:right-0 lg:mt-0 lg:pl-2 visible\"><\/div>\n<\/div>\n","protected":false},"featured_media":78607,"comment_status":"open","ping_status":"closed","template":"","meta":{"_acf_changed":false},"product_brand":[],"product_cat":[345],"product_tag":[],"class_list":{"0":"post-78610","1":"product","2":"type-product","3":"status-publish","4":"has-post-thumbnail","6":"product_cat-bebidas-acoholicas-es","8":"first","9":"instock","10":"taxable","11":"shipping-taxable","12":"purchasable","13":"product-type-simple"},"acf":[],"aioseo_notices":[],"jetpack_sharing_enabled":true,"_links":{"self":[{"href":"https:\/\/whisky.ad\/es\/wp-json\/wp\/v2\/product\/78610","targetHints":{"allow":["GET"]}}],"collection":[{"href":"https:\/\/whisky.ad\/es\/wp-json\/wp\/v2\/product"}],"about":[{"href":"https:\/\/whisky.ad\/es\/wp-json\/wp\/v2\/types\/product"}],"replies":[{"embeddable":true,"href":"https:\/\/whisky.ad\/es\/wp-json\/wp\/v2\/comments?post=78610"}],"wp:featuredmedia":[{"embeddable":true,"href":"https:\/\/whisky.ad\/es\/wp-json\/wp\/v2\/media\/78607"}],"wp:attachment":[{"href":"https:\/\/whisky.ad\/es\/wp-json\/wp\/v2\/media?parent=78610"}],"wp:term":[{"taxonomy":"product_brand","embeddable":true,"href":"https:\/\/whisky.ad\/es\/wp-json\/wp\/v2\/product_brand?post=78610"},{"taxonomy":"product_cat","embeddable":true,"href":"https:\/\/whisky.ad\/es\/wp-json\/wp\/v2\/product_cat?post=78610"},{"taxonomy":"product_tag","embeddable":true,"href":"https:\/\/whisky.ad\/es\/wp-json\/wp\/v2\/product_tag?post=78610"}],"curies":[{"name":"wp","href":"https:\/\/api.w.org\/{rel}","templated":true}]}}