{"id":78603,"date":"2023-08-29T18:13:30","date_gmt":"2023-08-29T17:13:30","guid":{"rendered":"https:\/\/whisky.ad\/product\/cognac-ae-dor-vielle-reserve-no-9-1914-grande-champagne-0-7l-40\/"},"modified":"2023-08-29T18:13:30","modified_gmt":"2023-08-29T17:13:30","slug":"cognac-ae-dor-vielle-reserve-no-9-1914-grande-champagne-0-7l-40","status":"publish","type":"product","link":"https:\/\/whisky.ad\/es\/producto\/cognac-ae-dor-vielle-reserve-no-9-1914-grande-champagne-0-7l-40\/","title":{"rendered":"Cognac AE DOR Vielle Reserve no.9 1914 Grande Champagne 0.7l 40%"},"content":{"rendered":"","protected":false},"excerpt":{"rendered":"<div class=\"flex flex-grow flex-col gap-3 max-w-full\">\n<div class=\"min-h-[20px] flex flex-col items-start gap-3 overflow-x-auto whitespace-pre-wrap break-words\">\n<div class=\"markdown prose w-full break-words dark:prose-invert light\">\n<p>Seleccionado por el Sr. DENIEUL DOR, este reserva es raro y excepcional por su edad y sus cualidades. Constituye un lote limitado almacenado en unas pocas damajuanas. Despu\u00e9s de m\u00e1s de medio siglo en barricas, se sell\u00f3 bajo vidrio en una damajuana. Su graduaci\u00f3n alcoh\u00f3lica, 40% vol., es el resultado de un envejecimiento muy prolongado y de la evaporaci\u00f3n correspondiente. Su caracter\u00edstico sabor a &#8220;rancio&#8221; es muy apreciado por los entendidos. Este sabor tambi\u00e9n sirve como prueba de su autenticidad, ilustrando su personalidad. Este VIEILLE R\u00c9SERVE N\u00b09 forma parte del &#8220;Para\u00edso&#8221; de A.E. DOR, junto a los famosos Grandes Champagnes muy antiguos del siglo XIX.<\/p>\n<p>Tipo de producto: Co\u00f1ac Porcentaje de alcohol: 40% Variedad de uva: Ugni Blanc Color: Robe Brillante Edad: Contiene Eaux-de-vie de 1914 Appellations: Fins Bois, Grande Champagne Tipo de bodega: H\u00fameda Temperatura de servicio: ~ 16\u00b0C a 20\u00b0C Piernas: Abundante Textura: Almibarado Nariz: Rancio Aromas: Rancio.<\/p>\n<\/div>\n<\/div>\n<\/div>\n","protected":false},"featured_media":77495,"comment_status":"open","ping_status":"closed","template":"","meta":{"_acf_changed":false},"product_brand":[],"product_cat":[339,340,345],"product_tag":[],"class_list":{"0":"post-78603","1":"product","2":"type-product","3":"status-publish","4":"has-post-thumbnail","6":"product_cat-raro-y-coleccionable","7":"product_cat-cognac-armagnac-brandy-es","8":"product_cat-bebidas-acoholicas-es","10":"first","11":"instock","12":"taxable","13":"shipping-taxable","14":"product-type-simple"},"acf":[],"aioseo_notices":[],"jetpack_sharing_enabled":true,"_links":{"self":[{"href":"https:\/\/whisky.ad\/es\/wp-json\/wp\/v2\/product\/78603","targetHints":{"allow":["GET"]}}],"collection":[{"href":"https:\/\/whisky.ad\/es\/wp-json\/wp\/v2\/product"}],"about":[{"href":"https:\/\/whisky.ad\/es\/wp-json\/wp\/v2\/types\/product"}],"replies":[{"embeddable":true,"href":"https:\/\/whisky.ad\/es\/wp-json\/wp\/v2\/comments?post=78603"}],"wp:featuredmedia":[{"embeddable":true,"href":"https:\/\/whisky.ad\/es\/wp-json\/wp\/v2\/media\/77495"}],"wp:attachment":[{"href":"https:\/\/whisky.ad\/es\/wp-json\/wp\/v2\/media?parent=78603"}],"wp:term":[{"taxonomy":"product_brand","embeddable":true,"href":"https:\/\/whisky.ad\/es\/wp-json\/wp\/v2\/product_brand?post=78603"},{"taxonomy":"product_cat","embeddable":true,"href":"https:\/\/whisky.ad\/es\/wp-json\/wp\/v2\/product_cat?post=78603"},{"taxonomy":"product_tag","embeddable":true,"href":"https:\/\/whisky.ad\/es\/wp-json\/wp\/v2\/product_tag?post=78603"}],"curies":[{"name":"wp","href":"https:\/\/api.w.org\/{rel}","templated":true}]}}