{"id":78591,"date":"2023-08-29T18:07:35","date_gmt":"2023-08-29T17:07:35","guid":{"rendered":"https:\/\/whisky.ad\/product\/cognac-ae-dor-vielle-reserve-no-8-45yo-grande-champagne-0-7l-47\/"},"modified":"2023-08-29T18:07:35","modified_gmt":"2023-08-29T17:07:35","slug":"cognac-ae-dor-vielle-reserve-no-8-45yo-grande-champagne-0-7l-47","status":"publish","type":"product","link":"https:\/\/whisky.ad\/es\/producto\/cognac-ae-dor-vielle-reserve-no-8-45yo-grande-champagne-0-7l-47\/","title":{"rendered":"Cognac AE DOR Vielle Reserve no.8 45yo Grande Champagne 0.7l 47%"},"content":{"rendered":"","protected":false},"excerpt":{"rendered":"<div class=\"flex flex-grow flex-col gap-3 max-w-full\">\n<div class=\"min-h-[20px] flex flex-col items-start gap-3 overflow-x-auto whitespace-pre-wrap break-words\">\n<div class=\"markdown prose w-full break-words dark:prose-invert light\">\n<p>Sorprendentemente fresco. El Vieille R\u00e9serve N\u00b08 no muestra agresividad en el paladar, a pesar de su elevado contenido alcoh\u00f3lico. Este privilegio es el resultado de un envejecimiento prolongado en barricas de roble y de una evaporaci\u00f3n y oxidaci\u00f3n lentas en condiciones \u00f3ptimas. Tipo de producto: Co\u00f1ac Porcentaje de alcohol: 47% Variedad de uva: Ugni Blanc Color: Robe Brillante Edad:  <\/p>\n<p> &gt; 45 a\u00f1os Denominaciones: Grande Champagne Tipo de bodega: Seco Temperatura de servicio: ~ 16\u00b0C a 20\u00b0C Piernas: Abundante Textura: Almibarado Nariz: Notas de caramelo Nariz inicial: Caramelo, Frutas ligeramente compotadas Segunda nariz: Vainilla, Ligeramente mantecoso Entrada en boca: Refrescante, Ligero dulzor, Casi suave Final: Persistente Aromas: Canela, Rancio sutil, Especias intensas.<\/p>\n<\/div>\n<\/div>\n<\/div>\n","protected":false},"featured_media":77492,"comment_status":"open","ping_status":"closed","template":"","meta":{"_acf_changed":false},"product_brand":[],"product_cat":[339,340,345],"product_tag":[],"class_list":{"0":"post-78591","1":"product","2":"type-product","3":"status-publish","4":"has-post-thumbnail","6":"product_cat-raro-y-coleccionable","7":"product_cat-cognac-armagnac-brandy-es","8":"product_cat-bebidas-acoholicas-es","10":"first","11":"instock","12":"taxable","13":"shipping-taxable","14":"purchasable","15":"product-type-simple"},"acf":[],"aioseo_notices":[],"jetpack_sharing_enabled":true,"_links":{"self":[{"href":"https:\/\/whisky.ad\/es\/wp-json\/wp\/v2\/product\/78591","targetHints":{"allow":["GET"]}}],"collection":[{"href":"https:\/\/whisky.ad\/es\/wp-json\/wp\/v2\/product"}],"about":[{"href":"https:\/\/whisky.ad\/es\/wp-json\/wp\/v2\/types\/product"}],"replies":[{"embeddable":true,"href":"https:\/\/whisky.ad\/es\/wp-json\/wp\/v2\/comments?post=78591"}],"wp:featuredmedia":[{"embeddable":true,"href":"https:\/\/whisky.ad\/es\/wp-json\/wp\/v2\/media\/77492"}],"wp:attachment":[{"href":"https:\/\/whisky.ad\/es\/wp-json\/wp\/v2\/media?parent=78591"}],"wp:term":[{"taxonomy":"product_brand","embeddable":true,"href":"https:\/\/whisky.ad\/es\/wp-json\/wp\/v2\/product_brand?post=78591"},{"taxonomy":"product_cat","embeddable":true,"href":"https:\/\/whisky.ad\/es\/wp-json\/wp\/v2\/product_cat?post=78591"},{"taxonomy":"product_tag","embeddable":true,"href":"https:\/\/whisky.ad\/es\/wp-json\/wp\/v2\/product_tag?post=78591"}],"curies":[{"name":"wp","href":"https:\/\/api.w.org\/{rel}","templated":true}]}}