{"id":78588,"date":"2023-08-29T18:04:46","date_gmt":"2023-08-29T17:04:46","guid":{"rendered":"https:\/\/whisky.ad\/product\/cognac-ae-dor-vielle-reserve-no-7-40yo-grande-champagne-0-7l-42\/"},"modified":"2023-08-29T18:04:46","modified_gmt":"2023-08-29T17:04:46","slug":"cognac-ae-dor-vielle-reserve-no-7-40yo-grande-champagne-0-7l-42","status":"publish","type":"product","link":"https:\/\/whisky.ad\/es\/producto\/cognac-ae-dor-vielle-reserve-no-7-40yo-grande-champagne-0-7l-42\/","title":{"rendered":"Cognac AE DOR Vielle Reserve no.7 40yo Grande Champagne 0.7l 42%"},"content":{"rendered":"","protected":false},"excerpt":{"rendered":"<div class=\"flex flex-grow flex-col gap-3 max-w-full\">\n<div class=\"min-h-[20px] flex flex-col items-start gap-3 overflow-x-auto whitespace-pre-wrap break-words\">\n<div class=\"markdown prose w-full break-words dark:prose-invert light\">\n<p>Una nariz masculina y robusta. Este co\u00f1ac est\u00e1 especialmente recomendado para entendidos. Presume de una entrada en boca potente que sorprende a muchos. Se afina en el paladar del degustador, que se deleita con la redondez y la distinci\u00f3n de este co\u00f1ac. Procede principalmente del Grande Champagne cru. Tipo de producto: Co\u00f1ac Porcentaje de alcohol: 42% Variedad de uva: Ugni Blanc Color: Robe Brillante Edad:    <\/p>\n<p> &gt; 40 a\u00f1os Denominaciones: Grande Champagne Tipo de bodega: Seco Temperatura de servicio: ~ 16\u00b0C a 20\u00b0C Piernas: Abundante Textura: Almibarado Nariz: Compleja, Masculina Nariz Inicial: Viril, Ardiente Segunda Nariz: Caramelo Entrada en boca: Redondo, Potente Final: Persistente Aromas: Rancio sutil, Ligeramente correoso, Persistente.<\/p>\n<\/div>\n<\/div>\n<\/div>\n","protected":false},"featured_media":77489,"comment_status":"open","ping_status":"closed","template":"","meta":{"_acf_changed":false},"product_brand":[],"product_cat":[339,340,345],"product_tag":[],"class_list":{"0":"post-78588","1":"product","2":"type-product","3":"status-publish","4":"has-post-thumbnail","6":"product_cat-raro-y-coleccionable","7":"product_cat-cognac-armagnac-brandy-es","8":"product_cat-bebidas-acoholicas-es","10":"first","11":"instock","12":"taxable","13":"shipping-taxable","14":"purchasable","15":"product-type-simple"},"acf":[],"aioseo_notices":[],"jetpack_sharing_enabled":true,"_links":{"self":[{"href":"https:\/\/whisky.ad\/es\/wp-json\/wp\/v2\/product\/78588","targetHints":{"allow":["GET"]}}],"collection":[{"href":"https:\/\/whisky.ad\/es\/wp-json\/wp\/v2\/product"}],"about":[{"href":"https:\/\/whisky.ad\/es\/wp-json\/wp\/v2\/types\/product"}],"replies":[{"embeddable":true,"href":"https:\/\/whisky.ad\/es\/wp-json\/wp\/v2\/comments?post=78588"}],"wp:featuredmedia":[{"embeddable":true,"href":"https:\/\/whisky.ad\/es\/wp-json\/wp\/v2\/media\/77489"}],"wp:attachment":[{"href":"https:\/\/whisky.ad\/es\/wp-json\/wp\/v2\/media?parent=78588"}],"wp:term":[{"taxonomy":"product_brand","embeddable":true,"href":"https:\/\/whisky.ad\/es\/wp-json\/wp\/v2\/product_brand?post=78588"},{"taxonomy":"product_cat","embeddable":true,"href":"https:\/\/whisky.ad\/es\/wp-json\/wp\/v2\/product_cat?post=78588"},{"taxonomy":"product_tag","embeddable":true,"href":"https:\/\/whisky.ad\/es\/wp-json\/wp\/v2\/product_tag?post=78588"}],"curies":[{"name":"wp","href":"https:\/\/api.w.org\/{rel}","templated":true}]}}